{"id":11,"date":"2022-10-18T04:09:48","date_gmt":"2022-10-18T04:09:48","guid":{"rendered":"http:\/\/demo.giraf.vn\/?page_id=11"},"modified":"2023-05-03T09:03:25","modified_gmt":"2023-05-03T02:03:25","slug":"trach-nhiem","status":"publish","type":"page","link":"https:\/\/timbamsinhtphcm.vn\/en\/trach-nhiem\/","title":{"rendered":"Terms of Use"},"content":{"rendered":"<div class=\"vc_row wpb_row vc_row-fluid\"><div class=\"wpb_column vc_column_container vc_col-sm-12\"><div class=\"vc_column-inner\"><div class=\"wpb_wrapper\">\n\t<div class=\"wpb_text_column wpb_content_element\" >\n\t\t<div class=\"wpb_wrapper\">\n\t\t\t<p><strong>Th\u00f4ng tin tr\u00ean website n\u00e0y ph\u1ee5c v\u1ee5 m\u1ee5c ti\u00eau truy\u1ec1n th\u00f4ng c\u1ee7a Li\u00ean chi h\u1ed9i Tim m\u1ea1ch nhi v\u00e0 Tim b\u1ea9m sinh TP.HCM:<\/strong><\/p>\n<p><strong>1) C\u1eadp nh\u1eadt ki\u1ebfn th\u1ee9c v\u00e0 hu\u1ea5n luy\u1ec7n chuy\u00ean m\u00f4n<\/strong> cho c\u00e1c b\u00e1c s\u0129 quan t\u00e2m \u0111\u1ebfn l\u0129nh v\u1ef1c tim m\u1ea1ch nhi v\u00e0 tim b\u1ea9m sinh, \u0111\u1eb7c bi\u1ec7t l\u00e0 nh\u1eefng h\u1ed9i vi\u00ean c\u1ee7a li\u00ean chi h\u1ed9i.<\/p>\n<p><strong>2) Ho\u1ea1t \u0111\u1ed9ng h\u01b0\u1edbng v\u1ec1 c\u1ed9ng \u0111\u1ed3ng<\/strong> c\u1ee7a li\u00ean chi h\u1ed9i (nh\u01b0 kh\u00e1m t\u1ea7m so\u00e1t, \u0111i\u1ec1u tr\u1ecb b\u1ec7nh tim b\u1ea9m sinh mi\u1ec5n ph\u00ed cho tr\u1ebb c\u00f3 ho\u00e0n c\u1ea3nh kh\u00f3 kh\u0103n).<\/p>\n<p><strong>3)<\/strong> <strong>N\u00e2ng cao ki\u1ebfn th\u1ee9c v\u00e0 nh\u1eadn th\u1ee9c c\u1ed9ng \u0111\u1ed3ng<\/strong> v\u1ec1 b\u1ec7nh tim m\u1ea1ch nhi, b\u1ec7nh tim b\u1ea9m sinh c\u0169ng nh\u01b0 c\u00e1c gi\u1ea3i ph\u00e1p \u0111i\u1ec1u tr\u1ecb v\u00e0 ph\u00f2ng ng\u1eeba c\u00e1c lo\u1ea1i b\u1ec7nh n\u00e0y.<\/p>\n<p>T\u1ea5t c\u1ea3 nh\u1eefng th\u00f4ng tin tr\u00ean website <strong>kh\u00f4ng thay th\u1ebf<\/strong> cho vi\u1ec7c kh\u00e1m b\u1ec7nh, ch\u1ea9n \u0111o\u00e1n v\u00e0 \u0111i\u1ec1u tr\u1ecb \u0111\u01b0\u1ee3c th\u1ef1c hi\u1ec7n b\u1edfi c\u00e1c b\u00e1c s\u0129 chuy\u00ean ng\u00e0nh tim m\u1ea1ch nhi v\u00e0 tim b\u1ea9m sinh. N\u1ebfu b\u1ea1n ngh\u0129 r\u1eb1ng b\u1ea1n, ng\u01b0\u1eddi th\u00e2n ho\u1eb7c b\u1ea5t k\u1ef3 ai kh\u00e1c c\u00f3 c\u00e1c v\u1ea5n \u0111\u1ec1 s\u1ee9c kho\u1ebb nh\u01b0 m\u00f4 t\u1ea3 tr\u00ean website, t\u1ed1t nh\u1ea5t l\u00e0 b\u1ea1n ho\u1eb7c ng\u01b0\u1eddi \u0111\u00f3 h\u00e3y \u0111\u1ebfn ngay c\u01a1 s\u1edf y t\u1ebf \u0111\u1ec3 \u0111\u01b0\u1ee3c ki\u1ec3m tra, kh\u00f4ng n\u00ean t\u1ef1 \u00fd \u0111i\u1ec1u tr\u1ecb m\u00e0 kh\u00f4ng c\u00f3 s\u1ef1 gi\u00e1m s\u00e1t c\u1ee7a b\u00e1c s\u0129.<\/p>\n<p><strong>C\u0169ng c\u1ea7n l\u01b0u \u00fd:<\/strong> <strong>Li\u00ean chi h\u1ed9i Tim m\u1ea1ch nhi v\u00e0 Tim b\u1ea9m sinh TP.HCM kh\u00f4ng ch\u1ecbu tr\u00e1ch nhi\u1ec7m v\u1ec1 nh\u1eefng n\u1ed9i dung d\u1eabn ngu\u1ed3n t\u1eeb b\u00ean ngo\u00e0i v\u00e0 nh\u1eefng n\u1ed9i dung n\u00e0y c\u00f3 th\u1ec3 b\u1ecb xo\u00e1 b\u1ecf m\u00e0 kh\u00f4ng c\u1ea7n ph\u1ea3i th\u00f4ng b\u00e1o.<\/strong><\/p>\n\n\t\t<\/div>\n\t<\/div>\n<\/div><\/div><\/div><\/div>","protected":false},"excerpt":{"rendered":"Th\u00f4ng tin tr\u00ean website n\u00e0y ph\u1ee5c v\u1ee5 m\u1ee5c ti\u00eau truy\u1ec1n th\u00f4ng c\u1ee7a Li\u00ean chi h\u1ed9i Tim m\u1ea1ch nhi v\u00e0 Tim b\u1ea9m sinh TP.HCM: 1) C\u1eadp nh\u1eadt ki\u1ebfn th\u1ee9c v\u00e0 hu\u1ea5n luy\u1ec7n chuy\u00ean m\u00f4n cho c\u00e1c b\u00e1c s\u0129 quan t\u00e2m \u0111\u1ebfn l\u0129nh v\u1ef1c tim m\u1ea1ch nhi v\u00e0 tim b\u1ea9m sinh, \u0111\u1eb7c bi\u1ec7t l\u00e0 nh\u1eefng h\u1ed9i vi\u00ean [...]","protected":false},"author":1,"featured_media":0,"parent":0,"menu_order":0,"comment_status":"closed","ping_status":"closed","template":"","meta":{"footnotes":""},"_links":{"self":[{"href":"https:\/\/timbamsinhtphcm.vn\/en\/wp-json\/wp\/v2\/pages\/11"}],"collection":[{"href":"https:\/\/timbamsinhtphcm.vn\/en\/wp-json\/wp\/v2\/pages"}],"about":[{"href":"https:\/\/timbamsinhtphcm.vn\/en\/wp-json\/wp\/v2\/types\/page"}],"author":[{"embeddable":true,"href":"https:\/\/timbamsinhtphcm.vn\/en\/wp-json\/wp\/v2\/users\/1"}],"replies":[{"embeddable":true,"href":"https:\/\/timbamsinhtphcm.vn\/en\/wp-json\/wp\/v2\/comments?post=11"}],"version-history":[{"count":8,"href":"https:\/\/timbamsinhtphcm.vn\/en\/wp-json\/wp\/v2\/pages\/11\/revisions"}],"predecessor-version":[{"id":1181,"href":"https:\/\/timbamsinhtphcm.vn\/en\/wp-json\/wp\/v2\/pages\/11\/revisions\/1181"}],"wp:attachment":[{"href":"https:\/\/timbamsinhtphcm.vn\/en\/wp-json\/wp\/v2\/media?parent=11"}],"curies":[{"name":"wp","href":"https:\/\/api.w.org\/{rel}","templated":true}]}}