{"id":128,"date":"2022-10-19T14:45:16","date_gmt":"2022-10-19T07:45:16","guid":{"rendered":"http:\/\/demo.giraf.vn\/?page_id=128"},"modified":"2023-08-08T09:46:13","modified_gmt":"2023-08-08T02:46:13","slug":"di-tat-tim-bam-sinh-tre-em-a-z","status":"publish","type":"page","link":"https:\/\/timbamsinhtphcm.vn\/en\/danh-cho-benh-nhan\/di-tat-tim-bam-sinh-tre-em-a-z\/","title":{"rendered":"Pediatric Congenital Heart Defects (CHD) A \u2013 Z"},"content":{"rendered":"<p>Thu\u1eadt ng\u1eef \u201cb\u1ea9m sinh\u201d ngh\u0129a l\u00e0 \u201cc\u00f3 khi l\u00fac sinh ra\u201d. C\u00e1ch g\u1ecdi \u201cd\u1ecb t\u1eadt tim b\u1ea9m sinh\u201d hay \u201cb\u1ec7nh tim b\u1ea9m sinh\u201d th\u01b0\u1eddng c\u00f3 ngh\u0129a nh\u01b0 nhau, nh\u01b0ng g\u1ecdi \u201cd\u1ecb t\u1eadt\u201d ch\u00ednh x\u00e1c h\u01a1n.<\/p>\n<p>Th\u1ef1c t\u1ebf th\u00ec nh\u1eefng v\u1ea5n \u0111\u1ec1 s\u1ee9c kho\u1ebb tim b\u1ea9m sinh l\u00e0 m\u1ed9t d\u1ea1ng \u201cd\u1ecb t\u1eadt\u201d hay \u201cb\u1ea5t th\u01b0\u1eddng\u201d, kh\u00f4ng ph\u1ea3i l\u00e0 \u201cb\u1ec7nh\u201d. D\u1ecb t\u1eadt tim b\u1ea9m sinh g\u00e2y ra do tim, ho\u1eb7c nh\u1eefng m\u1ea1ch m\u00e1u g\u1ea7n tim, kh\u00f4ng ph\u00e1t tri\u1ec3n b\u00ecnh th\u01b0\u1eddng tr\u01b0\u1edbc khi sinh ra.<\/p>\n<p>Nh\u1eefng d\u1ecb t\u1eadt li\u1ec7t k\u00ea d\u01b0\u1edbi \u0111\u00e2y l\u00e0 d\u1ecb t\u1eadt tim th\u01b0\u1eddng g\u1eb7p nh\u1ea5t. N\u1ebfu em b\u00e9 \u0111\u01b0\u1ee3c ch\u1ea9n \u0111o\u00e1n m\u1eafc m\u1ed9t d\u1ecb t\u1eadt kh\u00f4ng c\u00f3 trong danh s\u00e1ch n\u00e0y, ch\u00fang t\u00f4i khuy\u00ean b\u1ea1n n\u00ean \u0111\u01b0a b\u00e9 g\u1eb7p m\u1ed9t chuy\u00ean gia v\u1ec1 tim m\u1ea1ch tim b\u1ea9m sinh \u0111\u1ec3 \u0111\u01b0\u1ee3c gi\u1ea3i th\u00edch r\u00f5 h\u01a1n.<\/p>\n<p>&#8211; <a href=\"https:\/\/timbamsinhtphcm.vn\/en\/khai-quat-ve-di-tat-tim-bam-sinh\/\">Understanding Congenital Heart Defects<\/a><\/p>\n<p>&#8211; D\u1ecb t\u1eadt tim b\u1ea9m sinh th\u01b0\u1eddng g\u1eb7p<\/p>\n<ul>\n<li><a href=\"https:\/\/timbamsinhtphcm.vn\/en\/bat-thuong-ebstein-di-dang-van-3-la\/\">B\u1ea5t th\u01b0\u1eddng Ebstein\u00a0<\/a><\/li>\n<li><a href=\"https:\/\/timbamsinhtphcm.vn\/en\/bat-thuong-tro-ve-tinh-mach-phoi-hoan-toan-tapvc-2\/\">B\u1ea5t th\u01b0\u1eddng tr\u1edf v\u1ec1 t\u0129nh m\u1ea1ch ph\u1ed5i ho\u00e0n to\u00e0n<\/a><\/li>\n<li><a href=\"https:\/\/timbamsinhtphcm.vn\/en\/chuyen-vi-dai-dong-mach-tga\/\">Chuy\u1ec3n v\u1ecb \u0111\u1ea1i \u0111\u1ed9ng m\u1ea1ch<\/a><\/li>\n<li><a href=\"https:\/\/timbamsinhtphcm.vn\/en\/con-ong-dong-mach\/\">C\u00f2n \u1ed1ng \u0111\u1ed9ng m\u1ea1ch<\/a><\/li>\n<li>H\u1eb9p \u0111\u1ed9ng m\u1ea1ch ph\u1ed5i<\/li>\n<li><a href=\"https:\/\/timbamsinhtphcm.vn\/en\/hep-eo-dong-mach-chu-coa\/\">H\u1eb9p eo \u0111\u1ed9ng m\u1ea1ch ch\u1ee7 (CoA)<\/a><\/li>\n<li>H\u1eb9p van \u0111\u1ed9ng m\u1ea1ch ph\u1ed5i<\/li>\n<li>H\u1ed9i ch\u1ee9ng Eisenmenger<\/li>\n<li>H\u1ed9i ch\u1ee9ng thi\u1ec3u s\u1ea3n th\u1ea5t tr\u00e1i<\/li>\n<li>K\u00eanh nh\u0129 th\u1ea5t to\u00e0n ph\u1ea7n (CAVC)<\/li>\n<li>Kh\u00f4ng l\u1ed7 van ba l\u00e1<\/li>\n<li>Teo van \u0111\u1ed9ng m\u1ea1ch ch\u1ee7 (AVS)<\/li>\n<li>Th\u00e2n chung \u0111\u1ed9ng m\u1ea1ch<\/li>\n<li><a href=\"https:\/\/timbamsinhtphcm.vn\/en\/danh-cho-benh-nhan\/di-tat-tim-bam-sinh-tre-em-a-z\/thong-lien-nhi-asd\/\">Th\u00f4ng li\u00ean nh\u0129 (ASD)<\/a><\/li>\n<li><a href=\"https:\/\/timbamsinhtphcm.vn\/en\/thong-lien-that\/\">Th\u00f4ng li\u00ean th\u1ea5t (VSD)<\/a><\/li>\n<li>Tim m\u1ed9t th\u1ea5t<\/li>\n<li><a href=\"https:\/\/timbamsinhtphcm.vn\/en\/tu-chung-fallot\/\">T\u1ee9 ch\u1ee9ng Fallot<\/a><\/li>\n<\/ul>\n<p><!--more--><\/p>\n<p><!--more--><\/p>","protected":false},"excerpt":{"rendered":"<p>Thu\u1eadt ng\u1eef \u201cb\u1ea9m sinh\u201d ngh\u0129a l\u00e0 \u201cc\u00f3 khi l\u00fac sinh ra\u201d. C\u00e1ch g\u1ecdi \u201cd\u1ecb t\u1eadt tim b\u1ea9m sinh\u201d hay \u201cb\u1ec7nh tim b\u1ea9m sinh\u201d th\u01b0\u1eddng c\u00f3 ngh\u0129a nh\u01b0 nhau, nh\u01b0ng g\u1ecdi \u201cd\u1ecb t\u1eadt\u201d ch\u00ednh x\u00e1c h\u01a1n. Th\u1ef1c t\u1ebf th\u00ec nh\u1eefng v\u1ea5n \u0111\u1ec1 s\u1ee9c kho\u1ebb tim b\u1ea9m sinh l\u00e0 m\u1ed9t d\u1ea1ng \u201cd\u1ecb t\u1eadt\u201d hay \u201cb\u1ea5t th\u01b0\u1eddng\u201d, kh\u00f4ng [&hellip;]<\/p>\n","protected":false},"author":1,"featured_media":0,"parent":35,"menu_order":0,"comment_status":"closed","ping_status":"closed","template":"","meta":{"footnotes":""},"_links":{"self":[{"href":"https:\/\/timbamsinhtphcm.vn\/en\/wp-json\/wp\/v2\/pages\/128"}],"collection":[{"href":"https:\/\/timbamsinhtphcm.vn\/en\/wp-json\/wp\/v2\/pages"}],"about":[{"href":"https:\/\/timbamsinhtphcm.vn\/en\/wp-json\/wp\/v2\/types\/page"}],"author":[{"embeddable":true,"href":"https:\/\/timbamsinhtphcm.vn\/en\/wp-json\/wp\/v2\/users\/1"}],"replies":[{"embeddable":true,"href":"https:\/\/timbamsinhtphcm.vn\/en\/wp-json\/wp\/v2\/comments?post=128"}],"version-history":[{"count":28,"href":"https:\/\/timbamsinhtphcm.vn\/en\/wp-json\/wp\/v2\/pages\/128\/revisions"}],"predecessor-version":[{"id":1752,"href":"https:\/\/timbamsinhtphcm.vn\/en\/wp-json\/wp\/v2\/pages\/128\/revisions\/1752"}],"up":[{"embeddable":true,"href":"https:\/\/timbamsinhtphcm.vn\/en\/wp-json\/wp\/v2\/pages\/35"}],"wp:attachment":[{"href":"https:\/\/timbamsinhtphcm.vn\/en\/wp-json\/wp\/v2\/media?parent=128"}],"curies":[{"name":"wp","href":"https:\/\/api.w.org\/{rel}","templated":true}]}}