{"id":1328,"date":"2023-05-13T10:14:46","date_gmt":"2023-05-13T03:14:46","guid":{"rendered":"http:\/\/demo.giraf.vn\/?page_id=1328"},"modified":"2023-12-18T15:07:50","modified_gmt":"2023-12-18T08:07:50","slug":"con-ong-dong-mach","status":"publish","type":"page","link":"https:\/\/timbamsinhtphcm.vn\/en\/con-ong-dong-mach\/","title":{"rendered":"C\u00f2n \u1ed1ng \u0111\u1ed9ng m\u1ea1ch"},"content":{"rendered":"<div class=\"vc_row wpb_row vc_row-fluid\"><div class=\"wpb_column vc_column_container vc_col-sm-12\"><div class=\"vc_column-inner\"><div class=\"wpb_wrapper\">\n\t<div class=\"wpb_text_column wpb_content_element\" >\n\t\t<div class=\"wpb_wrapper\">\n\t\t\t<p>Tr\u01b0\u1edbc khi em b\u00e9 ch\u00e0o \u0111\u1eddi, m\u00e1u c\u1ee7a b\u00e0o thai kh\u00f4ng c\u1ea7n \u0111i \u0111\u1ebfn ph\u1ed5i \u0111\u1ec3 nh\u1eadn \u00f4 xy. \u1ed0ng \u0111\u1ed9ng m\u1ea1ch (t\u00ean ti\u1ebfng Anh l\u00e0 <em>ductus arteriosus<\/em>) l\u00e0 m\u1ed9t l\u1ed7 nh\u1ecf cho ph\u00e9p m\u00e1u t\u1eeb tim ph\u1ea3i \u0111i \u0111\u1ebfn \u0111\u1ed9ng m\u1ea1ch ch\u1ee7 v\u00e0 \u0111i ra ngo\u00e0i c\u01a1 th\u1ec3 m\u00e0 kh\u00f4ng c\u1ea7n \u0111\u1ebfn ph\u1ed5i. <strong>Nh\u01b0ng khi em b\u00e9 ch\u00e0o \u0111\u1eddi, m\u00e1u nh\u1eadn \u00f4 xy trong ph\u1ed5i v\u00e0 chi\u1ebfc l\u1ed7 n\u00e0y ph\u1ea3i \u0111\u00f3ng l\u1ea1i trong v\u00e0i ng\u00e0y. <\/strong><\/p>\n<p>N\u1ebfu \u1ed1ng \u0111\u1ed9ng m\u1ea1ch v\u1eabn m\u1edf ra, g\u1ecdi l\u00e0 <strong>c\u00f2n \u1ed1ng \u0111\u1ed9ng m\u1ea1ch<\/strong> (t\u00ean ti\u1ebfng Anh l\u00e0 <em>patent <\/em><em>ductus arteriosus &#8211; PDA<\/em>), th\u00ec m\u00e1u c\u00f3 th\u1ec3 b\u1ecf qua b\u01b0\u1edbc tu\u1ea7n ho\u00e0n b\u00ecnh th\u01b0\u1eddng, m\u00e1u l\u01b0u th\u00f4ng \u0111\u1ebfn ph\u1ed5i m\u00e0 kh\u00f4ng \u0111\u01b0\u1ee3c ki\u1ec3m so\u00e1t nh\u01b0 th\u01b0\u1eddng l\u1ec7 v\u00e0 d\u1eabn \u0111\u1ebfn nh\u1eefng v\u1ea5n \u0111\u1ec1 cho ph\u1ed5i v\u00e0 tim.<\/p>\n<div id=\"attachment_1418\" style=\"width: 535px\" class=\"wp-caption alignnone\"><img loading=\"lazy\" decoding=\"async\" aria-describedby=\"caption-attachment-1418\" class=\"wp-image-1418\" src=\"https:\/\/timbamsinhtphcm.vn\/wp-content\/uploads\/2023\/05\/PDA.png\" alt=\"\" width=\"525\" height=\"608\" \/><p id=\"caption-attachment-1418\" class=\"wp-caption-text\">Ch\u00fa th\u00edch: Tim c\u00f2n \u1ed1ng \u0111\u1ed9ng m\u1ea1ch v\u1edbi t\u00ecnh tr\u1ea1ng m\u00e1u gi\u00e0u \u00f4 xy (m\u00e0u \u0111\u1ecf), m\u00e1u ngh\u00e8o \u00f4 xy (xanh) v\u00e0 m\u00e1u tr\u1ed9n l\u1eabn (t\u00edm). AO: \u0110\u1ed9ng m\u1ea1ch ch\u1ee7. LA: Nh\u0129 tr\u00e1i. RA: Nh\u0129 ph\u1ea3i. PA: \u0110\u1ed9ng m\u1ea1ch ph\u1ed5i. LV: Th\u1ea5t tr\u00e1i. RV: Th\u1ea5t ph\u1ea3i. (Ngu\u1ed3n \u1ea3nh: B\u1ec7nh vi\u1ec7n Nhi Philadelphia)<\/p><\/div>\n<p>&nbsp;<\/p>\n\n\t\t<\/div>\n\t<\/div>\n<\/div><\/div><\/div><\/div><div class=\"vc_row wpb_row vc_row-fluid\"><div class=\"wpb_column vc_column_container vc_col-sm-12\"><div class=\"vc_column-inner\"><div class=\"wpb_wrapper\"><div  class=\"vc_toggle vc_toggle_arrow\"><div class=\"vc_toggle_title\"><h4>Nguy\u00ean nh\u00e2n n\u00e0o g\u00e2y ra PDA?<\/h4><i class=\"vc_toggle_icon\"><\/i><\/div><div class=\"vc_toggle_content\"><p>\u0110a s\u1ed1 tr\u01b0\u1eddng h\u1ee3p ng\u01b0\u1eddi ta kh\u00f4ng bi\u1ebft nguy\u00ean nh\u00e2n n\u00e0o g\u00e2y ra PDA. M\u1ed9t s\u1ed1 tr\u1ebb c\u00f3 th\u1ec3 c\u00f3 c\u00f9ng l\u00fac PDA v\u00e0 nh\u1eefng d\u1ecb t\u1eadt tim kh\u00e1c.<\/p>\n<p>Tuy nhi\u00ean ng\u01b0\u1eddi ta nh\u1eadn th\u1ea5y m\u1ed9t s\u00f3 y\u1ebfu t\u1ed1 nguy c\u01a1 c\u00f3 th\u1ec3 g\u00e2y ra PDA g\u1ed3m:<\/p>\n<ul>\n<li><strong>Sinh non<\/strong>: PDA th\u01b0\u1eddng g\u1eb7p \u1edf tr\u1ebb sinh non h\u01a1n l\u00e0 tr\u1ebb sinh \u0111\u1ee7 th\u00e1ng.<\/li>\n<li><strong>Ti\u1ec1n s\u1eed gia \u0111\u00ecnh v\u00e0 c\u00e1c t\u00ecnh tr\u1ea1ng di truy\u1ec1n kh\u00e1c<\/strong><strong>:<\/strong>\u00a0Tr\u1ebb c\u00f3 ti\u1ec1n s\u1eed gia \u0111\u00ecnh b\u1ecb d\u1ecb t\u1eadt tim ho\u1eb7c c\u00e1c t\u00ecnh tr\u1ea1ng di truy\u1ec1n kh\u00e1c, nh\u01b0 h\u1ed9i ch\u1ee9ng Down (d\u01b0 nhi\u1ec5m s\u1eafc th\u1ec3 21), s\u1ebd t\u0103ng nguy c\u01a1 m\u1eafc PDA.<\/li>\n<li><strong>M\u1eb9 nhi\u1ec5m rubella khi mang thai:<\/strong> N\u1ebfu m\u1eb9 m\u1eafc b\u1ec7nh rubella trong khi mang thai, nguy c\u01a1 d\u1ecb t\u1eadt tim c\u1ee7a tr\u1ebb s\u1ebd t\u0103ng l\u00ean. X\u00e9t nghi\u1ec7m m\u00e1u tr\u01b0\u1edbc khi mang thai c\u00f3 th\u1ec3 bi\u1ebft \u0111\u01b0\u1ee3c m\u1eb9 c\u00f3 mi\u1ec5n d\u1ecbch v\u1edbi rubella kh\u00f4ng. N\u1ebfu ch\u01b0a c\u00f3 mi\u1ec5n d\u1ecbch, m\u1eb9 s\u1ebd \u0111\u01b0\u1ee3c ch\u1ee7ng ng\u1eeba \u0111\u1ec3 t\u1ea1o mi\u1ec5n d\u1ecbch.<\/li>\n<li><strong>Tr\u1ebb ch\u00e0o \u0111\u1eddi \u1edf cao \u0111\u1ed9: <\/strong>Nh\u1eefng tr\u1ebb ch\u00e0o \u0111\u1eddi \u1edf \u0111\u1ed9 cao tr\u00ean 2.500 m\u00e9t c\u00f3 nhi\u1ec1u nguy c\u01a1 b\u1ecb PDA h\u01a1n so v\u1edbi tr\u1ebb ch\u00e0o \u0111\u1eddi \u1edf \u0111\u1ed9 cao th\u1ea5p h\u01a1n.<\/li>\n<li><strong>Tr\u1ebb g\u00e1i:<\/strong> PDA c\u00f3 \u1edf tr\u1ebb g\u00e1i nhi\u1ec1u g\u1ea5p \u0111\u00f4i so v\u1edbi tr\u1ebb trai.<\/li>\n<\/ul>\n<\/div><\/div><div  class=\"vc_toggle vc_toggle_arrow\"><div class=\"vc_toggle_title\"><h4>PDA \u1ea3nh h\u01b0\u1edfng \u0111\u1ebfn tim nh\u01b0 th\u1ebf n\u00e0o?<\/h4><i class=\"vc_toggle_icon\"><\/i><\/div><div class=\"vc_toggle_content\"><p>B\u00ecnh th\u01b0\u1eddng tim tr\u00e1i ch\u1ec9 b\u01a1m m\u00e1u cho c\u01a1 th\u1ec3 v\u00e0 tim ph\u1ea3i b\u01a1m m\u00e1u l\u00ean ph\u1ed5i. Nh\u01b0ng \u1edf tr\u1ebb PDA, m\u1ed9t l\u01b0\u1ee3ng m\u00e1u d\u00f4i ra \u0111\u01b0\u1ee3c b\u01a1m t\u1eeb \u0111\u1ed9ng m\u1ea1ch ch\u1ee7 v\u00e0o \u0111\u1ed9ng m\u1ea1ch ph\u1ed5i. N\u1ebfu PDA c\u00f3 l\u1ed7 l\u1edbn, m\u00e1u d\u00f4i ra \u0111\u01b0\u1ee3c b\u01a1m v\u00e0o \u0111\u1ed9ng m\u1ea1ch ph\u1ed5i khi\u1ebfn cho tim v\u00e0 ph\u1ed5i ph\u1ea3i l\u00e0m vi\u1ec7c c\u1ef1c nh\u1ecdc h\u01a1n v\u00e0 ph\u1ed5i c\u00f3 th\u1ec3 b\u1ecb sung huy\u1ebft (\u1ee9 m\u00e1u).<\/p>\n<\/div><\/div><div  class=\"vc_toggle vc_toggle_arrow\"><div class=\"vc_toggle_title\"><h4>PDA \u1ea3nh h\u01b0\u1edfng l\u00ean tr\u1ebb ra sao?<\/h4><i class=\"vc_toggle_icon\"><\/i><\/div><div class=\"vc_toggle_content\"><p>N\u1ebfu PDA l\u1ed7 nh\u1ecf, b\u1ec7nh h\u1ea7u nh\u01b0 kh\u00f4ng g\u00e2y ra tri\u1ec7u ch\u1ee9ng n\u00e0o v\u00ec tim v\u00e0 ph\u1ed5i kh\u00f4ng ph\u1ea3i l\u00e0m vi\u1ec7c c\u1ef1c nh\u1ecdc. B\u1eb1ng ch\u1ee9ng b\u1ea5t th\u01b0\u1eddng duy nh\u1ea5t c\u00f3 th\u1ec3 l\u00e0 m\u1ed9t ti\u1ebfng th\u1ed5i \u0111\u1eb7c bi\u1ec7t (nghe b\u1eb1ng \u1ed1ng nghe).<\/p>\n<p>N\u1ebfu PDA l\u1ed7 l\u1edbn, tr\u1ebb c\u00f3 th\u1ec3 th\u1edf nhanh v\u00e0 kh\u00f3 nh\u1ecdc h\u01a1n b\u00ecnh th\u01b0\u1eddng. Em b\u00e9 c\u00f3 th\u1ec3 b\u00fa kh\u00f3 v\u00e0 t\u0103ng tr\u01b0\u1edfng v\u1eeba ph\u1ea3i. Nh\u1eefng tri\u1ec7u ch\u1ee9ng c\u00f3 th\u1ec3 kh\u00f4ng x\u1ea3y ra \u0111\u1ebfn nhi\u1ec1u tu\u1ea7n sau sinh. Cao huy\u1ebft \u00e1p c\u00f3 th\u1ec3 x\u1ea3y ra \u1edf c\u00e1c m\u1ea1ch m\u00e1u trong ph\u1ed5i v\u00ec m\u00e1u \u1edf \u0111\u00f3 nhi\u1ec1u h\u01a1n b\u00ecnh th\u01b0\u1eddng. L\u00e2u d\u00e0i \u0111i\u1ec1u n\u00e0y c\u00f3 th\u1ec3 g\u00e2y ra t\u1ed5n th\u01b0\u01a1ng th\u01b0\u1eddng xuy\u00ean cho nh\u1eefng m\u1ea1ch m\u00e1u \u1edf ph\u1ed5i.<\/p>\n<\/div><\/div><div  class=\"vc_toggle vc_toggle_arrow\"><div class=\"vc_toggle_title\"><h4>Tri\u1ec7u ch\u1ee9ng c\u1ee7a PDA l\u00e0 g\u00ec?<\/h4><i class=\"vc_toggle_icon\"><\/i><\/div><div class=\"vc_toggle_content\"><p>Tri\u1ec7u ch\u1ee9ng PDA ph\u1ee5 thu\u1ed9c v\u00e0o k\u00edch th\u01b0\u1edbc c\u1ee7a khi\u1ebfm khuy\u1ebft v\u00e0 tu\u1ed5i em b\u00e9. M\u1ed9t PDA nh\u1ecf th\u01b0\u1eddng kh\u00f4ng g\u00e2y ra d\u1ea5u hi\u1ec7u ho\u1eb7c tri\u1ec7u ch\u1ee9ng n\u00e0o. V\u00e0i b\u1ec7nh nh\u00e2n kh\u00f4ng bi\u1ebft m\u00ecnh c\u00f3 b\u1ec7nh cho \u0111\u1ebfn khi tr\u01b0\u1edfng th\u00e0nh. Nh\u01b0ng PDA l\u1edbn c\u00f3 th\u1ec3 g\u00e2y nh\u1eefng tri\u1ec7u ch\u1ee9ng c\u1ee7a suy tim ngay sau khi tr\u1ebb sinh ra.<\/p>\n<p>PDA l\u1edbn x\u1ea3y ra trong th\u1eddi k\u1ef3 s\u01a1 sinh ho\u1eb7c th\u1eddi th\u01a1 \u1ea5u c\u1ee7a tr\u1ebb s\u1ebd bi\u1ec3u hi\u1ec7n b\u1eb1ng c\u00e1c tri\u1ec7u ch\u1ee9ng nh\u01b0:<\/p>\n<ul>\n<li>\u0102n k\u00e9m d\u1eabn \u0111\u1ebfn t\u0103ng tr\u01b0\u1edfng k\u00e9m.<\/li>\n<li>\u0110\u1ed5 m\u1ed3 h\u00f4i khi kh\u00f3c ho\u1eb7c \u0103n.<\/li>\n<li>Th\u1edf nhanh dai d\u1eb3ng ho\u1eb7c kh\u00f3 th\u1edf.<\/li>\n<li>D\u1ec5 m\u1ec7t m\u1ecfi.<\/li>\n<li>Nh\u1ecbp tim nhanh.<\/li>\n<\/ul>\n<\/div><\/div><div  class=\"vc_toggle vc_toggle_arrow\"><div class=\"vc_toggle_title\"><h4>\u0110i\u1ec1u tr\u1ecb PDA nh\u01b0 th\u1ebf n\u00e0o?<\/h4><i class=\"vc_toggle_icon\"><\/i><\/div><div class=\"vc_toggle_content\"><p>Nh\u1eefng PDA l\u1ed7 nh\u1ecf th\u01b0\u1eddng t\u1ef1 \u0111\u00f3ng v\u00ec th\u1ebf b\u1ec7nh nh\u00e2n c\u00f3 th\u1ec3 kh\u00f4ng c\u1ea7n b\u1ea5t k\u1ef3 \u0111i\u1ec1u tr\u1ecb n\u00e0o. \u0110\u1ed1i v\u1edbi PDA l\u1ed7 l\u1edbn h\u01a1n, b\u00e1c s\u0129 c\u00f3 th\u1ec3 khuy\u1ebfn c\u00e1o \u0111\u00f3ng PDA l\u1ea1i.<\/p>\n<p>\u1ede m\u1ed9t s\u1ed1 tr\u1ebb sinh non, PDA c\u00f3 th\u1ec3 g\u00e2y nguy hi\u1ec3m, tr\u01b0\u1eddng h\u1ee3p n\u00e0y b\u00e1c s\u0129 c\u00f3 th\u1ec3 cho m\u1ed9t s\u1ed1 lo\u1ea1i thu\u1ed1c \u0111\u1ec3 \u0111\u00f3ng PDA l\u1ea1i. N\u1ebfu PDA kh\u00f4ng \u0111\u00f3ng ho\u1eb7c \u0111\u00f3ng l\u1ea1i kh\u00f4ng nhi\u1ec1u sau khi d\u00f9ng thu\u1ed1c, b\u00e1c s\u0129 c\u00f3 th\u1ec3 ti\u1ebfn h\u00e0nh m\u1ed5 ho\u1eb7c can thi\u1ec7p \u0111\u1ec3 \u0111\u00f3ng PDA l\u1ea1i n\u1ebfu c\u1ea7n thi\u1ebft.<\/p>\n<p>Trong \u0111a s\u1ed1 tr\u01b0\u1eddng h\u1ee3p, PDA c\u00f3 th\u1ec3 \u0111\u00f3ng l\u1ea1i trong khi ti\u1ebfn h\u00e0nh can thi\u1ec7p tim m\u1ea1ch. Trong ph\u01b0\u01a1ng ph\u00e1p n\u00e0y, chuy\u00ean gia can thi\u1ec7p tim m\u1ea1ch s\u1ebd \u0111\u01b0a m\u1ed9t \u1ed1ng nh\u1ecf (\u1ed1ng th\u00f4ng) ngang qua m\u1ed9t t\u0129nh m\u1ea1ch\/hay \u0111\u1ed9ng m\u1ea1ch \u1edf ch\u00e2n r\u1ed3i lu\u1ed3n n\u00f3 v\u00e0o trong v\u00e0 quanh tim. K\u1ebf ti\u1ebfp, b\u00e1c s\u0129 s\u1ebd \u0111\u01b0a m\u1ed9t d\u1ee5ng c\u1ee5 nh\u1ecf \u0111\u1ec3 b\u1ecbt PDA l\u1ea1i.<\/p>\n<p>Tr\u1ebb nh\u1ecf th\u01b0\u1eddng xu\u1ea5t vi\u1ec7n ngay trong ng\u00e0y ho\u1eb7c ng\u00e0y h\u00f4m sau. Tr\u1ebb c\u1ea7n \u0111\u01b0\u1ee3c gi\u1eef y\u00ean trong v\u00e0i ng\u00e0y r\u1ed3i sau \u0111\u00f3 ho\u1ea1t \u0111\u1ed9ng l\u1ea1i b\u00ecnh th\u01b0\u1eddng. \u0110\u1ed1i v\u1edbi nh\u1eefng tr\u01b0\u1eddng h\u1ee3p PDA ph\u1ee9c t\u1ea1p nh\u1ea5t, b\u00e1c s\u0129 c\u00f3 th\u1ec3 cho ch\u1ec9 \u0111\u1ecbnh m\u1ed5.<\/p>\n<p><strong>\u1ea2nh d\u01b0\u1edbi:<\/strong> B\u00e1c s\u0129 can thi\u1ec7p tim m\u1ea1ch \u0111i\u1ec1u tr\u1ecb PDA b\u1eb1ng c\u00e1ch \u0111\u01b0a m\u1ed9t d\u1ee5ng c\u1ee5 nh\u1ecf v\u00e0o \u0111\u1ec3 \u0111\u00f3ng PDA l\u1ea1i.<\/p>\n<p><img loading=\"lazy\" decoding=\"async\" class=\"alignnone wp-image-1802\" src=\"https:\/\/timbamsinhtphcm.vn\/wp-content\/uploads\/2023\/12\/patent-ductus-arteriosus-treatment-illustration-773px.png\" alt=\"\" width=\"523\" height=\"612\" \/><\/p>\n<\/div><\/div><div  class=\"vc_toggle vc_toggle_arrow\"><div class=\"vc_toggle_title\"><h4>L\u00e0m sao ph\u00f2ng ng\u1eeba PDA?<\/h4><i class=\"vc_toggle_icon\"><\/i><\/div><div class=\"vc_toggle_content\"><p>Kh\u00f4ng th\u1ec3 ng\u0103n ng\u1eeba tuy\u1ec7t \u0111\u1ed1i PDA. Tuy nhi\u00ean, \u0111i\u1ec1u quan tr\u1ecdng c\u00f3 th\u1ec3 l\u00e0m \u0111\u01b0\u1ee3c l\u00e0 thai ph\u1ee5 l\u00e0m m\u1ecdi c\u00e1ch c\u00f3 th\u1ec3 \u0111\u1ec3 c\u00f3 \u0111\u01b0\u1ee3c m\u1ed9t thai k\u1ef3 kho\u1ebb m\u1ea1nh. Sau \u0111\u00e2y l\u00e0 m\u1ed9t s\u1ed1 nguy\u00ean t\u1eafc c\u01a1 b\u1ea3n:<\/p>\n<ul>\n<li><strong>Kh\u00e1m ti\u1ec1n s\u1ea3n s\u1edbm, th\u1eadm ch\u00ed kh\u00e1m s\u1ee9c kho\u1ebb tr\u01b0\u1edbc khi mang thai: <\/strong>B\u1ecf thu\u1ed1c l\u00e1, gi\u1ea3m c\u0103ng th\u1eb3ng, ng\u01b0ng thu\u1ed1c tr\u00e1nh thai. N\u00f3i v\u1edbi b\u00e1c s\u0129 t\u1ea5t c\u1ea3 nh\u1eefng lo\u1ea1i thu\u1ed1c m\u00e0 b\u1ea1n \u0111ang d\u00f9ng, k\u1ec3 c\u1ea3 nh\u1eefng thu\u1ed1c mua kh\u00f4ng c\u1ea7n toa b\u00e1c s\u0129.<\/li>\n<li><strong>Dinh d\u01b0\u1ee1ng l\u00e0nh m\u1ea1nh, \u0111\u1ea7y \u0111\u1ee7: <\/strong>B\u1ed5 sung c\u00e1c vi ch\u1ea5t thi\u1ebft y\u1ebfu (axit folic, canxi, s\u1eaft, k\u1ebdm\u2026). S\u1eed d\u1ee5ng 400 microgram axit folic m\u1ed7i ng\u00e0y tr\u01b0\u1edbc v\u00e0 trong khi mang thai cho th\u1ea5y gi\u1ea3m \u0111\u01b0\u1ee3c nh\u1eefng v\u1ea5n \u0111\u1ec1 \u1edf n\u00e3o v\u00e0 tu\u1ef7 s\u1ed1ng c\u1ee7a tr\u1ebb. N\u00f3 c\u0169ng gi\u00fap gi\u1ea3m nguy c\u01a1 m\u1eafc c\u00e1c v\u1ea5n \u0111\u1ec1 v\u1ec1 tim.<\/li>\n<li><strong>T\u1eadp th\u1ec3 d\u1ee5c th\u01b0\u1eddng xuy\u00ean<\/strong>: H\u1ecfi \u00fd ki\u1ebfn b\u00e1c s\u0129 \u0111\u1ec3 \u0111\u01b0\u1ee3c t\u01b0 v\u1ea5n v\u1ec1 c\u00e1c b\u00e0i t\u1eadp ph\u00f9 h\u1ee3p v\u1edbi b\u1ea1n.<\/li>\n<li><strong>Tr\u00e1nh r\u01b0\u1ee3u bia, thu\u1ed1c l\u00e1<\/strong>: Nh\u1eefng th\u00f3i quen s\u1ed1ng n\u00e0y c\u00f3 th\u1ec3 g\u00e2y h\u1ea1i cho s\u1ee9c kho\u1ebb em b\u00e9. C\u0169ng n\u00ean tr\u00e1nh h\u00fat thu\u1ed1c l\u00e1 th\u1ee5 \u0111\u1ed9ng.<\/li>\n<li><strong>Ti\u00eam ng\u1eeba \u0111\u1ea7y \u0111\u1ee7<\/strong>: Tr\u01b0\u1edbc khi mang thai c\u1ea7n ch\u00edch ng\u1eeba c\u00e1c v\u1eafc xin c\u00fam, rubella, vi\u00eam gan B, th\u1ee7y \u0111\u1eadu\u2026 v\u00ec m\u1ed9t s\u1ed1 b\u1ec7nh nhi\u1ec5m tr\u00f9ng c\u00f3 th\u1ec3 l\u00e0m h\u1ea1i s\u1ef1 ph\u00e1t tri\u1ec3n c\u1ee7a em b\u00e9.<\/li>\n<li><strong>Ki\u1ec3m so\u00e1t b\u1ec7nh \u0111\u00e1i th\u00e1o \u0111\u01b0\u1eddng:<\/strong> N\u1ebfu b\u1ea1n b\u1ecb \u0111\u00e1i th\u00e1o \u0111\u01b0\u1eddng, vi\u1ec7c ki\u1ec3m so\u00e1t \u0111\u01b0\u1eddng m\u00e1u c\u00f3 th\u1ec3 l\u00e0m gi\u1ea3m nguy c\u01a1 m\u1eafc v\u00e0i b\u1ec7nh tim tr\u01b0\u1edbc khi tr\u1ebb ch\u00e0o \u0111\u1eddi.<\/li>\n<li><strong>Tr\u01b0\u1eddng h\u1ee3p c\u00f3 ti\u1ec1n s\u1eed gia \u0111\u00ecnh b\u1ecb d\u1ecb t\u1eadt tim ho\u1eb7c c\u00e1c r\u1ed1i lo\u1ea1n di truy\u1ec1n kh\u00e1c, h\u00e3y \u0111i kh\u00e1m tr\u01b0\u1edbc khi mang thai.<\/strong> B\u00e1c s\u0129 c\u00f3 th\u1ec3 ch\u1ec9 \u0111\u1ecbnh b\u1ea1n l\u00e0m c\u00e1c x\u00e9t nghi\u1ec7m s\u00e0ng l\u1ecdc \u0111\u1ec3 gi\u1ea3m thi\u1ec3u nguy c\u01a1 thai nhi mang gen khuy\u1ebft t\u1eadt b\u1ea9m sinh.<\/li>\n<\/ul>\n<p>&nbsp;<\/p>\n<\/div><\/div><\/div><\/div><\/div><\/div>","protected":false},"excerpt":{"rendered":"Tr\u01b0\u1edbc khi em b\u00e9 ch\u00e0o \u0111\u1eddi, m\u00e1u c\u1ee7a b\u00e0o thai kh\u00f4ng c\u1ea7n \u0111i \u0111\u1ebfn ph\u1ed5i \u0111\u1ec3 nh\u1eadn \u00f4 xy. \u1ed0ng \u0111\u1ed9ng m\u1ea1ch (t\u00ean ti\u1ebfng Anh l\u00e0 ductus arteriosus) l\u00e0 m\u1ed9t l\u1ed7 nh\u1ecf cho ph\u00e9p m\u00e1u t\u1eeb tim ph\u1ea3i \u0111i \u0111\u1ebfn \u0111\u1ed9ng m\u1ea1ch ch\u1ee7 v\u00e0 \u0111i ra ngo\u00e0i c\u01a1 th\u1ec3 m\u00e0 kh\u00f4ng c\u1ea7n \u0111\u1ebfn ph\u1ed5i. Nh\u01b0ng [...]","protected":false},"author":10,"featured_media":0,"parent":0,"menu_order":0,"comment_status":"closed","ping_status":"closed","template":"","meta":{"footnotes":""},"_links":{"self":[{"href":"https:\/\/timbamsinhtphcm.vn\/en\/wp-json\/wp\/v2\/pages\/1328"}],"collection":[{"href":"https:\/\/timbamsinhtphcm.vn\/en\/wp-json\/wp\/v2\/pages"}],"about":[{"href":"https:\/\/timbamsinhtphcm.vn\/en\/wp-json\/wp\/v2\/types\/page"}],"author":[{"embeddable":true,"href":"https:\/\/timbamsinhtphcm.vn\/en\/wp-json\/wp\/v2\/users\/10"}],"replies":[{"embeddable":true,"href":"https:\/\/timbamsinhtphcm.vn\/en\/wp-json\/wp\/v2\/comments?post=1328"}],"version-history":[{"count":14,"href":"https:\/\/timbamsinhtphcm.vn\/en\/wp-json\/wp\/v2\/pages\/1328\/revisions"}],"predecessor-version":[{"id":1806,"href":"https:\/\/timbamsinhtphcm.vn\/en\/wp-json\/wp\/v2\/pages\/1328\/revisions\/1806"}],"wp:attachment":[{"href":"https:\/\/timbamsinhtphcm.vn\/en\/wp-json\/wp\/v2\/media?parent=1328"}],"curies":[{"name":"wp","href":"https:\/\/api.w.org\/{rel}","templated":true}]}}