{"id":1391,"date":"2023-05-17T08:59:55","date_gmt":"2023-05-17T01:59:55","guid":{"rendered":"http:\/\/demo.giraf.vn\/?page_id=1391"},"modified":"2023-05-17T11:08:47","modified_gmt":"2023-05-17T04:08:47","slug":"bat-thuong-tro-ve-tinh-mach-phoi-hoan-toan-tapvc-2","status":"publish","type":"page","link":"https:\/\/timbamsinhtphcm.vn\/en\/bat-thuong-tro-ve-tinh-mach-phoi-hoan-toan-tapvc-2\/","title":{"rendered":"B\u1ea5t th\u01b0\u1eddng tr\u1edf v\u1ec1 t\u0129nh m\u1ea1ch ph\u1ed5i ho\u00e0n to\u00e0n"},"content":{"rendered":"<div class=\"vc_row wpb_row vc_row-fluid\"><div class=\"wpb_column vc_column_container vc_col-sm-12\"><div class=\"vc_column-inner\"><div class=\"wpb_wrapper\">\n\t<div class=\"wpb_text_column wpb_content_element\" >\n\t\t<div class=\"wpb_wrapper\">\n\t\t\t<p>B\u1ea5t th\u01b0\u1eddng tr\u1edf v\u1ec1 t\u0129nh m\u1ea1ch ph\u1ed5i ho\u00e0n to\u00e0n (BTTVTMPHT) l\u00e0 d\u1ecb t\u1eadt tim b\u1ea9m sinh m\u00e0 nh\u1eefng t\u0129nh m\u1ea1ch \u0111\u01b0a m\u00e1u t\u1eeb ph\u1ed5i tr\u1edf v\u1ec1 (t\u0129nh m\u1ea1ch ph\u1ed5i) kh\u00f4ng k\u1ebft n\u1ed1i v\u1edbi t\u00e2m nh\u0129 nh\u01b0 th\u01b0\u1eddng l\u1ec7. Thay v\u00e0o \u0111\u00f3 ch\u00fang \u0111i \u0111\u1ebfn tim b\u1eb1ng m\u1ed9t s\u1ef1 k\u1ebft n\u1ed1i b\u1ea5t th\u01b0\u1eddng.<\/p>\n<p>Do b\u1ea5t th\u01b0\u1eddng n\u00e0y, m\u00e1u gi\u00e0u \u00f4 xy tr\u1edf v\u1ec1 t\u1eeb ph\u1ed5i kh\u00f4ng \u0111\u1ed5 v\u00e0o t\u00e2m nh\u0129 tr\u00e1i m\u00e0 \u0111\u1ed5 v\u00e0o tim ph\u1ea3i. \u1ede \u0111\u00e2y m\u00e1u gi\u00e0u \u00f4 xy tr\u1ed9n l\u1eabn v\u1edbi m\u00e1u ngh\u00e8o \u00f4 xy khi\u1ebfn c\u01a1 th\u1ec3 em b\u00e9 nh\u1eadn \u0111\u01b0\u1ee3c \u00f4 xy \u00edt h\u01a1n so v\u1edbi nhu c\u1ea7u.<\/p>\n<p>\u0110\u1ec3 t\u1ed3n t\u1ea1i v\u1edbi d\u1ecb t\u1eadt n\u00e0y, em b\u00e9 c\u00f3 BTTVTMPHT th\u01b0\u1eddng c\u00f3 1 l\u1ed7 gi\u1eefa nh\u0129 ph\u1ea3i v\u00e0 nh\u0129 tr\u00e1i (th\u00f4ng li\u00ean nh\u0129) cho ph\u00e9p m\u00e1u tr\u1ed9n l\u1eabn \u0111\u1ed5 v\u00e0o ph\u1ea7n tr\u00e1i c\u1ee7a tim v\u00e0 \u0111i ra ngo\u00e0i c\u01a1 th\u1ec3. Ngo\u00e0i th\u00f4ng li\u00ean nh\u0129, m\u1ed9t s\u1ed1 tr\u1ebb BTTVTMPHT c\u00f3 th\u1ec3 k\u00e8m theo nh\u1eefng d\u1ecb t\u1eadt kh\u00e1c. BTTVTMPHT l\u00e0 m\u1ed9t b\u1ec7nh l\u00fd n\u1eb7ng, \u0111e do\u1ea1 t\u00ednh m\u1ea1ng em b\u00e9, v\u00ec th\u1ebf em b\u00e9 c\u1ea7n \u0111\u01b0\u1ee3c ph\u1eabu thu\u1eadt ho\u1eb7c \u00e1p d\u1ee5ng nh\u1eefng gi\u1ea3i ph\u00e1p can thi\u1ec7p kh\u00e1c ngay sau khi ch\u00e0o \u0111\u1eddi.<\/p>\n<p>Trong m\u1ed9t d\u1ecb t\u1eadt c\u00f3 li\u00ean quan, ch\u1ee9ng \u201cB\u1ea5t th\u01b0\u1eddng tr\u1edf v\u1ec1 t\u0129nh m\u1ea1ch ph\u1ed5i m\u1ed9t ph\u1ea7n\u201d l\u00e0 t\u00ecnh tr\u1ea1ng kh\u00f4ng ph\u1ea3i m\u1ecdi t\u0129nh m\u1ea1ch \u0111\u1ec1u k\u1ebft n\u1ed1i b\u1ea5t th\u01b0\u1eddng m\u00e0 v\u1eabn c\u00f3 m\u1ed9t ho\u1eb7c nhi\u1ec1u t\u0129nh m\u1ea1ch b\u00ecnh th\u01b0\u1eddng \u0111\u1ed5 v\u1ec1 t\u00e2m nh\u0129 tr\u00e1i. Do \u0111\u00f3, ch\u1ee9ng \u201cB\u1ea5t th\u01b0\u1eddng tr\u1edf v\u1ec1 t\u0129nh m\u1ea1ch ph\u1ed5i m\u1ed9t ph\u1ea7n\u201d kh\u00f4ng nghi\u00eam tr\u1ecdng nh\u01b0 ch\u1ee9ng \u201cB\u1ea5t th\u01b0\u1eddng tr\u1edf v\u1ec1 t\u0129nh m\u1ea1ch ph\u1ed5i ho\u00e0n to\u00e0n\u201d.<\/p>\n<div id=\"attachment_1395\" style=\"width: 588px\" class=\"wp-caption alignnone\"><img loading=\"lazy\" decoding=\"async\" aria-describedby=\"caption-attachment-1395\" class=\"wp-image-1395\" src=\"https:\/\/timbamsinhtphcm.vn\/wp-content\/uploads\/2023\/05\/anh-BTTV-1.jpg\" alt=\"\" width=\"578\" height=\"361\" \/><p id=\"caption-attachment-1395\" class=\"wp-caption-text\">Ch\u00fa th\u00edch: Tim b\u00ecnh th\u01b0\u1eddng (tr\u00e1i) v\u00e0 tim c\u00f3 BTTVTMPHT (ph\u1ea3i) v\u1edbi b\u1ea5t th\u01b0\u1eddng k\u1ebft n\u1ed1i nh\u1eefng t\u0129nh m\u1ea1ch ph\u1ed5i tr\u1edf v\u1ec1 tim (g\u00f3c tr\u00ean ph\u1ea3i). (Ngu\u1ed3n \u1ea3nh: CDC Hoa K\u1ef3)<\/p><\/div>\n\n\t\t<\/div>\n\t<\/div>\n<div  class=\"vc_toggle vc_toggle_arrow\"><div class=\"vc_toggle_title\"><h4>C\u00f3 bao nhi\u00eau th\u1ec3 BTTVTMPHT?<\/h4><i class=\"vc_toggle_icon\"><\/i><\/div><div class=\"vc_toggle_content\"><p>C\u00f3 ba th\u1ec3 BTTVTMPHT tu\u1ef3 theo n\u01a1i m\u00e0 nh\u1eefng t\u0129nh m\u1ea1ch ph\u1ed5i k\u1ebft n\u1ed1i.<\/p>\n<p><strong>Th\u1ec3 tr\u00ean tim<\/strong>: L\u00e0 b\u1ea5t th\u01b0\u1eddng ph\u1ed5 bi\u1ebfn nh\u1ea5t. Trong th\u1ec3 n\u00e0y, nh\u1eefng t\u0129nh m\u1ea1ch ph\u1ed5i \u0111\u1ebfn c\u00f9ng nhau v\u00e0 t\u1ea1o th\u00e0nh s\u1ef1 k\u1ebft n\u1ed1i b\u1ea5t th\u01b0\u1eddng \u1edf tr\u00ean tim r\u1ed3i \u0111\u1ed5 v\u1ec1 t\u0129nh m\u1ea1ch ch\u1ee7 tr\u00ean &#8211; m\u1ea1ch m\u00e1u ch\u00ednh mang kh\u00ed ngh\u00e8o \u00f4 xy t\u1eeb ph\u1ea5n tr\u00ean c\u1ee7a c\u01a1 th\u1ec3 v\u1ec1 tim. Trong th\u1ec3 b\u1ea5t th\u01b0\u1eddng n\u00e0y, s\u1ef1 tr\u1ed9n l\u1eabn c\u1ee7a m\u00e1u gi\u00e0u \u00f4 xy v\u00e0 m\u00e1u ngh\u00e8o \u00f4 xy \u0111\u1ed5 v\u1ec1 nh\u0129 ph\u1ea3i ngang qua t\u0129nh m\u1ea1nh ch\u1ee7 tr\u00ean.<\/p>\n<p><strong>Th\u1ec3 t\u1ea1i tim<\/strong>: Trong th\u1ec3 n\u00e0y, nh\u1eefng t\u0129nh m\u1ea1ch ph\u1ed5i g\u1eb7p nhau \u1edf ph\u00eda sau tim v\u00e0 k\u1ebft n\u1ed1i v\u1edbi nh\u0129 ph\u1ea3i. Trong b\u1ea5t th\u01b0\u1eddng n\u00e0y, xoang v\u00e0nh &#8211; l\u00e0 t\u0129nh m\u1ea1ch gi\u00fap mang m\u00e1u ngh\u00e8o \u00f4 xy t\u1eeb c\u01a1 tim tr\u1edf v\u1ec1 tim &#8211; gi\u00fap k\u1ebft n\u1ed1i t\u0129nh m\u1ea1ch ph\u1ed5i v\u1edbi nh\u0129 ph\u1ea3i.<\/p>\n<p><strong>Th\u1ec3 d\u01b0\u1edbi tim<\/strong>: Trong th\u1ec3 n\u00e0y, nh\u1eefng t\u0129nh m\u1ea1ch ph\u1ed5i \u0111\u1ebfn c\u00f9ng nhau v\u00e0 t\u1ea1o th\u00e0nh nh\u1eefng k\u1ebft n\u1ed1i b\u1ea5t th\u01b0\u1eddng d\u01b0\u1edbi tim. S\u1ef1 tr\u1ed9n l\u1eabn c\u1ee7a m\u00e1u ngh\u00e8o \u00f4 xy v\u00e0 m\u00e1u gi\u00e0u \u00f4 xy \u0111\u1ed5 v\u1ec1 t\u00e2m nh\u0129 ph\u1ea3i t\u1eeb nh\u1eefng t\u0129nh m\u1ea1ch gan v\u00e0 t\u0129nh m\u1ea1ch ch\u1ee7 d\u01b0\u1edbi \u2013 l\u00e0 t\u0129nh m\u1ea1ch ch\u00ednh mang m\u00e1u ngh\u00e8o \u00f4 xy t\u1eeb ph\u1ea7n d\u01b0\u1edbi c\u01a1 th\u1ec3 tr\u1edf v\u1ec1 tim.<\/p>\n<\/div><\/div><div  class=\"vc_toggle vc_toggle_arrow\"><div class=\"vc_toggle_title\"><h4>T\u1ea7n su\u1ea5t m\u1eafc BTTVTMPHT ra sao?<\/h4><i class=\"vc_toggle_icon\"><\/i><\/div><div class=\"vc_toggle_content\"><p>Trong m\u1ed9t nghi\u00ean c\u1ee9u v\u00e0o n\u0103m 2019 t\u1ea1i M\u1ef9, ng\u01b0\u1eddi ta \u01b0\u1edbc t\u00ednh m\u1ed7i n\u0103m n\u01b0\u1edbc n\u00e0y c\u00f3 kho\u1ea3ng 504 tr\u1ebb ch\u00e0o \u0111\u1eddi b\u1ecb BTTVTMPHT, N\u00f3i c\u00e1ch kh\u00e1c, c\u1ee9 7.809 tr\u1ebb sinh ra \u1edf M\u1ef9 m\u1ed7i n\u0103m c\u00f3 1 tr\u1ebb b\u1ecb BTTVTMPHT.<\/p>\n<\/div><\/div><div  class=\"vc_toggle vc_toggle_arrow\"><div class=\"vc_toggle_title\"><h4>Nguy\u00ean nh\u00e2n v\u00e0 y\u1ebfu t\u1ed1 nguy c\u01a1 n\u00e0o g\u00e2y ra BTTVTMPHT?<\/h4><i class=\"vc_toggle_icon\"><\/i><\/div><div class=\"vc_toggle_content\"><p>C\u0169ng nh\u01b0 c\u00e1c BTBS n\u00f3i chung, ng\u01b0\u1eddi ta v\u1eabn ch\u01b0a bi\u1ebft nguy\u00ean nh\u00e2n n\u00e0o g\u00e2y ra BTTVTMPHT. M\u1ed9t s\u1ed1 tr\u1ebb b\u1ecb d\u1ecb t\u1eadt tim v\u00ec c\u00f3 nh\u1eefng thay \u0111\u1ed5i \u1edf gien ho\u1eb7c nhi\u1ec5m s\u1eafc th\u1ec3. BTBS c\u0169ng \u0111\u01b0\u1ee3c cho l\u00e0 g\u00e2y ra b\u1edfi s\u1ef1 ph\u1ed1i h\u1ee3p c\u1ee7a gien v\u00e0 nh\u1eefng y\u1ebfu t\u1ed1 nguy c\u01a1 kh\u00e1c nh\u01b0 nh\u1eefng g\u00ec m\u1eb9 hay b\u00e0o thai ti\u1ebfp x\u00fac trong m\u00f4i tr\u01b0\u1eddng, ho\u1eb7c l\u00e0 nh\u1eefng g\u00ec ng\u01b0\u1eddi m\u1eb9 \u0103n u\u1ed1ng, s\u1eed d\u1ee5ng thu\u1ed1c khi mang thai.<\/p>\n<\/div><\/div><div  class=\"vc_toggle vc_toggle_arrow\"><div class=\"vc_toggle_title\"><h4>Ch\u1ea9n \u0111o\u00e1n BTTVTMPHT nh\u01b0 th\u1ebf n\u00e0o?<\/h4><i class=\"vc_toggle_icon\"><\/i><\/div><div class=\"vc_toggle_content\"><p>\u201cB\u1ea5t th\u01b0\u1eddng tr\u1edf v\u1ec1 t\u0129nh m\u1ea1ch ph\u1ed5i ho\u00e0n to\u00e0n\u201d v\u00e0 \u201cB\u1ea5t th\u01b0\u1eddng tr\u1edf v\u1ec1 t\u0129nh m\u1ea1ch ph\u1ed5i m\u1ed9t ph\u1ea7n\u201d c\u00f3 th\u1ec3 \u0111\u01b0\u1ee3c ch\u1ea9n \u0111o\u00e1n trong thai k\u1ef3, nh\u01b0ng th\u00f4ng th\u01b0\u1eddng h\u01a1n l\u00e0 v\u1eabn \u0111\u01b0\u1ee3c ch\u1ea9n \u0111o\u00e1n ngay sau khi tr\u1ebb ch\u00e0o \u0111\u1eddi.<\/p>\n<ul>\n<li><strong>Trong thai k\u1ef3<\/strong><\/li>\n<\/ul>\n<p>Trong thai k\u1ef3 c\u00f3 nhi\u1ec1u x\u00e9t nghi\u1ec7m s\u00e0ng l\u1ecdc \u0111\u1ec3 bi\u1ebft tr\u1ebb c\u00f3 b\u1ecb d\u1ecb t\u1eadt b\u1ea9m sinh v\u00e0 nh\u1eefng b\u1ec7nh l\u00fd kh\u00e1c hay kh\u00f4ng (x\u00e9t nghi\u1ec7m ti\u1ec1n s\u1ea3n). BTTVTMPHT c\u00f3 th\u1ec3 \u0111\u01b0\u1ee3c ch\u1ea9n \u0111o\u00e1n trong thai k\u1ef3 b\u1eb1ng si\u00eau \u00e2m. Qua m\u1ed9t s\u1ed1 d\u1ea5u hi\u1ec7u tr\u00ean si\u00eau \u00e2m t\u1ed5ng qu\u00e1t, b\u00e1c s\u0129 c\u00f3 th\u1ec3 nghi ng\u1edd em b\u00e9 b\u1ecb BTTVTMPHT v\u00e0 c\u00f3 th\u1ec3 \u0111\u1ec1 ngh\u1ecb l\u00e0m si\u00eau \u00e2m tim \u0111\u1ec3 x\u00e1c nh\u1eadn ch\u1ea9n \u0111o\u00e1n. Si\u00eau \u00e2m tim b\u00e0o thai l\u00e0 h\u00ecnh th\u1ee9c si\u00eau \u00e2m chi ti\u1ebft tr\u00e1i tim em b\u00e9. N\u00f3 c\u00f3 th\u1ec3 cho th\u1ea5y nh\u1eefng v\u1ea5n \u0111\u1ec1 v\u1ec1 c\u1ea5u tr\u00fac tim v\u00e0 l\u00e0m th\u1ebf n\u00e0o tim \u1ee9ng ph\u00f3 v\u1edbi d\u1ecb t\u1eadt n\u00e0y. Tuy nhi\u00ean d\u1ecb t\u1eadt BTTVTMPHT th\u01b0\u1eddng kh\u00f4ng \u0111\u01b0\u1ee3c ph\u00e1t hi\u1ec7n trong thai k\u1ef3. Kh\u00f3 cho b\u00e1c s\u0129 \u0111\u1ec3 nh\u00ecn th\u1ea5y nh\u1eefng t\u0129nh m\u1ea1ch ph\u1ed5i b\u1eb1ng nh\u1eefng x\u00e9t nghi\u1ec7m s\u00e0ng l\u1ecdc tr\u01b0\u1edbc sinh v\u00ec kh\u00f4ng c\u00f3 nhi\u1ebfu m\u00e1u \u0111\u1ebfn ph\u1ed5i tr\u01b0\u1edbc khi em b\u00e9 ch\u00e0o \u0111\u1eddi. V\u00ec th\u1ebf, ph\u00e1t hi\u1ec7n BTTVTMPHT s\u1ebd d\u1ec5 d\u00e0ng h\u01a1n sau khi em b\u00e9 sinh ra khi m\u00e1u \u0111\u1ed5 v\u1ec1 ph\u1ed5i v\u00e0 tr\u1edf v\u1ec1 tim.<\/p>\n<ul>\n<li><strong>Sau sinh<\/strong><\/li>\n<\/ul>\n<p>Nh\u1eefng tri\u1ec7u ch\u1ee9ng th\u01b0\u1eddng x\u1ea3y ra l\u00fac sinh ho\u1eb7c r\u1ea5t s\u1edbm sau sinh. Em b\u00e9 c\u00f3 BTTVTMPHT c\u00f3 th\u1ec3 c\u00f3 da t\u00edm t\u00e1i v\u00ec m\u00e1u kh\u00f4ng v\u1eadn chuy\u1ec3n \u0111\u1ee7 \u00f4 xy. Em b\u00e9 c\u00f3 BTTVTMPHT ho\u1eb7c nh\u1eefng t\u00ecnh tr\u1ea1ng kh\u00e1c g\u00e2y t\u00edm t\u00e1i c\u00f3 th\u1ec3 c\u00f3 nh\u1eefng tri\u1ec7u ch\u1ee9ng nh\u01b0 c\u00f3 v\u1ea5n \u0111\u1ec1 v\u1ec1 th\u1edf, tim \u0111\u1eadp m\u1ea1nh, m\u1ea1ch y\u1ebfu, b\u00fa k\u00e9m, ng\u1ee7 li b\u00ec.<\/p>\n<p>N\u1ebfu nghe tim, b\u00e1c s\u0129 c\u00f3 th\u1ec3 ph\u00e1t hi\u1ec7n \u00e2m th\u1ed5i g\u00e2y ra b\u1edfi lu\u1ed3ng m\u00e1u \u0111 ingang qua l\u1ed7 th\u00f4ng li\u00ean nh\u0129. N\u1ebfu nghi ng\u1edd, b\u00e1c s\u0129 c\u00f3 th\u1ec3 \u0111\u1ec1 ngh<strong>\u1ecb<\/strong> 1 hay nhi\u1ec1u x\u00e9t nghi\u1ec7m \u0111\u1ec3 x\u00e1c \u0111\u1ecbnh ch\u1ea9n \u0111o\u00e1n BTTVTMPHT. X\u00e9t nghi\u1ec7m th\u01b0\u1eddng l\u00e0m l\u00e0 si\u00eau \u00e2m tim \u0111\u1ec3 ph\u00e1t hi\u1ec7n c\u1ea5u tr\u00fac b\u1ea5t th\u01b0\u1eddng c\u1ee7a tim nh\u01b0 nh\u1eefng l\u1ed7 th\u00f4ng gi\u1eefa th\u00e0nh tim v\u00e0 b\u1ea5t k\u1ef3 lu\u1ed3ng m\u00e1u l\u01b0u th\u00f4ng b\u1ea5t th\u01b0\u1eddng n\u00e0o. Th\u00f4ng tim can thi\u1ec7p c\u0169ng c\u00f3 th\u1ec3 x\u00e1c \u0111\u1ecbnh ch\u1ea9n \u0111o\u00e1n khi ph\u00e1t hi\u1ec7n m\u1ea1ch m\u00e1u g\u1eafn v\u1edbi tim m\u1ed9t c\u00e1ch b\u1ea5t th\u01b0\u1eddng. \u00a0B\u00e1c s\u0129 c\u0169ng c\u00f3 th\u1ec3 l\u00e0m \u0111i\u1ec7n t\u00e2m \u0111\u1ed3 \u0111\u1ec3 \u0111o ho\u1ea1t \u0111\u1ed9ng \u0111i\u1ec7n c\u1ee7a tim, ch\u1ee5p X quang ng\u1ef1c v\u00e0 nh\u1eefng x\u00e9t nghi\u1ec7m y khoa kh\u00e1c \u0111\u1ec3 ch\u1ea9n \u0111o\u00e1n.<\/p>\n<p>BTTVTMPHT l\u00e0 m\u1ed9t d\u1ecb t\u1eadt tim b\u1ea9m sinh n\u1eb7ng, n\u00f3 c\u00f2n c\u00f3 th\u1ec3 \u0111\u01b0\u1ee3c ph\u00e1t hi\u1ec7n b\u1eb1ng t\u1ea7m so\u00e1t kh\u00ed \u00f4 xy m\u00e1u \u1edf tr\u1ebb s\u01a1 sinh. \u0110\u00e2y l\u00e0 ph\u01b0\u01a1ng ph\u00e1p \u0111\u01a1n gi\u1ea3n, l\u00e0m ngay t\u1ea1i gi\u01b0\u1eddng em b\u00e9. N\u1ed3ng \u0111\u1ed9 \u00f4 xy trong m\u00e1u em b\u00e9 th\u1ea5p c\u00f3 th\u1ec3 l\u00e0 d\u1ea5u hi\u1ec7u c\u1ee7a d\u1ecb t\u1eadt tim b\u1ea9m sinh n\u1eb7ng. Ph\u01b0\u01a1ng ph\u00e1p t\u1ea7m so\u00e1t s\u01a1 sinh n\u00e0y c\u00f3 th\u1ec3 ph\u00e1t hi\u1ec7n m\u1ed9t s\u1ed1 BTBS n\u1eb7ng nh\u01b0 BTTVTMPHT tr\u01b0\u1edbc khi b\u1ec7nh xu\u1ea5t hi\u1ec7n tri\u1ec7u ch\u1ee9ng.<\/p>\n<\/div><\/div><div  class=\"vc_toggle vc_toggle_arrow\"><div class=\"vc_toggle_title\"><h4>L\u00e0m th\u1ebf n\u00e0o \u0111i\u1ec1u tr\u1ecb BTTVTMPHT?<\/h4><i class=\"vc_toggle_icon\"><\/i><\/div><div class=\"vc_toggle_content\"><p>Em b\u00e9 c\u00f3 BTTVTMPHT c\u1ea7n \u0111\u01b0\u1ee3c ph\u1eabu thu\u1eadt \u0111\u1ec3 s\u1eeda ch\u1eefa d\u1ecb t\u1eadt n\u00e0y. Tu\u1ed5i \u0111\u1ec3 l\u00e0m ph\u1eabu thu\u1eadt ph\u1ee5 thu\u1ed9c v\u00e0o t\u00ecnh tr\u1ea1ng b\u1ec7nh c\u1ee7a tr\u1ebb v\u00e0 c\u1ea5u tr\u00fac \u0111\u1eb7c hi\u1ec7u c\u1ee7a k\u1ebft n\u1ed1i b\u1ea5t th\u01b0\u1eddng gi\u1eefa nh\u1eefng t\u0129nh m\u1ea1ch ph\u1ed5i v\u00e0 nh\u0129 ph\u1ea3i. M\u1ee5c \u0111\u00edch c\u1ee7a ph\u1eabu thu\u1eadt s\u1eeda ch\u1eefa BTTVTMPHT l\u00e0 t\u00e1i l\u1eadp b\u00ecnh th\u01b0\u1eddng lu\u1ed3ng m\u00e1u \u0111i ngang qua tim. \u0110\u1ec3 s\u1eeda ch\u1eefa d\u1ecb t\u1eadt n\u00e0y, b\u00e1c s\u0129 th\u01b0\u1eddng k\u1ebft n\u1ed1i t\u0129nh m\u1ea1ch ph\u1ed5i v\u00e0o nh\u0129 tr\u00e1i, \u0111\u00f3ng l\u1ea1i nh\u1eefng k\u1ebft n\u1ed1i b\u1ea5t th\u01b0\u1eddng gi\u1eefa nh\u1eefng m\u1ea1ch m\u00e1u v\u00e0 \u0111\u00f3ng th\u00f4ng li\u00ean nh\u0129.<\/p>\n<p>Nh\u01b0ng d\u00f9 \u0111\u01b0\u1ee3c ph\u1eabu thu\u1eadt, em b\u00e9 c\u00f3 BTTVTMPHT c\u0169ng kh\u00f4ng \u0111\u01b0\u1ee3c ch\u1eefa l\u00e0nh ho\u00e0n to\u00e0n m\u00e0 c\u00f3 th\u1ec3 c\u00f3 nh\u1eefng bi\u1ebfn ch\u1ee9ng su\u1ed1t \u0111\u1eddi. M\u1ed9t em b\u00e9 hay ng\u01b0\u1eddi l\u1edbn c\u00f3 BTTVTMPHT s\u1ebd c\u1ea7n th\u0103m kh\u00e1m \u0111\u1ecbnh k\u1ef3 m\u1ed9t chuy\u00ean gia tim m\u1ea1ch \u0111\u1ec3 theo d\u00f5i ti\u1ebfn tri\u1ec3n v\u00e0 ki\u1ec3m tra nh\u1eefng v\u1ea5n \u0111\u1ec1 kh\u00e1c c\u00f3 th\u1ec3 xu\u1ea5t hi\u1ec7n khi h\u1ecd l\u1edbn l\u00ean.<\/p>\n<p><sup>\u00a0<\/sup><\/p>\n<\/div><\/div><\/div><\/div><\/div><\/div>","protected":false},"excerpt":{"rendered":"B\u1ea5t th\u01b0\u1eddng tr\u1edf v\u1ec1 t\u0129nh m\u1ea1ch ph\u1ed5i ho\u00e0n to\u00e0n (BTTVTMPHT) l\u00e0 d\u1ecb t\u1eadt tim b\u1ea9m sinh m\u00e0 nh\u1eefng t\u0129nh m\u1ea1ch \u0111\u01b0a m\u00e1u t\u1eeb ph\u1ed5i tr\u1edf v\u1ec1 (t\u0129nh m\u1ea1ch ph\u1ed5i) kh\u00f4ng k\u1ebft n\u1ed1i v\u1edbi t\u00e2m nh\u0129 nh\u01b0 th\u01b0\u1eddng l\u1ec7. Thay v\u00e0o \u0111\u00f3 ch\u00fang \u0111i \u0111\u1ebfn tim b\u1eb1ng m\u1ed9t s\u1ef1 k\u1ebft n\u1ed1i b\u1ea5t th\u01b0\u1eddng. Do b\u1ea5t th\u01b0\u1eddng [...]","protected":false},"author":10,"featured_media":0,"parent":0,"menu_order":0,"comment_status":"closed","ping_status":"closed","template":"","meta":{"footnotes":""},"_links":{"self":[{"href":"https:\/\/timbamsinhtphcm.vn\/en\/wp-json\/wp\/v2\/pages\/1391"}],"collection":[{"href":"https:\/\/timbamsinhtphcm.vn\/en\/wp-json\/wp\/v2\/pages"}],"about":[{"href":"https:\/\/timbamsinhtphcm.vn\/en\/wp-json\/wp\/v2\/types\/page"}],"author":[{"embeddable":true,"href":"https:\/\/timbamsinhtphcm.vn\/en\/wp-json\/wp\/v2\/users\/10"}],"replies":[{"embeddable":true,"href":"https:\/\/timbamsinhtphcm.vn\/en\/wp-json\/wp\/v2\/comments?post=1391"}],"version-history":[{"count":11,"href":"https:\/\/timbamsinhtphcm.vn\/en\/wp-json\/wp\/v2\/pages\/1391\/revisions"}],"predecessor-version":[{"id":1406,"href":"https:\/\/timbamsinhtphcm.vn\/en\/wp-json\/wp\/v2\/pages\/1391\/revisions\/1406"}],"wp:attachment":[{"href":"https:\/\/timbamsinhtphcm.vn\/en\/wp-json\/wp\/v2\/media?parent=1391"}],"curies":[{"name":"wp","href":"https:\/\/api.w.org\/{rel}","templated":true}]}}