{"id":149,"date":"2022-10-19T14:48:42","date_gmt":"2022-10-19T14:48:42","guid":{"rendered":"http:\/\/demo.giraf.vn\/?page_id=149"},"modified":"2023-04-21T14:54:18","modified_gmt":"2023-04-21T07:54:18","slug":"webinar","status":"publish","type":"page","link":"https:\/\/timbamsinhtphcm.vn\/en\/chuyen-mon\/webinar\/","title":{"rendered":"Webinar"},"content":{"rendered":"<div data-vc-full-width=\"true\" data-vc-full-width-init=\"false\" class=\"vc_row wpb_row vc_row-fluid\"><div class=\"wpb_column vc_column_container vc_col-sm-12\"><div class=\"vc_column-inner\"><div class=\"wpb_wrapper\">\t\t\n\t\t\t<div id=\"webinar_336731478\" class=\"post-area ca-post-masonry post-webinar  cols3\">\t\n\t\t\t\t\t\t\n\t\t\t\t<div class=\"webinar-wrap webinar-schd\">\n\t\t\t\t\t<h3>Webinar s\u1eafp di\u1ec5n ra<\/h3>\n\t\t\t\t\t<div class=\"posts-container\">\n\t\t\t\t\t\t<div class=\"grid-sizer\"><\/div>\n\t\t\t\t\t\t\t\t\t\t\t<\/div>\n\t\t\t\t\t<div class=\"no-items\">Kh\u00f4ng t\u00ecm th\u1ea5y Webinar n\u00e0o s\u1eafp di\u1ec5n ra c\u1ea3!<\/div>\t\t\t\t<\/div>\n\t\t\t\t\t\n\n\t\t\t\t\t\n\t\t\t\t<div class=\"webinar-wrap webinar-old\">\n\t\t\t\t\t<h3>Th\u01b0 vi\u1ec7n Webinar<\/h3>\t\t\t\t\t<div class=\"posts-container\">\n\t\t\t\t\t\t<div class=\"grid-sizer\"><\/div>\n\t\t\t\t\t\t\t<article id=\"post-332\" class=\"post item post-332 type-post status-publish format-standard has-post-thumbnail hentry category-webinar\">\n\t\t<div class=\"item\">\n\n\t\t\t<header class=\"entry-header\">\n\t\t\t\t\t\t\t\r\n\t\t\t\t\t<a href=\"https:\/\/timbamsinhtphcm.vn\/en\/webinar-lien-chi-hoi-06\/\" title=\"webinar li\u00ean chi h\u1ed9i 06\">\r\n\t\t\t\t\t\t\r\n\t\t\t\t\t\t\t<figure class=\"entry-thumbnail\">\r\n\t\t\t\t\t<img loading=\"lazy\" decoding=\"async\" width=\"300\" height=\"196\" src=\"https:\/\/timbamsinhtphcm.vn\/wp-content\/uploads\/2022\/10\/webinar-01.png\" class=\"attachment-medium size-medium wp-post-image\" alt=\"\" \/> \t\t\t\r\n\t\t\t<\/figure>\r\n\t\t\t\t\t\t\t\t\r\n\t\t\t\t\t<\/a>\r\n\t\t\t\t\r\n\t\t\t\t<\/header>\n\n\t\t\t<div class=\"entry-content\">\n\t\t\t\t<h3 class=\"title\">\n\t\t\t\t\t<a href=\"https:\/\/timbamsinhtphcm.vn\/en\/webinar-lien-chi-hoi-06\/\" rel=\"bookmark\">webinar li\u00ean chi h\u1ed9i 06<\/a>\n\t\t\t\t<\/h3>\n\n\t\t\t\t\t\t\t\t\t<div class=\"date\">\n\t\t\t\t\t\tMonday, 28 March, 2022\t\t\t\t\t<\/div>\n\t\t\t\t\t<div class=\"clear\"><\/div>\n\t\t\t\t\t<a href=\"https:\/\/timbamsinhtphcm.vn\/en\/webinar-lien-chi-hoi-06\/\" class=\"read-more ztheme-shortcode button\">\n\t\t\t\t\t\tXem Ngay\t\t\t\t\t<\/a>\n\t\t\t\t\t\t\t<\/div>\n\n\t\t<\/div>\n\t<\/article>\n\t\t<article id=\"post-331\" class=\"post item post-331 type-post status-publish format-standard has-post-thumbnail hentry category-webinar\">\n\t\t<div class=\"item\">\n\n\t\t\t<header class=\"entry-header\">\n\t\t\t\t\t\t\t\r\n\t\t\t\t\t<a href=\"https:\/\/timbamsinhtphcm.vn\/en\/webinar-lien-chi-hoi-05\/\" title=\"webinar li\u00ean chi h\u1ed9i 05\">\r\n\t\t\t\t\t\t\r\n\t\t\t\t\t\t\t<figure class=\"entry-thumbnail\">\r\n\t\t\t\t\t<img loading=\"lazy\" decoding=\"async\" width=\"300\" height=\"196\" src=\"https:\/\/timbamsinhtphcm.vn\/wp-content\/uploads\/2022\/10\/webinar-01.png\" class=\"attachment-medium size-medium wp-post-image\" alt=\"\" \/> \t\t\t\r\n\t\t\t<\/figure>\r\n\t\t\t\t\t\t\t\t\r\n\t\t\t\t\t<\/a>\r\n\t\t\t\t\r\n\t\t\t\t<\/header>\n\n\t\t\t<div class=\"entry-content\">\n\t\t\t\t<h3 class=\"title\">\n\t\t\t\t\t<a href=\"https:\/\/timbamsinhtphcm.vn\/en\/webinar-lien-chi-hoi-05\/\" rel=\"bookmark\">webinar li\u00ean chi h\u1ed9i 05<\/a>\n\t\t\t\t<\/h3>\n\n\t\t\t\t\t\t\t\t\t<div class=\"date\">\n\t\t\t\t\t\tTuesday, 15 March, 2022\t\t\t\t\t<\/div>\n\t\t\t\t\t<div class=\"clear\"><\/div>\n\t\t\t\t\t<a href=\"https:\/\/timbamsinhtphcm.vn\/en\/webinar-lien-chi-hoi-05\/\" class=\"read-more ztheme-shortcode button\">\n\t\t\t\t\t\tXem Ngay\t\t\t\t\t<\/a>\n\t\t\t\t\t\t\t<\/div>\n\n\t\t<\/div>\n\t<\/article>\n\t\t<article id=\"post-313\" class=\"post item post-313 type-post status-publish format-standard has-post-thumbnail hentry category-webinar\">\n\t\t<div class=\"item\">\n\n\t\t\t<header class=\"entry-header\">\n\t\t\t\t\t\t\t\r\n\t\t\t\t\t<a href=\"https:\/\/timbamsinhtphcm.vn\/en\/webinar-lien-chi-hoi-04\/\" title=\"webinar li\u00ean chi h\u1ed9i 04\">\r\n\t\t\t\t\t\t\r\n\t\t\t\t\t\t\t<figure class=\"entry-thumbnail\">\r\n\t\t\t\t\t<img loading=\"lazy\" decoding=\"async\" width=\"300\" height=\"196\" src=\"https:\/\/timbamsinhtphcm.vn\/wp-content\/uploads\/2022\/10\/webinar-01.png\" class=\"attachment-medium size-medium wp-post-image\" alt=\"\" \/> \t\t\t\r\n\t\t\t<\/figure>\r\n\t\t\t\t\t\t\t\t\r\n\t\t\t\t\t<\/a>\r\n\t\t\t\t\r\n\t\t\t\t<\/header>\n\n\t\t\t<div class=\"entry-content\">\n\t\t\t\t<h3 class=\"title\">\n\t\t\t\t\t<a href=\"https:\/\/timbamsinhtphcm.vn\/en\/webinar-lien-chi-hoi-04\/\" rel=\"bookmark\">webinar li\u00ean chi h\u1ed9i 04<\/a>\n\t\t\t\t<\/h3>\n\n\t\t\t\t\t\t\t\t\t<div class=\"date\">\n\t\t\t\t\t\tThursday, 17 February, 2022\t\t\t\t\t<\/div>\n\t\t\t\t\t<div class=\"clear\"><\/div>\n\t\t\t\t\t<a href=\"https:\/\/timbamsinhtphcm.vn\/en\/webinar-lien-chi-hoi-04\/\" class=\"read-more ztheme-shortcode button\">\n\t\t\t\t\t\tXem Ngay\t\t\t\t\t<\/a>\n\t\t\t\t\t\t\t<\/div>\n\n\t\t<\/div>\n\t<\/article>\n\t\t<article id=\"post-312\" class=\"post item post-312 type-post status-publish format-standard has-post-thumbnail hentry category-webinar\">\n\t\t<div class=\"item\">\n\n\t\t\t<header class=\"entry-header\">\n\t\t\t\t\t\t\t\r\n\t\t\t\t\t<a href=\"https:\/\/timbamsinhtphcm.vn\/en\/webinar-lien-chi-hoi-03\/\" title=\"webinar li\u00ean chi h\u1ed9i 03\">\r\n\t\t\t\t\t\t\r\n\t\t\t\t\t\t\t<figure class=\"entry-thumbnail\">\r\n\t\t\t\t\t<img loading=\"lazy\" decoding=\"async\" width=\"300\" height=\"196\" src=\"https:\/\/timbamsinhtphcm.vn\/wp-content\/uploads\/2022\/10\/webinar-01.png\" class=\"attachment-medium size-medium wp-post-image\" alt=\"\" \/> \t\t\t\r\n\t\t\t<\/figure>\r\n\t\t\t\t\t\t\t\t\r\n\t\t\t\t\t<\/a>\r\n\t\t\t\t\r\n\t\t\t\t<\/header>\n\n\t\t\t<div class=\"entry-content\">\n\t\t\t\t<h3 class=\"title\">\n\t\t\t\t\t<a href=\"https:\/\/timbamsinhtphcm.vn\/en\/webinar-lien-chi-hoi-03\/\" rel=\"bookmark\">webinar li\u00ean chi h\u1ed9i 03<\/a>\n\t\t\t\t<\/h3>\n\n\t\t\t\t\t\t\t\t\t<div class=\"date\">\n\t\t\t\t\t\tWednesday, 16 February, 2022\t\t\t\t\t<\/div>\n\t\t\t\t\t<div class=\"clear\"><\/div>\n\t\t\t\t\t<a href=\"https:\/\/timbamsinhtphcm.vn\/en\/webinar-lien-chi-hoi-03\/\" class=\"read-more ztheme-shortcode button\">\n\t\t\t\t\t\tXem Ngay\t\t\t\t\t<\/a>\n\t\t\t\t\t\t\t<\/div>\n\n\t\t<\/div>\n\t<\/article>\n\t\t<article id=\"post-311\" class=\"post item post-311 type-post status-publish format-standard has-post-thumbnail hentry category-webinar\">\n\t\t<div class=\"item\">\n\n\t\t\t<header class=\"entry-header\">\n\t\t\t\t\t\t\t\r\n\t\t\t\t\t<a href=\"https:\/\/timbamsinhtphcm.vn\/en\/webinar-lien-chi-hoi-02\/\" title=\"webinar li\u00ean chi h\u1ed9i 02\">\r\n\t\t\t\t\t\t\r\n\t\t\t\t\t\t\t<figure class=\"entry-thumbnail\">\r\n\t\t\t\t\t<img loading=\"lazy\" decoding=\"async\" width=\"300\" height=\"196\" src=\"https:\/\/timbamsinhtphcm.vn\/wp-content\/uploads\/2022\/10\/webinar-01.png\" class=\"attachment-medium size-medium wp-post-image\" alt=\"\" \/> \t\t\t\r\n\t\t\t<\/figure>\r\n\t\t\t\t\t\t\t\t\r\n\t\t\t\t\t<\/a>\r\n\t\t\t\t\r\n\t\t\t\t<\/header>\n\n\t\t\t<div class=\"entry-content\">\n\t\t\t\t<h3 class=\"title\">\n\t\t\t\t\t<a href=\"https:\/\/timbamsinhtphcm.vn\/en\/webinar-lien-chi-hoi-02\/\" rel=\"bookmark\">webinar li\u00ean chi h\u1ed9i 02<\/a>\n\t\t\t\t<\/h3>\n\n\t\t\t\t\t\t\t\t\t<div class=\"date\">\n\t\t\t\t\t\tTuesday, 15 February, 2022\t\t\t\t\t<\/div>\n\t\t\t\t\t<div class=\"clear\"><\/div>\n\t\t\t\t\t<a href=\"https:\/\/timbamsinhtphcm.vn\/en\/webinar-lien-chi-hoi-02\/\" class=\"read-more ztheme-shortcode button\">\n\t\t\t\t\t\tXem Ngay\t\t\t\t\t<\/a>\n\t\t\t\t\t\t\t<\/div>\n\n\t\t<\/div>\n\t<\/article>\n\t\t<article id=\"post-303\" class=\"post item post-303 type-post status-publish format-standard has-post-thumbnail hentry category-webinar\">\n\t\t<div class=\"item\">\n\n\t\t\t<header class=\"entry-header\">\n\t\t\t\t\t\t\t\r\n\t\t\t\t\t<a href=\"https:\/\/timbamsinhtphcm.vn\/en\/webinar-lien-chi-hoi-01\/\" title=\"webinar li\u00ean chi h\u1ed9i 01\">\r\n\t\t\t\t\t\t\r\n\t\t\t\t\t\t\t<figure class=\"entry-thumbnail\">\r\n\t\t\t\t\t<img loading=\"lazy\" decoding=\"async\" width=\"300\" height=\"196\" src=\"https:\/\/timbamsinhtphcm.vn\/wp-content\/uploads\/2022\/10\/webinar-01.png\" class=\"attachment-medium size-medium wp-post-image\" alt=\"\" \/> \t\t\t\r\n\t\t\t<\/figure>\r\n\t\t\t\t\t\t\t\t\r\n\t\t\t\t\t<\/a>\r\n\t\t\t\t\r\n\t\t\t\t<\/header>\n\n\t\t\t<div class=\"entry-content\">\n\t\t\t\t<h3 class=\"title\">\n\t\t\t\t\t<a href=\"https:\/\/timbamsinhtphcm.vn\/en\/webinar-lien-chi-hoi-01\/\" rel=\"bookmark\">webinar li\u00ean chi h\u1ed9i 01<\/a>\n\t\t\t\t<\/h3>\n\n\t\t\t\t\t\t\t\t\t<div class=\"date\">\n\t\t\t\t\t\tMonday, 14 February, 2022\t\t\t\t\t<\/div>\n\t\t\t\t\t<div class=\"clear\"><\/div>\n\t\t\t\t\t<a href=\"https:\/\/timbamsinhtphcm.vn\/en\/webinar-lien-chi-hoi-01\/\" class=\"read-more ztheme-shortcode button\">\n\t\t\t\t\t\tXem Ngay\t\t\t\t\t<\/a>\n\t\t\t\t\t\t\t<\/div>\n\n\t\t<\/div>\n\t<\/article>\n\t\t\t\t\t\t\t\n\t\t\t\t\t<\/div>\n\t\t\t\t<\/div>\n\t\t\t<\/div>\n\t\t\t\n\t\t\t<div class=\"clear\"><\/div>\n\t\t\t\t\t\t\t\t\t\t\t\t<div class=\"end_content\">\n\t\t\t\t\t\t\t\t\t\t\t<\/div>\n\t\t\t\t\t\t\t\t\t<\/div>\n<\/div><\/div><\/div><\/div><div class=\"vc_row-full-width vc_clearfix\"><\/div>","protected":false},"excerpt":{"rendered":"\u0110\u1ecba \u0111i\u1ec3m: H\u1ed9i tr\u01b0\u1eddng l\u1ea7u 3, b\u1ec7nh vi\u1ec7n Y H\u1ecdc D\u00e2n T\u1ed9c \u0110\u1ecba ch\u1ec9: \u00a0273 Nguy\u1ec5n V\u0103n Tr\u1ed7i, Ph\u01b0\u1eddng 10, Ph\u00fa Nhu\u1eadn Ng\u01b0\u1eddi thuy\u1ebft tr\u00ecnh: Th\u1ea1c s\u0129, b\u00e1c s\u0129 Nguy\u1ec5n Ph\u00fa B\u1eb1ng - tr\u01b0\u1edfng khoa \u0110\u00f4ng Y b\u1ec7nh vi\u1ec7n B\u00e1c s\u0129 Tr\u01b0\u01a1ng Th\u1ecbu \u00c1nh H\u1ed3ng -\u00a0chuy\u00ean khoa \u0110\u00f4ng Y b\u1ec7nh vi\u1ec7n 115","protected":false},"author":1,"featured_media":308,"parent":37,"menu_order":0,"comment_status":"closed","ping_status":"closed","template":"","meta":{"footnotes":""},"_links":{"self":[{"href":"https:\/\/timbamsinhtphcm.vn\/en\/wp-json\/wp\/v2\/pages\/149"}],"collection":[{"href":"https:\/\/timbamsinhtphcm.vn\/en\/wp-json\/wp\/v2\/pages"}],"about":[{"href":"https:\/\/timbamsinhtphcm.vn\/en\/wp-json\/wp\/v2\/types\/page"}],"author":[{"embeddable":true,"href":"https:\/\/timbamsinhtphcm.vn\/en\/wp-json\/wp\/v2\/users\/1"}],"replies":[{"embeddable":true,"href":"https:\/\/timbamsinhtphcm.vn\/en\/wp-json\/wp\/v2\/comments?post=149"}],"version-history":[{"count":1,"href":"https:\/\/timbamsinhtphcm.vn\/en\/wp-json\/wp\/v2\/pages\/149\/revisions"}],"predecessor-version":[{"id":777,"href":"https:\/\/timbamsinhtphcm.vn\/en\/wp-json\/wp\/v2\/pages\/149\/revisions\/777"}],"up":[{"embeddable":true,"href":"https:\/\/timbamsinhtphcm.vn\/en\/wp-json\/wp\/v2\/pages\/37"}],"wp:featuredmedia":[{"embeddable":true,"href":"https:\/\/timbamsinhtphcm.vn\/en\/wp-json\/wp\/v2\/media\/308"}],"wp:attachment":[{"href":"https:\/\/timbamsinhtphcm.vn\/en\/wp-json\/wp\/v2\/media?parent=149"}],"curies":[{"name":"wp","href":"https:\/\/api.w.org\/{rel}","templated":true}]}}