{"id":152,"date":"2022-10-19T14:49:11","date_gmt":"2022-10-19T14:49:11","guid":{"rendered":"http:\/\/demo.giraf.vn\/?page_id=152"},"modified":"2023-05-03T10:07:35","modified_gmt":"2023-05-03T03:07:35","slug":"thu-vien","status":"publish","type":"page","link":"https:\/\/timbamsinhtphcm.vn\/en\/chuyen-mon\/thu-vien\/","title":{"rendered":"Library"},"content":{"rendered":"<div class=\"vc_row wpb_row vc_row-fluid\"><div class=\"wpb_column vc_column_container vc_col-sm-12\"><div class=\"vc_column-inner\"><div class=\"wpb_wrapper\">\n\t<div class=\"wpb_text_column wpb_content_element\" >\n\t\t<div class=\"wpb_wrapper\">\n\t\t\t\n\t\t<\/div>\n\t<\/div>\n<div class=\"ztheme-shortcode library-cates col2\"><ul><li>\n\t\t\t\t\t\t\t<a href=\"https:\/\/timbamsinhtphcm.vn\/en\/library-category\/sach-chuyen-nganh\/\"> S\u00e1ch Chuy\u00ean Ng\u00e0nh<\/a>\n\t\t\t\t\t\t\t<p>H\u01b0\u1edbng d\u1eabn d\u00e0nh cho nh\u00e2n vi\u00ean y t\u1ebf<\/p>\n\t\t\t\t\t\t<\/li><li>\n\t\t\t\t\t\t\t<a href=\"https:\/\/timbamsinhtphcm.vn\/en\/library-category\/bai-giang\/\"> B\u00e0i Gi\u1ea3ng<\/a>\n\t\t\t\t\t\t\t<p>B\u00e0i gi\u1ea3ng - b\u00e0i vi\u1ebft \u2013 h\u00ecnh \u1ea3nh <\/p>\n\t\t\t\t\t\t<\/li><\/ul><\/div><\/div><\/div><\/div><\/div>","protected":false},"excerpt":{"rendered":"S\u00e1ch Chuy\u00ean Ng\u00e0nh H\u01b0\u1edbng d\u1eabn d\u00e0nh cho nh\u00e2n vi\u00ean y t\u1ebf B\u00e0i Gi\u1ea3ng B\u00e0i gi\u1ea3ng - b\u00e0i vi\u1ebft \u2013 h\u00ecnh \u1ea3nh","protected":false},"author":1,"featured_media":0,"parent":37,"menu_order":0,"comment_status":"closed","ping_status":"closed","template":"","meta":{"footnotes":""},"_links":{"self":[{"href":"https:\/\/timbamsinhtphcm.vn\/en\/wp-json\/wp\/v2\/pages\/152"}],"collection":[{"href":"https:\/\/timbamsinhtphcm.vn\/en\/wp-json\/wp\/v2\/pages"}],"about":[{"href":"https:\/\/timbamsinhtphcm.vn\/en\/wp-json\/wp\/v2\/types\/page"}],"author":[{"embeddable":true,"href":"https:\/\/timbamsinhtphcm.vn\/en\/wp-json\/wp\/v2\/users\/1"}],"replies":[{"embeddable":true,"href":"https:\/\/timbamsinhtphcm.vn\/en\/wp-json\/wp\/v2\/comments?post=152"}],"version-history":[{"count":2,"href":"https:\/\/timbamsinhtphcm.vn\/en\/wp-json\/wp\/v2\/pages\/152\/revisions"}],"predecessor-version":[{"id":1190,"href":"https:\/\/timbamsinhtphcm.vn\/en\/wp-json\/wp\/v2\/pages\/152\/revisions\/1190"}],"up":[{"embeddable":true,"href":"https:\/\/timbamsinhtphcm.vn\/en\/wp-json\/wp\/v2\/pages\/37"}],"wp:attachment":[{"href":"https:\/\/timbamsinhtphcm.vn\/en\/wp-json\/wp\/v2\/media?parent=152"}],"curies":[{"name":"wp","href":"https:\/\/api.w.org\/{rel}","templated":true}]}}