{"id":2,"date":"2022-10-18T03:47:39","date_gmt":"2022-10-18T03:47:39","guid":{"rendered":"http:\/\/demo.giraf.vn\/?page_id=2"},"modified":"2023-05-03T09:08:56","modified_gmt":"2023-05-03T02:08:56","slug":"ban-quyen","status":"publish","type":"page","link":"https:\/\/timbamsinhtphcm.vn\/en\/ban-quyen\/","title":{"rendered":"Copyright"},"content":{"rendered":"<p>Nh\u1eefng th\u00f4ng tin tr\u00ean website <strong>li\u00ean quan \u0111\u1ebfn ho\u1ea1t \u0111\u1ed9ng c\u1ed9ng \u0111\u1ed3ng<\/strong> kh\u00f4ng \u0111\u1eb7t v\u1ea5n \u0111\u1ec1 v\u1ec1 b\u1ea3n quy\u1ec1n v\u00e0 ch\u00fang c\u00f3 th\u1ec3 \u0111\u01b0\u1ee3c s\u1eed d\u1ee5ng m\u00e0 kh\u00f4ng c\u1ea7n s\u1ef1 \u0111\u1ed3ng \u00fd v\u1ec1 b\u1ea3n quy\u1ec1n c\u1ee7a Li\u00ean chi h\u1ed9i Tim m\u1ea1ch nhi v\u00e0 Tim b\u1ea9m sinh TP.HCM.<\/p>\n<p><strong>Tuy nhi\u00ean, l<\/strong><strong>ogo c\u1ee7a Li\u00ean chi h\u1ed9i Tim m\u1ea1ch nhi v\u00e0 Tim b\u1ea9m sinh TP.HCM l\u00e0 t\u00e0i s\u1ea3n c\u1ee7a li\u00ean chi h\u1ed9i.<\/strong> V\u00ec th\u1ebf vi\u1ec7c s\u1eed d\u1ee5ng logo n\u00e0y d\u01b0\u1edbi m\u1ecdi h\u00ecnh th\u1ee9c (nh\u01b0 qu\u1ea3ng b\u00e1 s\u1ea3n ph\u1ea9m, t\u1ed5 ch\u1ee9c h\u1ed9i th\u1ea3o khoa h\u1ecdc, c\u00e1c ho\u1ea1t \u0111\u1ed9ng c\u1ed9ng \u0111\u1ed3ng) <strong>\u0111\u1ec1u ph\u1ea3i \u0111\u01b0\u1ee3c s\u1ef1 \u0111\u1ed3ng \u00fd v\u00e0 cho ph\u00e9p b\u1eb1ng v\u0103n b\u1ea3n c\u1ee7a li\u00ean chi h\u1ed9i.<\/strong> M\u1ecdi h\u00ecnh th\u1ee9c vi ph\u1ea1m s\u1ebd \u0111\u01b0\u1ee3c li\u00ean chi h\u1ed9i xem x\u00e9t d\u01b0\u1edbi g\u00f3c \u0111\u1ed9 ph\u00e1p lu\u1eadt.<\/p>","protected":false},"excerpt":{"rendered":"<p>Nh\u1eefng th\u00f4ng tin tr\u00ean website li\u00ean quan \u0111\u1ebfn ho\u1ea1t \u0111\u1ed9ng c\u1ed9ng \u0111\u1ed3ng kh\u00f4ng \u0111\u1eb7t v\u1ea5n \u0111\u1ec1 v\u1ec1 b\u1ea3n quy\u1ec1n v\u00e0 ch\u00fang c\u00f3 th\u1ec3 \u0111\u01b0\u1ee3c s\u1eed d\u1ee5ng m\u00e0 kh\u00f4ng c\u1ea7n s\u1ef1 \u0111\u1ed3ng \u00fd v\u1ec1 b\u1ea3n quy\u1ec1n c\u1ee7a Li\u00ean chi h\u1ed9i Tim m\u1ea1ch nhi v\u00e0 Tim b\u1ea9m sinh TP.HCM. Tuy nhi\u00ean, logo c\u1ee7a Li\u00ean chi h\u1ed9i Tim [&hellip;]<\/p>\n","protected":false},"author":1,"featured_media":0,"parent":0,"menu_order":0,"comment_status":"closed","ping_status":"open","template":"","meta":{"footnotes":""},"_links":{"self":[{"href":"https:\/\/timbamsinhtphcm.vn\/en\/wp-json\/wp\/v2\/pages\/2"}],"collection":[{"href":"https:\/\/timbamsinhtphcm.vn\/en\/wp-json\/wp\/v2\/pages"}],"about":[{"href":"https:\/\/timbamsinhtphcm.vn\/en\/wp-json\/wp\/v2\/types\/page"}],"author":[{"embeddable":true,"href":"https:\/\/timbamsinhtphcm.vn\/en\/wp-json\/wp\/v2\/users\/1"}],"replies":[{"embeddable":true,"href":"https:\/\/timbamsinhtphcm.vn\/en\/wp-json\/wp\/v2\/comments?post=2"}],"version-history":[{"count":2,"href":"https:\/\/timbamsinhtphcm.vn\/en\/wp-json\/wp\/v2\/pages\/2\/revisions"}],"predecessor-version":[{"id":1182,"href":"https:\/\/timbamsinhtphcm.vn\/en\/wp-json\/wp\/v2\/pages\/2\/revisions\/1182"}],"wp:attachment":[{"href":"https:\/\/timbamsinhtphcm.vn\/en\/wp-json\/wp\/v2\/media?parent=2"}],"curies":[{"name":"wp","href":"https:\/\/api.w.org\/{rel}","templated":true}]}}