{"id":29,"date":"2022-10-18T15:13:27","date_gmt":"2022-10-18T15:13:27","guid":{"rendered":"http:\/\/demo.giraf.vn\/?page_id=29"},"modified":"2023-08-06T10:58:38","modified_gmt":"2023-08-06T03:58:38","slug":"bch-nhiem-ky-2022-2027","status":"publish","type":"page","link":"https:\/\/timbamsinhtphcm.vn\/en\/gioi-thieu\/bch-nhiem-ky-2022-2027\/","title":{"rendered":"Executive Board, Term 2022 - 2027"},"content":{"rendered":"<p><img loading=\"lazy\" decoding=\"async\" class=\"alignnone size-full wp-image-1456\" src=\"https:\/\/timbamsinhtphcm.vn\/wp-content\/uploads\/2023\/05\/dai-hoi-2.jpg\" alt=\"\" width=\"2048\" height=\"987\" \/><\/p>\n<p><strong>List of 23 members approved under Decision No. 52\/Q\u0110-HYH-2022 by the HCMC Medical Association<\/strong><\/p>\n<ol>\n<li>Do Nguyen Tin, MD, PhD - President<\/li>\n<li>Le Minh Khoi, MD, PhD - Vice President<\/li>\n<li>Nguyen Minh Tri Viet, MD, MSc, Spec. II - Vice President<\/li>\n<li>Cao Dang Khang, MD, PhD - Vice President<\/li>\n<li>Le Kim Tuyen, MD, PhD - Vice President<\/li>\n<li>Nguyen Minh Hai, MD, PhD - General Secretary<\/li>\n<li>Vu Nang Phuc, MD, Spec. I - Standing Board Member<\/li>\n<li>Nguyen Kinh Bang, MD, MSc, Spec. II - Standing Board Member<\/li>\n<li>Nguyen Thuong Nghia, MD, PhD - Executive Board Member<\/li>\n<li>Huynh Ngoc Thien, MD, MSc - Executive Board Member<\/li>\n<li>Nguyen Tien Hao, MD, PhD - Executive Board Member<\/li>\n<li>Le Thanh Khanh Van, MD, PhD - Executive Board Member<\/li>\n<li>Nguyen Tri Hao, MD, MSc, Spec. II - Executive Board Member<\/li>\n<li>\u00a0Ngo Kim Thoi, MD, MSc, Spec. II - Executive Board Member<\/li>\n<li>\u00a0Nguyen Th\u1ecb Tran Chau, MD, MSc, Spec. II - Executive Board Member<\/li>\n<li>Nguyen Duc Tuan, MD, MSc, Spec. II - Executive Board Member<\/li>\n<li>Pham Huu Minh Nhat, MD, PhD - Executive Board Member<\/li>\n<li>Phan Thanh Tho, MD, MSc, Spec. II - Executive Board Member<\/li>\n<li>Phan Tien Loi, MD, PhD - Executive Board Member<\/li>\n<li>Tran Cong Bao Phung, MD, MSc, Spec. II - Executive Board Member<\/li>\n<li>Dao Anh Quoc, MD, MSc - Executive Board Member<\/li>\n<li>Do Thi Cam Giang, MD, Spec. II - Executive Board Member<\/li>\n<li>Pham Thuc Minh Thuy, MD, Spec. I - Executive Board Member<\/li>\n<\/ol>","protected":false},"excerpt":{"rendered":"<p>Danh s\u00e1ch g\u1ed3m 23 th\u00e0nh vi\u00ean (Q\u0110 s\u1ed1 52\/Q\u0110-HYH-2022 c\u1ee7a H\u1ed9i Y h\u1ecdc TP.HCM) TS \u0110\u1ed7 Nguy\u00ean T\u00edn \u2013 Ch\u1ee7 t\u1ecbch TS L\u00ea Minh Kh\u00f4i \u2013 Ph\u00f3 ch\u1ee7 t\u1ecbch ThS \u2013 BSCK2 Nguy\u1ec5n Minh Tr\u00ed Vi\u1ec7t &#8211; Ph\u00f3 ch\u1ee7 t\u1ecbch TS Cao \u0110\u1eb1ng Khang &#8211; Ph\u00f3 ch\u1ee7 t\u1ecbch TS L\u00ea Kim Tuy\u1ebfn &#8211; Ph\u00f3 ch\u1ee7 [&hellip;]<\/p>\n","protected":false},"author":1,"featured_media":0,"parent":25,"menu_order":0,"comment_status":"closed","ping_status":"closed","template":"","meta":{"footnotes":""},"_links":{"self":[{"href":"https:\/\/timbamsinhtphcm.vn\/en\/wp-json\/wp\/v2\/pages\/29"}],"collection":[{"href":"https:\/\/timbamsinhtphcm.vn\/en\/wp-json\/wp\/v2\/pages"}],"about":[{"href":"https:\/\/timbamsinhtphcm.vn\/en\/wp-json\/wp\/v2\/types\/page"}],"author":[{"embeddable":true,"href":"https:\/\/timbamsinhtphcm.vn\/en\/wp-json\/wp\/v2\/users\/1"}],"replies":[{"embeddable":true,"href":"https:\/\/timbamsinhtphcm.vn\/en\/wp-json\/wp\/v2\/comments?post=29"}],"version-history":[{"count":11,"href":"https:\/\/timbamsinhtphcm.vn\/en\/wp-json\/wp\/v2\/pages\/29\/revisions"}],"predecessor-version":[{"id":1715,"href":"https:\/\/timbamsinhtphcm.vn\/en\/wp-json\/wp\/v2\/pages\/29\/revisions\/1715"}],"up":[{"embeddable":true,"href":"https:\/\/timbamsinhtphcm.vn\/en\/wp-json\/wp\/v2\/pages\/25"}],"wp:attachment":[{"href":"https:\/\/timbamsinhtphcm.vn\/en\/wp-json\/wp\/v2\/media?parent=29"}],"curies":[{"name":"wp","href":"https:\/\/api.w.org\/{rel}","templated":true}]}}