{"id":31,"date":"2022-10-18T15:13:45","date_gmt":"2022-10-18T15:13:45","guid":{"rendered":"http:\/\/demo.giraf.vn\/?page_id=31"},"modified":"2023-07-30T14:49:07","modified_gmt":"2023-07-30T07:49:07","slug":"lien-he","status":"publish","type":"page","link":"https:\/\/timbamsinhtphcm.vn\/en\/gioi-thieu\/lien-he\/","title":{"rendered":"Contact Us"},"content":{"rendered":"<div class=\"vc_row wpb_row vc_row-fluid\"><div class=\"wpb_column vc_column_container vc_col-sm-12\"><div class=\"vc_column-inner\"><div class=\"wpb_wrapper\">\n\t<div class=\"wpb_text_column wpb_content_element \" >\n\t\t<div class=\"wpb_wrapper\">\n\t\t\t<p>M\u1ecdi th\u1eafc m\u1eafc xin vui l\u00f2ng li\u00ean h\u1ec7 v\u1edbi ch\u00fang t\u00f4i:<\/p>\n<ul>\n<li>\u0110\u1ecba ch\u1ec9: 341 S\u01b0 V\u1ea1n H\u1ea1nh, Ph\u01b0\u1eddng 10, Qu\u1eadn 10 Th\u00e0nh ph\u1ed1 H\u1ed3 Ch\u00ed Minh<\/li>\n<li>\u0110i\u1ec7n tho\u1ea1i: [+84] 941.187.720<\/li>\n<li>Email: timbamsinhtphcm@gmail.com<\/li>\n<\/ul>\n\n\t\t<\/div>\n\t<\/div>\n<\/div><\/div><\/div><\/div><div class=\"vc_row wpb_row vc_row-fluid vc_custom_1668707340589\"><div class=\"wpb_column vc_column_container vc_col-sm-12\"><div class=\"vc_column-inner vc_custom_1668707149412\"><div class=\"wpb_wrapper\">\n\t<div class=\"wpb_raw_code wpb_content_element wpb_raw_html\" >\n\t\t<div class=\"wpb_wrapper\">\n\t\t\t<iframe src=\"https:\/\/www.google.com\/maps\/embed?pb=!1m18!1m12!1m3!1d3919.551272924841!2d106.66857367606696!3d10.769024759328078!2m3!1f0!2f0!3f0!3m2!1i1024!2i768!4f13.1!3m3!1m2!1s0x31752ee75386aaab%3A0x37db9fac5515ef35!2zMzQxIMSQLiBTxrAgVuG6oW4gSOG6oW5oLCBQaMaw4budbmcgMTAsIFF14bqtbiAxMCwgVGjDoG5oIHBo4buRIEjhu5MgQ2jDrSBNaW5oIDcwMDAwMCwgVmlldG5hbQ!5e0!3m2!1sen!2s!4v1673592177970!5m2!1sen!2s\" width=\"840\" height=\"450\" style=\"border:0;\" allowfullscreen=\"\" loading=\"lazy\" referrerpolicy=\"no-referrer-when-downgrade\"><\/iframe>\n\t\t<\/div>\n\t<\/div>\n<\/div><\/div><\/div><\/div>\n","protected":false},"excerpt":{"rendered":"M\u1ecdi th\u1eafc m\u1eafc xin vui l\u00f2ng li\u00ean h\u1ec7 v\u1edbi ch\u00fang t\u00f4i: \u0110\u1ecba ch\u1ec9: 341 S\u01b0 V\u1ea1n H\u1ea1nh, Ph\u01b0\u1eddng 10, Qu\u1eadn 10 Th\u00e0nh ph\u1ed1 H\u1ed3 Ch\u00ed Minh \u0110i\u1ec7n tho\u1ea1i: [+84] 941.187.720 Email: timbamsinhtphcm@gmail.com","protected":false},"author":1,"featured_media":1698,"parent":25,"menu_order":0,"comment_status":"closed","ping_status":"closed","template":"","meta":{"footnotes":""},"_links":{"self":[{"href":"https:\/\/timbamsinhtphcm.vn\/en\/wp-json\/wp\/v2\/pages\/31"}],"collection":[{"href":"https:\/\/timbamsinhtphcm.vn\/en\/wp-json\/wp\/v2\/pages"}],"about":[{"href":"https:\/\/timbamsinhtphcm.vn\/en\/wp-json\/wp\/v2\/types\/page"}],"author":[{"embeddable":true,"href":"https:\/\/timbamsinhtphcm.vn\/en\/wp-json\/wp\/v2\/users\/1"}],"replies":[{"embeddable":true,"href":"https:\/\/timbamsinhtphcm.vn\/en\/wp-json\/wp\/v2\/comments?post=31"}],"version-history":[{"count":10,"href":"https:\/\/timbamsinhtphcm.vn\/en\/wp-json\/wp\/v2\/pages\/31\/revisions"}],"predecessor-version":[{"id":1697,"href":"https:\/\/timbamsinhtphcm.vn\/en\/wp-json\/wp\/v2\/pages\/31\/revisions\/1697"}],"up":[{"embeddable":true,"href":"https:\/\/timbamsinhtphcm.vn\/en\/wp-json\/wp\/v2\/pages\/25"}],"wp:featuredmedia":[{"embeddable":true,"href":"https:\/\/timbamsinhtphcm.vn\/en\/wp-json\/wp\/v2\/media\/1698"}],"wp:attachment":[{"href":"https:\/\/timbamsinhtphcm.vn\/en\/wp-json\/wp\/v2\/media?parent=31"}],"curies":[{"name":"wp","href":"https:\/\/api.w.org\/{rel}","templated":true}]}}