{"id":33,"date":"2022-10-18T15:14:06","date_gmt":"2022-10-18T15:14:06","guid":{"rendered":"http:\/\/demo.giraf.vn\/?page_id=33"},"modified":"2025-09-01T22:19:18","modified_gmt":"2025-09-01T15:19:18","slug":"hoat-dong-hoi","status":"publish","type":"page","link":"https:\/\/timbamsinhtphcm.vn\/en\/hoat-dong-hoi\/","title":{"rendered":"Initiatives"},"content":{"rendered":"<div class=\"vc_row wpb_row vc_row-fluid\"><div class=\"wpb_column vc_column_container vc_col-sm-12\"><div class=\"vc_column-inner\"><div class=\"wpb_wrapper\">\t\t\t\n\t\t\t<div id=\"ztheme_post_223202281\" class=\"post-area paging-normal ca-post-masonry cols3\">\t\t\n\t\t\t\t\t\t\t\n\t\t\t\t\t<div class=\"posts-container\">\n\t\t\t\t\t\t\t\t\t\t\t\t\t<div class=\"grid-sizer\"><\/div>\n\t\t\t\t\t\t\n\t\t\t\t\t\t\t\t\t\t\t\t\n\n\t\t\t\t\t\t\n\t\t\t\t\t\t\t<article id=\"post-1807\" class=\"post item post-1807 type-post status-publish format-standard has-post-thumbnail hentry category-hoat-dong-hoi\">\n\t\t\t\t\t\t\t\t<div class=\"item\">\n\n\t\t\t\t\t\t\t\t\t<header class=\"entry-header\">\n\t\t\t\t\t\t\t\t\t\t<div class=\"post-default post-format\">\n\t\t\t\t\t\t\t\t\t\t    \t\t\r\n\t\t\t\t\t<a href=\"https:\/\/timbamsinhtphcm.vn\/en\/danh-sach-nha-tai-tro-hoi-nghi-quoc-te-benh-tim-bam-sinh-va-cau-truc-nam-2024\/\" title=\"List of sponsors for \u201c2024 International Conference on Congenital and Structural Heart Disease\u201d\">\r\n\t\t\t\t\t\t\r\n\t\t\t\t\t\t\t<figure class=\"entry-thumbnail\">\r\n\t\t\t\t\t<img loading=\"lazy\" decoding=\"async\" width=\"300\" height=\"197\" src=\"https:\/\/timbamsinhtphcm.vn\/wp-content\/uploads\/2023\/12\/anh-tin-HNQT-2024.jpg\" class=\"attachment-medium size-medium wp-post-image\" alt=\"\" \/> \t\t\t\r\n\t\t\t<\/figure>\r\n\t\t\t\t\t\t\t\t\r\n\t\t\t\t\t<\/a>\r\n\t\t\t\t\r\n\t                                            \t\t\t\t\t\t\t\t\t\t<\/div>\n\t\t\t\t\t\t\t\t\t<\/header>\n\n\t\t\t\t\t\t\t\t\t<div class=\"entry-content\">\n\t\t\t\t\t\t\t\t\t\t<h3 class=\"title\">\n\t\t\t\t\t\t\t\t\t\t\t<a href=\"https:\/\/timbamsinhtphcm.vn\/en\/danh-sach-nha-tai-tro-hoi-nghi-quoc-te-benh-tim-bam-sinh-va-cau-truc-nam-2024\/\" rel=\"bookmark\">Honoring the Strategic Partners of the 2024 International Conference on Congenital and Structural Heart Disease<\/a>\n\t\t\t\t\t\t\t\t\t\t<\/h3>\n\n\t\t\t\t\t\t\t\t\t\t<div class=\"excerpt\">\n\t\t\t\t\t\t\t\t\t\t\t\t\t\t<div class=\"item-excerpt\">\r\n\t\t\t\tThe HCMC Pediatric Cardiology &amp; Congenital Heart Disease Society is honored to present our esteemed sponsors for the 2024 International Conference on Congenital and Structural Heart Disease.\t\t\t<\/div>\r\n\t\t\t\t\t\t\t\t\t\t\t\t<\/div>\n                                        \n                                        <span class=\"date\">14:57 25\/12\/2023<\/span>\t\n\t\t\t\t\t\t\t\t\t<\/div>\n\n\t\t\t\t\t\t\t\t<\/div>\n\t\t\t\t\t\t\t<\/article>\n\n\t\t\t\t\t\t\n\t\t\t\t\t\t\t<article id=\"post-1774\" class=\"post item post-1774 type-post status-publish format-standard has-post-thumbnail hentry category-hoat-dong-hoi tag-can-thiep-tim-mach tag-hoi-nghi-quoc-te tag-hoi-tim-mach-nhi-va-tim-bam-sinh-tp-hcm tag-tim-mach-nhi\">\n\t\t\t\t\t\t\t\t<div class=\"item\">\n\n\t\t\t\t\t\t\t\t\t<header class=\"entry-header\">\n\t\t\t\t\t\t\t\t\t\t<div class=\"post-default post-format\">\n\t\t\t\t\t\t\t\t\t\t    \t\t\r\n\t\t\t\t\t<a href=\"https:\/\/timbamsinhtphcm.vn\/en\/hoi-thao-quoc-te-can-thiep-ong-dong-mach-tu-a-den-z-nam-2024\/\" title=\"The 2024 International Conference on Congenital and Structural Heart Disease: A 10th Anniversary Landmark\">\r\n\t\t\t\t\t\t\r\n\t\t\t\t\t\t\t<figure class=\"entry-thumbnail\">\r\n\t\t\t\t\t<img loading=\"lazy\" decoding=\"async\" width=\"300\" height=\"129\" src=\"https:\/\/timbamsinhtphcm.vn\/wp-content\/uploads\/2023\/12\/BANNER-HOI-NGHI-3.png\" class=\"attachment-medium size-medium wp-post-image\" alt=\"\" \/> \t\t\t\r\n\t\t\t<\/figure>\r\n\t\t\t\t\t\t\t\t\r\n\t\t\t\t\t<\/a>\r\n\t\t\t\t\r\n\t                                            \t\t\t\t\t\t\t\t\t\t<\/div>\n\t\t\t\t\t\t\t\t\t<\/header>\n\n\t\t\t\t\t\t\t\t\t<div class=\"entry-content\">\n\t\t\t\t\t\t\t\t\t\t<h3 class=\"title\">\n\t\t\t\t\t\t\t\t\t\t\t<a href=\"https:\/\/timbamsinhtphcm.vn\/en\/hoi-thao-quoc-te-can-thiep-ong-dong-mach-tu-a-den-z-nam-2024\/\" rel=\"bookmark\">The 2024 International Conference on Congenital and Structural Heart Disease: A 10th Anniversary Landmark<\/a>\n\t\t\t\t\t\t\t\t\t\t<\/h3>\n\n\t\t\t\t\t\t\t\t\t\t<div class=\"excerpt\">\n\t\t\t\t\t\t\t\t\t\t\t\t\t\t<div class=\"item-excerpt\">\r\n\t\t\t\tThe \"PDA Intervention: From A to Z\" Conference was held on January 17 - 19, 2024, at the Sheraton Saigon Hotel, 88 Dong Khoi, District 1, HCMC.\t\t\t<\/div>\r\n\t\t\t\t\t\t\t\t\t\t\t\t<\/div>\n                                        \n                                        <span class=\"date\">14:51 08\/12\/2023<\/span>\t\n\t\t\t\t\t\t\t\t\t<\/div>\n\n\t\t\t\t\t\t\t\t<\/div>\n\t\t\t\t\t\t\t<\/article>\n\n\t\t\t\t\t\t\n\t\t\t\t\t\t\t<article id=\"post-1756\" class=\"post item post-1756 type-post status-publish format-standard has-post-thumbnail hentry category-hoat-dong-hoi tag-benh-tim-bam-sinh tag-benh-tim-bam-sinh-tre-em tag-benh-vien-dai-hoc-y-duoc-tp-ho-chi-minh tag-benh-vien-nhi-dong-1-tp-hcm tag-hoi-tim-mach-nhi-va-tim-bam-sinh-tp-hcm tag-kham-tam-soat-benh-tim-bam-sinh tag-quang-ngai\">\n\t\t\t\t\t\t\t\t<div class=\"item\">\n\n\t\t\t\t\t\t\t\t\t<header class=\"entry-header\">\n\t\t\t\t\t\t\t\t\t\t<div class=\"post-default post-format\">\n\t\t\t\t\t\t\t\t\t\t    \t\t\r\n\t\t\t\t\t<a href=\"https:\/\/timbamsinhtphcm.vn\/en\/tam-soat-benh-tim-bam-sinh-cho-hon-500-tre-em-quang-ngai\/\" title=\"Congenital Heart Disease Screening for 500+ Children in Quang Ngai\">\r\n\t\t\t\t\t\t\r\n\t\t\t\t\t\t\t<figure class=\"entry-thumbnail\">\r\n\t\t\t\t\t<img loading=\"lazy\" decoding=\"async\" width=\"300\" height=\"213\" src=\"https:\/\/timbamsinhtphcm.vn\/wp-content\/uploads\/2023\/08\/Thanh.jpg\" class=\"attachment-medium size-medium wp-post-image\" alt=\"\" \/> \t\t\t\r\n\t\t\t<\/figure>\r\n\t\t\t\t\t\t\t\t\r\n\t\t\t\t\t<\/a>\r\n\t\t\t\t\r\n\t                                            \t\t\t\t\t\t\t\t\t\t<\/div>\n\t\t\t\t\t\t\t\t\t<\/header>\n\n\t\t\t\t\t\t\t\t\t<div class=\"entry-content\">\n\t\t\t\t\t\t\t\t\t\t<h3 class=\"title\">\n\t\t\t\t\t\t\t\t\t\t\t<a href=\"https:\/\/timbamsinhtphcm.vn\/en\/tam-soat-benh-tim-bam-sinh-cho-hon-500-tre-em-quang-ngai\/\" rel=\"bookmark\">Congenital Heart Disease Screening for 500+ Children in Quang Ngai<\/a>\n\t\t\t\t\t\t\t\t\t\t<\/h3>\n\n\t\t\t\t\t\t\t\t\t\t<div class=\"excerpt\">\n\t\t\t\t\t\t\t\t\t\t\t\t\t\t<div class=\"item-excerpt\">\r\n\t\t\t\tOn August 12 - 13, 2023, more than 500 underprivileged children in Quang Ngai Province received free heart screenings and gifts.\t\t\t<\/div>\r\n\t\t\t\t\t\t\t\t\t\t\t\t<\/div>\n                                        \n                                        <span class=\"date\">19:57 14\/08\/2023<\/span>\t\n\t\t\t\t\t\t\t\t\t<\/div>\n\n\t\t\t\t\t\t\t\t<\/div>\n\t\t\t\t\t\t\t<\/article>\n\n\t\t\t\t\t\t\n\t\t\t\t\t\t\t<article id=\"post-1670\" class=\"post item post-1670 type-post status-publish format-standard has-post-thumbnail hentry category-hoat-dong-hoi tag-benh-tim-bam-sinh tag-benh-tim-bam-sinh-tre-em tag-benh-vien-dai-hoc-y-duoc-tp-ho-chi-minh tag-benh-vien-nhi-dong-1-tp-hcm tag-ts-bs-do-nguyen-tin tag-vien-tim-tp-hcm\">\n\t\t\t\t\t\t\t\t<div class=\"item\">\n\n\t\t\t\t\t\t\t\t\t<header class=\"entry-header\">\n\t\t\t\t\t\t\t\t\t\t<div class=\"post-default post-format\">\n\t\t\t\t\t\t\t\t\t\t    \t\t\r\n\t\t\t\t\t<a href=\"https:\/\/timbamsinhtphcm.vn\/en\/vai-hinh-anh-ve-hoi-thao-dieu-tri-benh-ly-teo-van-dong-mach-phoi-kem-thong-lien-that\/\" title=\"Highlights from the Workshop on the Treatment of Pulmonary Atresia with Ventricular Septal Defect.\">\r\n\t\t\t\t\t\t\r\n\t\t\t\t\t\t\t<figure class=\"entry-thumbnail\">\r\n\t\t\t\t\t<img loading=\"lazy\" decoding=\"async\" width=\"300\" height=\"187\" src=\"https:\/\/timbamsinhtphcm.vn\/wp-content\/uploads\/2023\/07\/DSC_3914-scaled.jpg\" class=\"attachment-medium size-medium wp-post-image\" alt=\"\" \/> \t\t\t\r\n\t\t\t<\/figure>\r\n\t\t\t\t\t\t\t\t\r\n\t\t\t\t\t<\/a>\r\n\t\t\t\t\r\n\t                                            \t\t\t\t\t\t\t\t\t\t<\/div>\n\t\t\t\t\t\t\t\t\t<\/header>\n\n\t\t\t\t\t\t\t\t\t<div class=\"entry-content\">\n\t\t\t\t\t\t\t\t\t\t<h3 class=\"title\">\n\t\t\t\t\t\t\t\t\t\t\t<a href=\"https:\/\/timbamsinhtphcm.vn\/en\/vai-hinh-anh-ve-hoi-thao-dieu-tri-benh-ly-teo-van-dong-mach-phoi-kem-thong-lien-that\/\" rel=\"bookmark\">Highlights from the Workshop on the Treatment of Pulmonary Atresia with Ventricular Septal Defect.<\/a>\n\t\t\t\t\t\t\t\t\t\t<\/h3>\n\n\t\t\t\t\t\t\t\t\t\t<div class=\"excerpt\">\n\t\t\t\t\t\t\t\t\t\t\t\t\t\t<div class=\"item-excerpt\">\r\n\t\t\t\tThe workshop featured esteemed experts from leading pediatric centers across HCMC, Hanoi, and abroad (the UK and Malaysia) in the fields of pediatric cardiology, cardiac surgery, ultrasound, and anesthesia. \t\t\t<\/div>\r\n\t\t\t\t\t\t\t\t\t\t\t\t<\/div>\n                                        \n                                        <span class=\"date\">10:44 30\/07\/2023<\/span>\t\n\t\t\t\t\t\t\t\t\t<\/div>\n\n\t\t\t\t\t\t\t\t<\/div>\n\t\t\t\t\t\t\t<\/article>\n\n\t\t\t\t\t\t\n\t\t\t\t\t\t\t<article id=\"post-1576\" class=\"post item post-1576 type-post status-publish format-standard has-post-thumbnail hentry category-hoat-dong-hoi tag-benh-tim-bam-sinh tag-benh-tim-bam-sinh-tre-em tag-hoi-tim-mach-nhi-va-tim-bam-sinh-tp-hcm tag-kham-tam-soat-benh-tim-bam-sinh\">\n\t\t\t\t\t\t\t\t<div class=\"item\">\n\n\t\t\t\t\t\t\t\t\t<header class=\"entry-header\">\n\t\t\t\t\t\t\t\t\t\t<div class=\"post-default post-format\">\n\t\t\t\t\t\t\t\t\t\t    \t\t\r\n\t\t\t\t\t<a href=\"https:\/\/timbamsinhtphcm.vn\/en\/kham-tam-soat-phat-hien-gan-40-tre-dak-nong-mac-benh-tim-bam-sinh\/\" title=\"Detection of Nearly 40 Children with Congenital Heart Disease through Dak Nong Screenings\">\r\n\t\t\t\t\t\t\r\n\t\t\t\t\t\t\t<figure class=\"entry-thumbnail\">\r\n\t\t\t\t\t<img loading=\"lazy\" decoding=\"async\" width=\"300\" height=\"200\" src=\"https:\/\/timbamsinhtphcm.vn\/wp-content\/uploads\/2023\/07\/BS-Phung.jpg\" class=\"attachment-medium size-medium wp-post-image\" alt=\"\" \/> \t\t\t\r\n\t\t\t<\/figure>\r\n\t\t\t\t\t\t\t\t\r\n\t\t\t\t\t<\/a>\r\n\t\t\t\t\r\n\t                                            \t\t\t\t\t\t\t\t\t\t<\/div>\n\t\t\t\t\t\t\t\t\t<\/header>\n\n\t\t\t\t\t\t\t\t\t<div class=\"entry-content\">\n\t\t\t\t\t\t\t\t\t\t<h3 class=\"title\">\n\t\t\t\t\t\t\t\t\t\t\t<a href=\"https:\/\/timbamsinhtphcm.vn\/en\/kham-tam-soat-phat-hien-gan-40-tre-dak-nong-mac-benh-tim-bam-sinh\/\" rel=\"bookmark\">Detection of Nearly 40 Children with Congenital Heart Disease through Dak Nong Screenings<\/a>\n\t\t\t\t\t\t\t\t\t\t<\/h3>\n\n\t\t\t\t\t\t\t\t\t\t<div class=\"excerpt\">\n\t\t\t\t\t\t\t\t\t\t\t\t\t\t<div class=\"item-excerpt\">\r\n\t\t\t\tOn June 23 - 24, 2023, young medical professionals from the HCMC Pediatric Cardiology and Congenital Heart Disease Society and volunteers conducted free congenital heart screenings and distributed gifts to more than 2,000 children in Dak Nong Province.\t\t\t<\/div>\r\n\t\t\t\t\t\t\t\t\t\t\t\t<\/div>\n                                        \n                                        <span class=\"date\">15:48 05\/07\/2023<\/span>\t\n\t\t\t\t\t\t\t\t\t<\/div>\n\n\t\t\t\t\t\t\t\t<\/div>\n\t\t\t\t\t\t\t<\/article>\n\n\t\t\t\t\t\t\n\t\t\t\t\t\t\t<article id=\"post-1569\" class=\"post item post-1569 type-post status-publish format-image has-post-thumbnail hentry category-hoat-dong-hoi category-cme post_format-post-format-image\">\n\t\t\t\t\t\t\t\t<div class=\"item\">\n\n\t\t\t\t\t\t\t\t\t<header class=\"entry-header\">\n\t\t\t\t\t\t\t\t\t\t<div class=\"post-image post-format\">\n\t\t\t\t\t\t\t\t\t\t    \t\t\r\n\t\t\t\t\t<a href=\"https:\/\/timbamsinhtphcm.vn\/en\/hoi-thao-dieu-tri-benh-ly-teo-van-dong-mach-phoi-kem-thong-lien-that\/\" title=\"Pulmonary Atresia with Ventricular Septal Defect Treatment Workshop\">\r\n\t\t\t\t\t\t\r\n\t\t\t\t\t\t\t<figure class=\"entry-thumbnail\">\r\n\t\t\t\t\t<img loading=\"lazy\" decoding=\"async\" width=\"300\" height=\"200\" src=\"https:\/\/timbamsinhtphcm.vn\/wp-content\/uploads\/2023\/07\/IMG_4528-scaled.jpg\" class=\"attachment-medium size-medium wp-post-image\" alt=\"\" \/> \t\t\t\r\n\t\t\t<\/figure>\r\n\t\t\t\t\t\t\t\t\r\n\t\t\t\t\t<\/a>\r\n\t\t\t\t\r\n\t                                            \t\t\t\t\t\t\t\t\t\t<\/div>\n\t\t\t\t\t\t\t\t\t<\/header>\n\n\t\t\t\t\t\t\t\t\t<div class=\"entry-content\">\n\t\t\t\t\t\t\t\t\t\t<h3 class=\"title\">\n\t\t\t\t\t\t\t\t\t\t\t<a href=\"https:\/\/timbamsinhtphcm.vn\/en\/hoi-thao-dieu-tri-benh-ly-teo-van-dong-mach-phoi-kem-thong-lien-that\/\" rel=\"bookmark\">Pulmonary Atresia with Ventricular Septal Defect Treatment Workshop<\/a>\n\t\t\t\t\t\t\t\t\t\t<\/h3>\n\n\t\t\t\t\t\t\t\t\t\t<div class=\"excerpt\">\n\t\t\t\t\t\t\t\t\t\t\t\t\t\t<div class=\"item-excerpt\">\r\n\t\t\t\tA highlight of this workshop is the participation of renowned experts from various specialties, such as pediatric cardiology, cardiac surgery, echocardiography, and anesthesia, representing specialized centers in HCMC, Hanoi, and abroad.\t\t\t<\/div>\r\n\t\t\t\t\t\t\t\t\t\t\t\t<\/div>\n                                        \n                                        <span class=\"date\">15:08 05\/07\/2023<\/span>\t\n\t\t\t\t\t\t\t\t\t<\/div>\n\n\t\t\t\t\t\t\t\t<\/div>\n\t\t\t\t\t\t\t<\/article>\n\n\t\t\t\t\t\t\n\t\t\t\t\t\t\t\t\t\t\t<\/div>\n\n\t\t\t\t<div class=\"clear\"><\/div>\n\t\t\t\t\t\t\t\t\t\t\t\t\t\t\t<div class=\"end_content\">\n\t\t\t\t\t\t\t\t\t\t\t\t\t\t\t<div class=\"page_navi\">\n\t\t\t\t\t\t\t\t\t<div class=\"nav-content\"><div class=\"ztheme-pagination\"><ul><li><span aria-current=\"page\" class=\"page-numbers current\">1<\/span><\/li><li><a class=\"page-numbers\" href=\"https:\/\/timbamsinhtphcm.vn\/en\/wp-json\/wp\/v2\/pages\/33\/page\/2\/\">2<\/a><\/li><li><a class=\"page-numbers\" href=\"https:\/\/timbamsinhtphcm.vn\/en\/wp-json\/wp\/v2\/pages\/33\/page\/3\/\">3<\/a><\/li><li><a class=\"next page-numbers\" href=\"https:\/\/timbamsinhtphcm.vn\/en\/wp-json\/wp\/v2\/pages\/33\/page\/2\/\"><\/a><\/li><\/ul><\/div><\/div>\n\t\t\t\t\t\t\t\t<\/div>\n\t\t\t\t\t\t\t\t\t\t\t\t\t<\/div>\n\t\t\t\t\t\t\t\t\t\n\t\t\t\t\t<\/div>\n<\/div><\/div><\/div><\/div>","protected":false},"excerpt":{"rendered":"\u0110\u01a1n v\u1ecb t\u1ed5 ch\u1ee9c: B\u1ec7nh vi\u1ec7n \u0110\u1ea1i h\u1ecdc Y D\u01b0\u1ee3c TP.HCM Th\u1eddi gian: Th\u1ee9 B\u1ea3y ng\u00e0y 15\/7\/2023 \u0110\u1ecba \u0111i\u1ec3m: Gi\u1ea3ng \u0111\u01b0\u1eddng 3 A (L\u1ea7u 3 \u2013 Khu A), B\u1ec7nh vi\u1ec7n \u0110\u1ea1i h\u1ecdc Y D\u01b0\u1ee3c TP.HCM, 215 H\u1ed3ng B\u00e0ng \u2013 P.11, Q.5, TP.HCM. Ngo\u00e0i h\u00ecnh th\u1ee9c tr\u1ef1c ti\u1ebfp t\u1ea1i ch\u1ed7, h\u1ed9i th\u1ea3o c\u00f2n c\u00f3 h\u00ecnh th\u1ee9c [...]","protected":false},"author":1,"featured_media":0,"parent":0,"menu_order":0,"comment_status":"closed","ping_status":"closed","template":"","meta":{"footnotes":""},"_links":{"self":[{"href":"https:\/\/timbamsinhtphcm.vn\/en\/wp-json\/wp\/v2\/pages\/33"}],"collection":[{"href":"https:\/\/timbamsinhtphcm.vn\/en\/wp-json\/wp\/v2\/pages"}],"about":[{"href":"https:\/\/timbamsinhtphcm.vn\/en\/wp-json\/wp\/v2\/types\/page"}],"author":[{"embeddable":true,"href":"https:\/\/timbamsinhtphcm.vn\/en\/wp-json\/wp\/v2\/users\/1"}],"replies":[{"embeddable":true,"href":"https:\/\/timbamsinhtphcm.vn\/en\/wp-json\/wp\/v2\/comments?post=33"}],"version-history":[{"count":4,"href":"https:\/\/timbamsinhtphcm.vn\/en\/wp-json\/wp\/v2\/pages\/33\/revisions"}],"predecessor-version":[{"id":1900,"href":"https:\/\/timbamsinhtphcm.vn\/en\/wp-json\/wp\/v2\/pages\/33\/revisions\/1900"}],"wp:attachment":[{"href":"https:\/\/timbamsinhtphcm.vn\/en\/wp-json\/wp\/v2\/media?parent=33"}],"curies":[{"name":"wp","href":"https:\/\/api.w.org\/{rel}","templated":true}]}}