{"id":35,"date":"2022-10-18T15:14:17","date_gmt":"2022-10-18T08:14:17","guid":{"rendered":"http:\/\/demo.giraf.vn\/?page_id=35"},"modified":"2022-12-16T01:34:09","modified_gmt":"2022-12-15T18:34:09","slug":"danh-cho-benh-nhan","status":"publish","type":"page","link":"https:\/\/timbamsinhtphcm.vn\/en\/danh-cho-benh-nhan\/","title":{"rendered":"D\u00e0nh cho b\u1ec7nh nh\u00e2n"},"content":{"rendered":"<div class=\"vc_row wpb_row vc_row-fluid\"><div class=\"wpb_column vc_column_container vc_col-sm-12\"><div class=\"vc_column-inner\"><div class=\"wpb_wrapper\">\n\t<div class=\"wpb_text_column wpb_content_element \" >\n\t\t<div class=\"wpb_wrapper\">\n\t\t\t<p>A 1914 English translation by Harris Rackham reads: \u201cNor is there anyone who loves or pursues or desires to obtain pain of itself, because it is pain, but occasionally circumstances occur in which toil and pain can procure him some great pleasure,is there anyone who loves or pursues or desires to obtain pain of itself, because it is pain.\u201d<\/p>\n\n\t\t<\/div>\n\t<\/div>\n<\/div><\/div><\/div><\/div><div class=\"vc_row wpb_row vc_row-fluid\"><div class=\"wpb_column vc_column_container vc_col-sm-12\"><div class=\"vc_column-inner\"><div class=\"wpb_wrapper\">\t\t\t<div id=\"cate-501\" class=\"congdong-cate-post ztheme-slick-slider\">\n\t\t\t\t<h3><a href=\"https:\/\/timbamsinhtphcm.vn\/en\/category\/cong-dong\/di-tat-tim-bam-sinh-tre-em-az\/\">D\u1ecb t\u1eadt tim b\u1ea9m sinh tr\u1ebb em A - Z<\/a><\/h3>\n\t\t\t\t<div class=\"congdong-wrap slides\" data-slick='{\"autoplay\":true,\"autoplaySpeed\":4000,\"slidesToShow\":4,\"slidesToScroll\":2,\"dots\":false,\"arrows\":true,\"infinite\":true,\"draggable\":true,\"speed\":500,\"responsive\":[{\"breakpoint\":1024,\"settings\":{\"slidesToShow\":3,\"slidesToScroll\":3}},{\"breakpoint\":768,\"settings\":{\"slidesToShow\":2,\"slidesToScroll\":2}},{\"breakpoint\":480,\"settings\":{\"slidesToShow\":1,\"slidesToScroll\":1}}]}'>\n\t\t\t\t\t\t\t\t\t<article class=\"blog-item post-1061 post type-post status-publish format-standard has-post-thumbnail hentry category-thu-vien-anh category-di-tat-tim-bam-sinh-tre-em-az tag-benh-tim-bam-sinh tag-benh-tim-bam-sinh-tre-em tag-benh-vien-nhi-dong-1-tp-hcm tag-dao-phu-quy tag-kham-tam-soat-benh-tim-bam-sinh tag-tim-tai\">\n\t\t\t\t\t\t<header class=\"entry-header\">\n\t\t\t\t\t\t\t\t\t\r\n\t\t\t\t\t<a href=\"https:\/\/timbamsinhtphcm.vn\/en\/di-dao-phu-quy-tam-soat-benh-tim-bam-sinh\/\" title=\"\u1ea2nh &#8211; \u0110i \u0111\u1ea3o Ph\u00fa Qu\u00fd t\u1ea7m so\u00e1t b\u1ec7nh tim b\u1ea9m sinh\">\r\n\t\t\t\t\t\t\r\n\t\t\t\t\t\t\t<figure class=\"entry-thumbnail\">\r\n\t\t\t\t\t<img loading=\"lazy\" decoding=\"async\" width=\"300\" height=\"237\" src=\"https:\/\/timbamsinhtphcm.vn\/wp-content\/uploads\/2023\/04\/Thiet-ke-chua-co-ten.jpg\" class=\"attachment-medium size-medium wp-post-image\" alt=\"\" \/> \t\t\t\r\n\t\t\t<\/figure>\r\n\t\t\t\t\t\t\t\t\r\n\t\t\t\t\t<\/a>\r\n\t\t\t\t\r\n\t\t\t\t\t\t\t<\/header>\n\t\t\t\t\t\t\n\t\t\t\t\t\t<div class=\"entry-content\">\n\t\t\t\t\t\t\t<h5>\n\t\t\t\t\t\t\t\t<a href=\"https:\/\/timbamsinhtphcm.vn\/en\/di-dao-phu-quy-tam-soat-benh-tim-bam-sinh\/\"  title=\"\u1ea2nh &#8211; \u0110i \u0111\u1ea3o Ph\u00fa Qu\u00fd t\u1ea7m so\u00e1t b\u1ec7nh tim b\u1ea9m sinh\">\u1ea2nh &#8211; \u0110i \u0111\u1ea3o Ph\u00fa Qu\u00fd t\u1ea7m so\u00e1t b\u1ec7nh tim b\u1ea9m sinh<\/a>\n\t\t\t\t\t\t\t<\/h5>\n\t\t\t\t\t\t\t<span class=\"date\">15:35 17\/04\/2023<\/span>\t\t\t\t\t\t\t\t\n\t\t\t\t\t\t<\/div>\n\t\t\t\t\t<\/article>\n\t\t\t\t\t\t\t<\/div><\/div>\n\t\t\t\t\t<div id=\"cate-319\" class=\"congdong-cate-post ztheme-slick-slider\">\n\t\t\t\t<h3><a href=\"https:\/\/timbamsinhtphcm.vn\/en\/category\/cong-dong\/chan-doan-dieu-tri-di-tat-tim-bam-sinh\/\">Ch\u1ea9n \u0111o\u00e1n \u2013 \u0110i\u1ec1u tr\u1ecb d\u1ecb t\u1eadt tim b\u1ea9m sinh<\/a><\/h3>\n\t\t\t\t<div class=\"congdong-wrap slides\" data-slick='{\"autoplay\":true,\"autoplaySpeed\":4000,\"slidesToShow\":4,\"slidesToScroll\":2,\"dots\":false,\"arrows\":true,\"infinite\":true,\"draggable\":true,\"speed\":500,\"responsive\":[{\"breakpoint\":1024,\"settings\":{\"slidesToShow\":3,\"slidesToScroll\":3}},{\"breakpoint\":768,\"settings\":{\"slidesToShow\":2,\"slidesToScroll\":2}},{\"breakpoint\":480,\"settings\":{\"slidesToShow\":1,\"slidesToScroll\":1}}]}'>\n\t\t\t\t\t\t\t\t\t<article class=\"blog-item post-681 post type-post status-publish format-standard has-post-thumbnail hentry category-chan-doan-dieu-tri-di-tat-tim-bam-sinh\">\n\t\t\t\t\t\t<header class=\"entry-header\">\n\t\t\t\t\t\t\t\t\t\r\n\t\t\t\t\t<a href=\"https:\/\/timbamsinhtphcm.vn\/en\/chan-doan-dieu-tri-di-tat-tim-bam-sinh-04\/\" title=\"Ch\u1ea9n \u0111o\u00e1n \u2013 \u0110i\u1ec1u tr\u1ecb d\u1ecb t\u1eadt tim b\u1ea9m sinh 04\">\r\n\t\t\t\t\t\t\r\n\t\t\t\t\t\t\t<figure class=\"entry-thumbnail\">\r\n\t\t\t\t\t<img loading=\"lazy\" decoding=\"async\" width=\"300\" height=\"200\" src=\"https:\/\/timbamsinhtphcm.vn\/wp-content\/uploads\/2022\/09\/post-image2.jpg\" class=\"attachment-medium size-medium wp-post-image\" alt=\"\" \/> \t\t\t\r\n\t\t\t<\/figure>\r\n\t\t\t\t\t\t\t\t\r\n\t\t\t\t\t<\/a>\r\n\t\t\t\t\r\n\t\t\t\t\t\t\t<\/header>\n\t\t\t\t\t\t\n\t\t\t\t\t\t<div class=\"entry-content\">\n\t\t\t\t\t\t\t<h5>\n\t\t\t\t\t\t\t\t<a href=\"https:\/\/timbamsinhtphcm.vn\/en\/chan-doan-dieu-tri-di-tat-tim-bam-sinh-04\/\"  title=\"Ch\u1ea9n \u0111o\u00e1n \u2013 \u0110i\u1ec1u tr\u1ecb d\u1ecb t\u1eadt tim b\u1ea9m sinh 04\">Ch\u1ea9n \u0111o\u00e1n \u2013 \u0110i\u1ec1u tr\u1ecb d\u1ecb t\u1eadt tim b\u1ea9m sinh 04<\/a>\n\t\t\t\t\t\t\t<\/h5>\n\t\t\t\t\t\t\t<span class=\"date\">15:22 14\/11\/2022<\/span>\t\t\t\t\t\t\t\t\n\t\t\t\t\t\t<\/div>\n\t\t\t\t\t<\/article>\n\t\t\t\t\t\t\t\t\t<article class=\"blog-item post-679 post type-post status-publish format-standard has-post-thumbnail hentry category-chan-doan-dieu-tri-di-tat-tim-bam-sinh\">\n\t\t\t\t\t\t<header class=\"entry-header\">\n\t\t\t\t\t\t\t\t\t\r\n\t\t\t\t\t<a href=\"https:\/\/timbamsinhtphcm.vn\/en\/chan-doan-dieu-tri-di-tat-tim-bam-sinh-03\/\" title=\"Ch\u1ea9n \u0111o\u00e1n \u2013 \u0110i\u1ec1u tr\u1ecb d\u1ecb t\u1eadt tim b\u1ea9m sinh 03\">\r\n\t\t\t\t\t\t\r\n\t\t\t\t\t\t\t<figure class=\"entry-thumbnail\">\r\n\t\t\t\t\t<img loading=\"lazy\" decoding=\"async\" width=\"300\" height=\"200\" src=\"https:\/\/timbamsinhtphcm.vn\/wp-content\/uploads\/2022\/09\/post-image2.jpg\" class=\"attachment-medium size-medium wp-post-image\" alt=\"\" \/> \t\t\t\r\n\t\t\t<\/figure>\r\n\t\t\t\t\t\t\t\t\r\n\t\t\t\t\t<\/a>\r\n\t\t\t\t\r\n\t\t\t\t\t\t\t<\/header>\n\t\t\t\t\t\t\n\t\t\t\t\t\t<div class=\"entry-content\">\n\t\t\t\t\t\t\t<h5>\n\t\t\t\t\t\t\t\t<a href=\"https:\/\/timbamsinhtphcm.vn\/en\/chan-doan-dieu-tri-di-tat-tim-bam-sinh-03\/\"  title=\"Ch\u1ea9n \u0111o\u00e1n \u2013 \u0110i\u1ec1u tr\u1ecb d\u1ecb t\u1eadt tim b\u1ea9m sinh 03\">Ch\u1ea9n \u0111o\u00e1n \u2013 \u0110i\u1ec1u tr\u1ecb d\u1ecb t\u1eadt tim b\u1ea9m sinh 03<\/a>\n\t\t\t\t\t\t\t<\/h5>\n\t\t\t\t\t\t\t<span class=\"date\">15:21 14\/11\/2022<\/span>\t\t\t\t\t\t\t\t\n\t\t\t\t\t\t<\/div>\n\t\t\t\t\t<\/article>\n\t\t\t\t\t\t\t\t\t<article class=\"blog-item post-677 post type-post status-publish format-standard has-post-thumbnail hentry category-chan-doan-dieu-tri-di-tat-tim-bam-sinh\">\n\t\t\t\t\t\t<header class=\"entry-header\">\n\t\t\t\t\t\t\t\t\t\r\n\t\t\t\t\t<a href=\"https:\/\/timbamsinhtphcm.vn\/en\/chan-doan-dieu-tri-di-tat-tim-bam-sinh-02\/\" title=\"Ch\u1ea9n \u0111o\u00e1n \u2013 \u0110i\u1ec1u tr\u1ecb d\u1ecb t\u1eadt tim b\u1ea9m sinh 02\">\r\n\t\t\t\t\t\t\r\n\t\t\t\t\t\t\t<figure class=\"entry-thumbnail\">\r\n\t\t\t\t\t<img loading=\"lazy\" decoding=\"async\" width=\"300\" height=\"200\" src=\"https:\/\/timbamsinhtphcm.vn\/wp-content\/uploads\/2022\/09\/post-image2.jpg\" class=\"attachment-medium size-medium wp-post-image\" alt=\"\" \/> \t\t\t\r\n\t\t\t<\/figure>\r\n\t\t\t\t\t\t\t\t\r\n\t\t\t\t\t<\/a>\r\n\t\t\t\t\r\n\t\t\t\t\t\t\t<\/header>\n\t\t\t\t\t\t\n\t\t\t\t\t\t<div class=\"entry-content\">\n\t\t\t\t\t\t\t<h5>\n\t\t\t\t\t\t\t\t<a href=\"https:\/\/timbamsinhtphcm.vn\/en\/chan-doan-dieu-tri-di-tat-tim-bam-sinh-02\/\"  title=\"Ch\u1ea9n \u0111o\u00e1n \u2013 \u0110i\u1ec1u tr\u1ecb d\u1ecb t\u1eadt tim b\u1ea9m sinh 02\">Ch\u1ea9n \u0111o\u00e1n \u2013 \u0110i\u1ec1u tr\u1ecb d\u1ecb t\u1eadt tim b\u1ea9m sinh 02<\/a>\n\t\t\t\t\t\t\t<\/h5>\n\t\t\t\t\t\t\t<span class=\"date\">15:20 14\/11\/2022<\/span>\t\t\t\t\t\t\t\t\n\t\t\t\t\t\t<\/div>\n\t\t\t\t\t<\/article>\n\t\t\t\t\t\t\t\t\t<article class=\"blog-item post-675 post type-post status-publish format-standard has-post-thumbnail hentry category-chan-doan-dieu-tri-di-tat-tim-bam-sinh\">\n\t\t\t\t\t\t<header class=\"entry-header\">\n\t\t\t\t\t\t\t\t\t\r\n\t\t\t\t\t<a href=\"https:\/\/timbamsinhtphcm.vn\/en\/chan-doan-dieu-tri-di-tat-tim-bam-sinh-01\/\" title=\"Ch\u1ea9n \u0111o\u00e1n \u2013 \u0110i\u1ec1u tr\u1ecb d\u1ecb t\u1eadt tim b\u1ea9m sinh 01\">\r\n\t\t\t\t\t\t\r\n\t\t\t\t\t\t\t<figure class=\"entry-thumbnail\">\r\n\t\t\t\t\t<img loading=\"lazy\" decoding=\"async\" width=\"300\" height=\"200\" src=\"https:\/\/timbamsinhtphcm.vn\/wp-content\/uploads\/2022\/09\/post-image2.jpg\" class=\"attachment-medium size-medium wp-post-image\" alt=\"\" \/> \t\t\t\r\n\t\t\t<\/figure>\r\n\t\t\t\t\t\t\t\t\r\n\t\t\t\t\t<\/a>\r\n\t\t\t\t\r\n\t\t\t\t\t\t\t<\/header>\n\t\t\t\t\t\t\n\t\t\t\t\t\t<div class=\"entry-content\">\n\t\t\t\t\t\t\t<h5>\n\t\t\t\t\t\t\t\t<a href=\"https:\/\/timbamsinhtphcm.vn\/en\/chan-doan-dieu-tri-di-tat-tim-bam-sinh-01\/\"  title=\"Ch\u1ea9n \u0111o\u00e1n \u2013 \u0110i\u1ec1u tr\u1ecb d\u1ecb t\u1eadt tim b\u1ea9m sinh 01\">Ch\u1ea9n \u0111o\u00e1n \u2013 \u0110i\u1ec1u tr\u1ecb d\u1ecb t\u1eadt tim b\u1ea9m sinh 01<\/a>\n\t\t\t\t\t\t\t<\/h5>\n\t\t\t\t\t\t\t<span class=\"date\">15:19 14\/11\/2022<\/span>\t\t\t\t\t\t\t\t\n\t\t\t\t\t\t<\/div>\n\t\t\t\t\t<\/article>\n\t\t\t\t\t\t\t<\/div><\/div>\n\t\t\t\t\t<div id=\"cate-980\" class=\"congdong-cate-post ztheme-slick-slider\">\n\t\t\t\t<h3><a href=\"https:\/\/timbamsinhtphcm.vn\/en\/category\/cong-dong\/song-voi-di-tat-tim-bam-sinh\/\">S\u1ed1ng v\u1edbi d\u1ecb t\u1eadt tim b\u1ea9m sinh<\/a><\/h3>\n\t\t\t\t<div class=\"congdong-wrap slides\" data-slick='{\"autoplay\":true,\"autoplaySpeed\":4000,\"slidesToShow\":4,\"slidesToScroll\":2,\"dots\":false,\"arrows\":true,\"infinite\":true,\"draggable\":true,\"speed\":500,\"responsive\":[{\"breakpoint\":1024,\"settings\":{\"slidesToShow\":3,\"slidesToScroll\":3}},{\"breakpoint\":768,\"settings\":{\"slidesToShow\":2,\"slidesToScroll\":2}},{\"breakpoint\":480,\"settings\":{\"slidesToShow\":1,\"slidesToScroll\":1}}]}'>\n\t\t\t\t\t\t\t\t\t<article class=\"blog-item post-689 post type-post status-publish format-standard has-post-thumbnail hentry category-song-voi-di-tat-tim-bam-sinh\">\n\t\t\t\t\t\t<header class=\"entry-header\">\n\t\t\t\t\t\t\t\t\t\r\n\t\t\t\t\t<a href=\"https:\/\/timbamsinhtphcm.vn\/en\/song-voi-di-tat-tim-bam-sinh-04\/\" title=\"H\u01b0\u1edbng d\u1eabn c\u1ee7a CDC Hoa K\u1ef3\">\r\n\t\t\t\t\t\t\r\n\t\t\t\t\t\t\t<figure class=\"entry-thumbnail\">\r\n\t\t\t\t\t<img loading=\"lazy\" decoding=\"async\" width=\"300\" height=\"189\" src=\"https:\/\/timbamsinhtphcm.vn\/wp-content\/uploads\/2022\/11\/BN-nu.jpg\" class=\"attachment-medium size-medium wp-post-image\" alt=\"\" \/> \t\t\t\r\n\t\t\t<\/figure>\r\n\t\t\t\t\t\t\t\t\r\n\t\t\t\t\t<\/a>\r\n\t\t\t\t\r\n\t\t\t\t\t\t\t<\/header>\n\t\t\t\t\t\t\n\t\t\t\t\t\t<div class=\"entry-content\">\n\t\t\t\t\t\t\t<h5>\n\t\t\t\t\t\t\t\t<a href=\"https:\/\/timbamsinhtphcm.vn\/en\/song-voi-di-tat-tim-bam-sinh-04\/\"  title=\"H\u01b0\u1edbng d\u1eabn c\u1ee7a CDC Hoa K\u1ef3\">H\u01b0\u1edbng d\u1eabn c\u1ee7a CDC Hoa K\u1ef3<\/a>\n\t\t\t\t\t\t\t<\/h5>\n\t\t\t\t\t\t\t<span class=\"date\">15:25 14\/11\/2022<\/span>\t\t\t\t\t\t\t\t\n\t\t\t\t\t\t<\/div>\n\t\t\t\t\t<\/article>\n\t\t\t\t\t\t\t<\/div><\/div>\n\t\t\t\t\t<div id=\"cate-306\" class=\"congdong-cate-post ztheme-slick-slider\">\n\t\t\t\t<h3><a href=\"https:\/\/timbamsinhtphcm.vn\/en\/category\/cong-dong\/benh-tim-mach-nhi-khac\/\">B\u1ec7nh tim m\u1ea1ch nhi kh\u00e1c<\/a><\/h3>\n\t\t\t\t<div class=\"congdong-wrap slides\" data-slick='{\"autoplay\":true,\"autoplaySpeed\":4000,\"slidesToShow\":4,\"slidesToScroll\":2,\"dots\":false,\"arrows\":true,\"infinite\":true,\"draggable\":true,\"speed\":500,\"responsive\":[{\"breakpoint\":1024,\"settings\":{\"slidesToShow\":3,\"slidesToScroll\":3}},{\"breakpoint\":768,\"settings\":{\"slidesToShow\":2,\"slidesToScroll\":2}},{\"breakpoint\":480,\"settings\":{\"slidesToShow\":1,\"slidesToScroll\":1}}]}'>\n\t\t\t\t\t\t\t\t\t<article class=\"blog-item post-697 post type-post status-publish format-standard has-post-thumbnail hentry category-benh-tim-mach-nhi-khac category-cau-chuyen-y-khoa\">\n\t\t\t\t\t\t<header class=\"entry-header\">\n\t\t\t\t\t\t\t\t\t\r\n\t\t\t\t\t<a href=\"https:\/\/timbamsinhtphcm.vn\/en\/bac-si-nguyen-kinh-bang-nguoi-thach-thuc-duong-mo-nho\/\" title=\"B\u00e1c s\u0129 Nguy\u1ec5n Kinh Bang, ng\u01b0\u1eddi th\u00e1ch th\u1ee9c \u0111\u01b0\u1eddng m\u1ed5 nh\u1ecf\">\r\n\t\t\t\t\t\t\r\n\t\t\t\t\t\t\t<figure class=\"entry-thumbnail\">\r\n\t\t\t\t\t<img loading=\"lazy\" decoding=\"async\" width=\"300\" height=\"200\" src=\"https:\/\/timbamsinhtphcm.vn\/wp-content\/uploads\/2022\/10\/post-img-Bac-si-Nguyen-Kinh-Bang-nguoi-thach-thuc-duong-mo-nho.jpg\" class=\"attachment-medium size-medium wp-post-image\" alt=\"\" \/> \t\t\t\r\n\t\t\t<\/figure>\r\n\t\t\t\t\t\t\t\t\r\n\t\t\t\t\t<\/a>\r\n\t\t\t\t\r\n\t\t\t\t\t\t\t<\/header>\n\t\t\t\t\t\t\n\t\t\t\t\t\t<div class=\"entry-content\">\n\t\t\t\t\t\t\t<h5>\n\t\t\t\t\t\t\t\t<a href=\"https:\/\/timbamsinhtphcm.vn\/en\/bac-si-nguyen-kinh-bang-nguoi-thach-thuc-duong-mo-nho\/\"  title=\"B\u00e1c s\u0129 Nguy\u1ec5n Kinh Bang, ng\u01b0\u1eddi th\u00e1ch th\u1ee9c \u0111\u01b0\u1eddng m\u1ed5 nh\u1ecf\">B\u00e1c s\u0129 Nguy\u1ec5n Kinh Bang, ng\u01b0\u1eddi th\u00e1ch th\u1ee9c \u0111\u01b0\u1eddng m\u1ed5 nh\u1ecf<\/a>\n\t\t\t\t\t\t\t<\/h5>\n\t\t\t\t\t\t\t<span class=\"date\">15:30 14\/11\/2022<\/span>\t\t\t\t\t\t\t\t\n\t\t\t\t\t\t<\/div>\n\t\t\t\t\t<\/article>\n\t\t\t\t\t\t\t\t\t<article class=\"blog-item post-695 post type-post status-publish format-standard has-post-thumbnail hentry category-benh-tim-mach-nhi-khac\">\n\t\t\t\t\t\t<header class=\"entry-header\">\n\t\t\t\t\t\t\t\t\t\r\n\t\t\t\t\t<a href=\"https:\/\/timbamsinhtphcm.vn\/en\/benh-tim-mach-nhi-khac-benh-tim-mach-nhi-khac-03\/\" title=\"B\u1ec7nh tim m\u1ea1ch nhi kh\u00e1c, b\u1ec7nh tim m\u1ea1ch nhi kh\u00e1c 03\">\r\n\t\t\t\t\t\t\r\n\t\t\t\t\t\t\t<figure class=\"entry-thumbnail\">\r\n\t\t\t\t\t<img loading=\"lazy\" decoding=\"async\" width=\"300\" height=\"200\" src=\"https:\/\/timbamsinhtphcm.vn\/wp-content\/uploads\/2022\/09\/post-image2.jpg\" class=\"attachment-medium size-medium wp-post-image\" alt=\"\" \/> \t\t\t\r\n\t\t\t<\/figure>\r\n\t\t\t\t\t\t\t\t\r\n\t\t\t\t\t<\/a>\r\n\t\t\t\t\r\n\t\t\t\t\t\t\t<\/header>\n\t\t\t\t\t\t\n\t\t\t\t\t\t<div class=\"entry-content\">\n\t\t\t\t\t\t\t<h5>\n\t\t\t\t\t\t\t\t<a href=\"https:\/\/timbamsinhtphcm.vn\/en\/benh-tim-mach-nhi-khac-benh-tim-mach-nhi-khac-03\/\"  title=\"B\u1ec7nh tim m\u1ea1ch nhi kh\u00e1c, b\u1ec7nh tim m\u1ea1ch nhi kh\u00e1c 03\">B\u1ec7nh tim m\u1ea1ch nhi kh\u00e1c, b\u1ec7nh tim m\u1ea1ch nhi kh\u00e1c 03<\/a>\n\t\t\t\t\t\t\t<\/h5>\n\t\t\t\t\t\t\t<span class=\"date\">15:28 14\/11\/2022<\/span>\t\t\t\t\t\t\t\t\n\t\t\t\t\t\t<\/div>\n\t\t\t\t\t<\/article>\n\t\t\t\t\t\t\t\t\t<article class=\"blog-item post-693 post type-post status-publish format-standard has-post-thumbnail hentry category-benh-tim-mach-nhi-khac\">\n\t\t\t\t\t\t<header class=\"entry-header\">\n\t\t\t\t\t\t\t\t\t\r\n\t\t\t\t\t<a href=\"https:\/\/timbamsinhtphcm.vn\/en\/benh-tim-mach-nhi-khac-benh-tim-mach-nhi-khac-02\/\" title=\"B\u1ec7nh tim m\u1ea1ch nhi kh\u00e1c, b\u1ec7nh tim m\u1ea1ch nhi kh\u00e1c 02\">\r\n\t\t\t\t\t\t\r\n\t\t\t\t\t\t\t<figure class=\"entry-thumbnail\">\r\n\t\t\t\t\t<img loading=\"lazy\" decoding=\"async\" width=\"300\" height=\"200\" src=\"https:\/\/timbamsinhtphcm.vn\/wp-content\/uploads\/2022\/09\/post-image2.jpg\" class=\"attachment-medium size-medium wp-post-image\" alt=\"\" \/> \t\t\t\r\n\t\t\t<\/figure>\r\n\t\t\t\t\t\t\t\t\r\n\t\t\t\t\t<\/a>\r\n\t\t\t\t\r\n\t\t\t\t\t\t\t<\/header>\n\t\t\t\t\t\t\n\t\t\t\t\t\t<div class=\"entry-content\">\n\t\t\t\t\t\t\t<h5>\n\t\t\t\t\t\t\t\t<a href=\"https:\/\/timbamsinhtphcm.vn\/en\/benh-tim-mach-nhi-khac-benh-tim-mach-nhi-khac-02\/\"  title=\"B\u1ec7nh tim m\u1ea1ch nhi kh\u00e1c, b\u1ec7nh tim m\u1ea1ch nhi kh\u00e1c 02\">B\u1ec7nh tim m\u1ea1ch nhi kh\u00e1c, b\u1ec7nh tim m\u1ea1ch nhi kh\u00e1c 02<\/a>\n\t\t\t\t\t\t\t<\/h5>\n\t\t\t\t\t\t\t<span class=\"date\">15:27 14\/11\/2022<\/span>\t\t\t\t\t\t\t\t\n\t\t\t\t\t\t<\/div>\n\t\t\t\t\t<\/article>\n\t\t\t\t\t\t\t\t\t<article class=\"blog-item post-691 post type-post status-publish format-standard has-post-thumbnail hentry category-benh-tim-mach-nhi-khac\">\n\t\t\t\t\t\t<header class=\"entry-header\">\n\t\t\t\t\t\t\t\t\t\r\n\t\t\t\t\t<a href=\"https:\/\/timbamsinhtphcm.vn\/en\/benh-tim-mach-nhi-khac-benh-tim-mach-nhi-khac-01-2\/\" title=\"B\u1ec7nh tim m\u1ea1ch nhi kh\u00e1c, b\u1ec7nh tim m\u1ea1ch nhi kh\u00e1c 01\">\r\n\t\t\t\t\t\t\r\n\t\t\t\t\t\t\t<figure class=\"entry-thumbnail\">\r\n\t\t\t\t\t<img loading=\"lazy\" decoding=\"async\" width=\"300\" height=\"200\" src=\"https:\/\/timbamsinhtphcm.vn\/wp-content\/uploads\/2022\/09\/post-image2.jpg\" class=\"attachment-medium size-medium wp-post-image\" alt=\"\" \/> \t\t\t\r\n\t\t\t<\/figure>\r\n\t\t\t\t\t\t\t\t\r\n\t\t\t\t\t<\/a>\r\n\t\t\t\t\r\n\t\t\t\t\t\t\t<\/header>\n\t\t\t\t\t\t\n\t\t\t\t\t\t<div class=\"entry-content\">\n\t\t\t\t\t\t\t<h5>\n\t\t\t\t\t\t\t\t<a href=\"https:\/\/timbamsinhtphcm.vn\/en\/benh-tim-mach-nhi-khac-benh-tim-mach-nhi-khac-01-2\/\"  title=\"B\u1ec7nh tim m\u1ea1ch nhi kh\u00e1c, b\u1ec7nh tim m\u1ea1ch nhi kh\u00e1c 01\">B\u1ec7nh tim m\u1ea1ch nhi kh\u00e1c, b\u1ec7nh tim m\u1ea1ch nhi kh\u00e1c 01<\/a>\n\t\t\t\t\t\t\t<\/h5>\n\t\t\t\t\t\t\t<span class=\"date\">15:26 14\/11\/2022<\/span>\t\t\t\t\t\t\t\t\n\t\t\t\t\t\t<\/div>\n\t\t\t\t\t<\/article>\n\t\t\t\t\t\t\t<\/div><\/div>\n\t\t\t\t\t<div id=\"cate-464\" class=\"congdong-cate-post ztheme-slick-slider\">\n\t\t\t\t<h3><a href=\"https:\/\/timbamsinhtphcm.vn\/en\/category\/cong-dong\/cau-chuyen-y-khoa\/\">C\u00e2u chuy\u1ec7n y khoa<\/a><\/h3>\n\t\t\t\t<div class=\"congdong-wrap slides\" data-slick='{\"autoplay\":true,\"autoplaySpeed\":4000,\"slidesToShow\":4,\"slidesToScroll\":2,\"dots\":false,\"arrows\":true,\"infinite\":true,\"draggable\":true,\"speed\":500,\"responsive\":[{\"breakpoint\":1024,\"settings\":{\"slidesToShow\":3,\"slidesToScroll\":3}},{\"breakpoint\":768,\"settings\":{\"slidesToShow\":2,\"slidesToScroll\":2}},{\"breakpoint\":480,\"settings\":{\"slidesToShow\":1,\"slidesToScroll\":1}}]}'>\n\t\t\t\t\t\t\t\t\t<article class=\"blog-item post-1133 post type-post status-publish format-standard has-post-thumbnail hentry category-cau-chuyen-y-khoa tag-earl-elmer-bakken tag-may-tao-nhip-tim tag-medtronic tag-pacemaker\">\n\t\t\t\t\t\t<header class=\"entry-header\">\n\t\t\t\t\t\t\t\t\t\r\n\t\t\t\t\t<a href=\"https:\/\/timbamsinhtphcm.vn\/en\/cuoc-doi-dang-song-cua-e-bakken-cha-de-may-tao-nhip-tim\/\" title=\"Cu\u1ed9c \u0111\u1eddi \u0111\u00e1ng s\u1ed1ng c\u1ee7a E. Bakken \u2013 \u2018cha \u0111\u1ebb\u2019 m\u00e1y t\u1ea1o nh\u1ecbp tim\">\r\n\t\t\t\t\t\t\r\n\t\t\t\t\t\t\t<figure class=\"entry-thumbnail\">\r\n\t\t\t\t\t<img loading=\"lazy\" decoding=\"async\" width=\"300\" height=\"237\" src=\"https:\/\/timbamsinhtphcm.vn\/wp-content\/uploads\/2023\/04\/Thiet-ke-chua-co-ten-2-1.jpg\" class=\"attachment-medium size-medium wp-post-image\" alt=\"\" \/> \t\t\t\r\n\t\t\t<\/figure>\r\n\t\t\t\t\t\t\t\t\r\n\t\t\t\t\t<\/a>\r\n\t\t\t\t\r\n\t\t\t\t\t\t\t<\/header>\n\t\t\t\t\t\t\n\t\t\t\t\t\t<div class=\"entry-content\">\n\t\t\t\t\t\t\t<h5>\n\t\t\t\t\t\t\t\t<a href=\"https:\/\/timbamsinhtphcm.vn\/en\/cuoc-doi-dang-song-cua-e-bakken-cha-de-may-tao-nhip-tim\/\"  title=\"Cu\u1ed9c \u0111\u1eddi \u0111\u00e1ng s\u1ed1ng c\u1ee7a E. Bakken \u2013 \u2018cha \u0111\u1ebb\u2019 m\u00e1y t\u1ea1o nh\u1ecbp tim\">Cu\u1ed9c \u0111\u1eddi \u0111\u00e1ng s\u1ed1ng c\u1ee7a E. Bakken \u2013 \u2018cha \u0111\u1ebb\u2019 m\u00e1y t\u1ea1o nh\u1ecbp tim<\/a>\n\t\t\t\t\t\t\t<\/h5>\n\t\t\t\t\t\t\t<span class=\"date\">15:10 30\/04\/2023<\/span>\t\t\t\t\t\t\t\t\n\t\t\t\t\t\t<\/div>\n\t\t\t\t\t<\/article>\n\t\t\t\t\t\t\t\t\t<article class=\"blog-item post-1623 post type-post status-publish format-standard has-post-thumbnail hentry category-cau-chuyen-y-khoa tag-bac-si-le-trong-phi tag-benh-tim-bam-sinh tag-benh-tim-bam-sinh-tre-em tag-benh-vien-dai-hoc-y-duoc-tp-ho-chi-minh tag-hiep-hoi-trai-tim-vi-trai-tim\">\n\t\t\t\t\t\t<header class=\"entry-header\">\n\t\t\t\t\t\t\t\t\t\r\n\t\t\t\t\t<a href=\"https:\/\/timbamsinhtphcm.vn\/en\/bac-si-le-trong-phi-va-cau-chuyen-trai-tim\/\" title=\"B\u00e1c s\u0129  L\u00ea Tr\u1ecdng Phi v\u00e0 c\u00e2u chuy\u1ec7n tr\u00e1i tim\">\r\n\t\t\t\t\t\t\r\n\t\t\t\t\t\t\t<figure class=\"entry-thumbnail\">\r\n\t\t\t\t\t<img loading=\"lazy\" decoding=\"async\" width=\"300\" height=\"225\" src=\"https:\/\/timbamsinhtphcm.vn\/wp-content\/uploads\/2023\/07\/bs-Phi.jpg\" class=\"attachment-medium size-medium wp-post-image\" alt=\"\" \/> \t\t\t\r\n\t\t\t<\/figure>\r\n\t\t\t\t\t\t\t\t\r\n\t\t\t\t\t<\/a>\r\n\t\t\t\t\r\n\t\t\t\t\t\t\t<\/header>\n\t\t\t\t\t\t\n\t\t\t\t\t\t<div class=\"entry-content\">\n\t\t\t\t\t\t\t<h5>\n\t\t\t\t\t\t\t\t<a href=\"https:\/\/timbamsinhtphcm.vn\/en\/bac-si-le-trong-phi-va-cau-chuyen-trai-tim\/\"  title=\"B\u00e1c s\u0129  L\u00ea Tr\u1ecdng Phi v\u00e0 c\u00e2u chuy\u1ec7n tr\u00e1i tim\">B\u00e1c s\u0129  L\u00ea Tr\u1ecdng Phi v\u00e0 c\u00e2u chuy\u1ec7n tr\u00e1i tim<\/a>\n\t\t\t\t\t\t\t<\/h5>\n\t\t\t\t\t\t\t<span class=\"date\">19:35 25\/04\/2023<\/span>\t\t\t\t\t\t\t\t\n\t\t\t\t\t\t<\/div>\n\t\t\t\t\t<\/article>\n\t\t\t\t\t\t\t\t\t<article class=\"blog-item post-1636 post type-post status-publish format-standard has-post-thumbnail hentry category-cau-chuyen-y-khoa tag-bac-si-do-nguyen-tin tag-benh-tim-bam-sinh tag-benh-tim-bam-sinh-tre-em tag-benh-vien-nhi-dong-1-tp-hcm tag-kham-tam-soat-benh-tim-bam-sinh tag-thong-tim-can-thiep\">\n\t\t\t\t\t\t<header class=\"entry-header\">\n\t\t\t\t\t\t\t\t\t\r\n\t\t\t\t\t<a href=\"https:\/\/timbamsinhtphcm.vn\/en\/gay-dung-tinh-than-y-khoa-dan-than\/\" title=\"G\u1ea7y d\u1ef1ng tinh th\u1ea7n y khoa d\u1ea5n th\u00e2n\">\r\n\t\t\t\t\t\t\r\n\t\t\t\t\t\t\t<figure class=\"entry-thumbnail\">\r\n\t\t\t\t\t<img loading=\"lazy\" decoding=\"async\" width=\"300\" height=\"200\" src=\"https:\/\/timbamsinhtphcm.vn\/wp-content\/uploads\/2023\/07\/DP_DoNguyenTin_Thongtim_Nhidong1-4-scaled.jpg\" class=\"attachment-medium size-medium wp-post-image\" alt=\"\" \/> \t\t\t\r\n\t\t\t<\/figure>\r\n\t\t\t\t\t\t\t\t\r\n\t\t\t\t\t<\/a>\r\n\t\t\t\t\r\n\t\t\t\t\t\t\t<\/header>\n\t\t\t\t\t\t\n\t\t\t\t\t\t<div class=\"entry-content\">\n\t\t\t\t\t\t\t<h5>\n\t\t\t\t\t\t\t\t<a href=\"https:\/\/timbamsinhtphcm.vn\/en\/gay-dung-tinh-than-y-khoa-dan-than\/\"  title=\"G\u1ea7y d\u1ef1ng tinh th\u1ea7n y khoa d\u1ea5n th\u00e2n\">G\u1ea7y d\u1ef1ng tinh th\u1ea7n y khoa d\u1ea5n th\u00e2n<\/a>\n\t\t\t\t\t\t\t<\/h5>\n\t\t\t\t\t\t\t<span class=\"date\">09:52 24\/04\/2023<\/span>\t\t\t\t\t\t\t\t\n\t\t\t\t\t\t<\/div>\n\t\t\t\t\t<\/article>\n\t\t\t\t\t\t\t\t\t<article class=\"blog-item post-920 post type-post status-publish format-standard has-post-thumbnail hentry category-cau-chuyen-y-khoa category-tin-tuc tag-bs-nguyen-minh-tri-vien tag-gs-alain-carpentier tag-gs-duong-quang-trung tag-vien-tim-tp-hcm\">\n\t\t\t\t\t\t<header class=\"entry-header\">\n\t\t\t\t\t\t\t\t\t\r\n\t\t\t\t\t<a href=\"https:\/\/timbamsinhtphcm.vn\/en\/nhung-doi-tay-vang-tien-phong-va-loi-trai-tim\/\" title=\"Nh\u1eefng \u0111\u00f4i tay v\u00e0ng ti\u00ean phong &#8216;v\u00e1 l\u1ed7i&#8217; tr\u00e1i tim\">\r\n\t\t\t\t\t\t\r\n\t\t\t\t\t\t\t<figure class=\"entry-thumbnail\">\r\n\t\t\t\t\t<img loading=\"lazy\" decoding=\"async\" width=\"300\" height=\"237\" src=\"https:\/\/timbamsinhtphcm.vn\/wp-content\/uploads\/2023\/04\/Thiet-ke-chua-co-ten-8.jpg\" class=\"attachment-medium size-medium wp-post-image\" alt=\"\" \/> \t\t\t\r\n\t\t\t<\/figure>\r\n\t\t\t\t\t\t\t\t\r\n\t\t\t\t\t<\/a>\r\n\t\t\t\t\r\n\t\t\t\t\t\t\t<\/header>\n\t\t\t\t\t\t\n\t\t\t\t\t\t<div class=\"entry-content\">\n\t\t\t\t\t\t\t<h5>\n\t\t\t\t\t\t\t\t<a href=\"https:\/\/timbamsinhtphcm.vn\/en\/nhung-doi-tay-vang-tien-phong-va-loi-trai-tim\/\"  title=\"Nh\u1eefng \u0111\u00f4i tay v\u00e0ng ti\u00ean phong &#8216;v\u00e1 l\u1ed7i&#8217; tr\u00e1i tim\">Nh\u1eefng \u0111\u00f4i tay v\u00e0ng ti\u00ean phong &#8216;v\u00e1 l\u1ed7i&#8217; tr\u00e1i tim<\/a>\n\t\t\t\t\t\t\t<\/h5>\n\t\t\t\t\t\t\t<span class=\"date\">09:52 23\/04\/2023<\/span>\t\t\t\t\t\t\t\t\n\t\t\t\t\t\t<\/div>\n\t\t\t\t\t<\/article>\n\t\t\t\t\t\t\t<\/div><\/div>\n\t\t<\/div><\/div><\/div><\/div>\n","protected":false},"excerpt":{"rendered":"Kh\u00f4ng ch\u1ec9 d\u1eebng l\u1ea1i \u1edf ph\u01b0\u01a1ng ph\u00e1p m\u1ed5 tim kinh \u0111i\u1ec3n, c\u00e1c b\u00e1c s\u0129 c\u00f2n ti\u1ebfp t\u1ee5c \u1ee9ng d\u1ee5ng c\u00e1c k\u1ef9 thu\u1eadt ti\u00ean ti\u1ebfn nh\u01b0 th\u00f4ng tim can thi\u1ec7p, ph\u1eabu thu\u1eadt tim \u00edt x\u00e2m l\u1ea5n, \u0111em l\u1ea1i \u0111\u01b0\u1eddng m\u1ed5 th\u1ea9m m\u1ef9, h\u1ed3i ph\u1ee5c s\u1edbm cho b\u1ec7nh nhi. Trong l\u0129nh v\u1ef1c y khoa, nh\u1eefng n\u0103m 1980 [...]","protected":false},"author":1,"featured_media":0,"parent":0,"menu_order":0,"comment_status":"closed","ping_status":"closed","template":"","meta":{"footnotes":""},"_links":{"self":[{"href":"https:\/\/timbamsinhtphcm.vn\/en\/wp-json\/wp\/v2\/pages\/35"}],"collection":[{"href":"https:\/\/timbamsinhtphcm.vn\/en\/wp-json\/wp\/v2\/pages"}],"about":[{"href":"https:\/\/timbamsinhtphcm.vn\/en\/wp-json\/wp\/v2\/types\/page"}],"author":[{"embeddable":true,"href":"https:\/\/timbamsinhtphcm.vn\/en\/wp-json\/wp\/v2\/users\/1"}],"replies":[{"embeddable":true,"href":"https:\/\/timbamsinhtphcm.vn\/en\/wp-json\/wp\/v2\/comments?post=35"}],"version-history":[{"count":1,"href":"https:\/\/timbamsinhtphcm.vn\/en\/wp-json\/wp\/v2\/pages\/35\/revisions"}],"predecessor-version":[{"id":750,"href":"https:\/\/timbamsinhtphcm.vn\/en\/wp-json\/wp\/v2\/pages\/35\/revisions\/750"}],"wp:attachment":[{"href":"https:\/\/timbamsinhtphcm.vn\/en\/wp-json\/wp\/v2\/media?parent=35"}],"curies":[{"name":"wp","href":"https:\/\/api.w.org\/{rel}","templated":true}]}}