{"id":39,"date":"2022-10-18T15:14:51","date_gmt":"2022-10-18T08:14:51","guid":{"rendered":"http:\/\/demo.giraf.vn\/?page_id=39"},"modified":"2023-05-09T09:49:50","modified_gmt":"2023-05-09T02:49:50","slug":"tin-tuc-truyen-thong","status":"publish","type":"page","link":"https:\/\/timbamsinhtphcm.vn\/en\/tin-tuc-truyen-thong\/","title":{"rendered":"News - Media"},"content":{"rendered":"<div class=\"vc_row wpb_row vc_row-fluid\"><div class=\"wpb_column vc_column_container vc_col-sm-12\"><div class=\"vc_column-inner\"><div class=\"wpb_wrapper\">\t\t\t\n\t\t\t<div id=\"ztheme_post_998251502\" class=\"post-area paging-normal ca-post-list\">\t\t\n\t\t\t\t\t\t\t\n\t\t\t\t\t<div class=\"posts-container\">\n\t\t\t\t\t\t\n\t\t\t\t\t\t\t\t\t\t\t\t\n\n\t\t\t\t\t\t\n\t\t\t\t\t\t\t<article id=\"post-1762\" class=\"post item post-1762 type-post status-publish format-standard has-post-thumbnail hentry category-tin-tuc tag-hoi-tim-mach-nhi-va-tim-bam-sinh-tp-hcm tag-kham-tam-soat-benh-tim-bam-sinh tag-quang-ngai\">\n\t\t\t\t\t\t\t\t<div class=\"item\">\n\n\t\t\t\t\t\t\t\t\t<header class=\"entry-header\">\n\t\t\t\t\t\t\t\t\t\t<div class=\"post-default post-format\">\n\t\t\t\t\t\t\t\t\t\t    \t\t\r\n\t\t\t\t\t<a href=\"https:\/\/timbamsinhtphcm.vn\/en\/tam-long-y-duc-ve-voi-nguoi-ngheo-quang-ngai\/\" title=\"Upholding Medical Ethics and Compassionate Care for Quang Ngai\u2019s Families in Need\">\r\n\t\t\t\t\t\t\r\n\t\t\t\t\t\t\t<figure class=\"entry-thumbnail\">\r\n\t\t\t\t\t<img loading=\"lazy\" decoding=\"async\" width=\"300\" height=\"225\" src=\"https:\/\/timbamsinhtphcm.vn\/wp-content\/uploads\/2023\/08\/cho-kham-1.jpg\" class=\"attachment-medium size-medium wp-post-image\" alt=\"\" \/> \t\t\t\r\n\t\t\t<\/figure>\r\n\t\t\t\t\t\t\t\t\r\n\t\t\t\t\t<\/a>\r\n\t\t\t\t\r\n\t                                            \t\t\t\t\t\t\t\t\t\t<\/div>\n\t\t\t\t\t\t\t\t\t<\/header>\n\n\t\t\t\t\t\t\t\t\t<div class=\"entry-content\">\n\t\t\t\t\t\t\t\t\t\t<h3 class=\"title\">\n\t\t\t\t\t\t\t\t\t\t\t<a href=\"https:\/\/timbamsinhtphcm.vn\/en\/tam-long-y-duc-ve-voi-nguoi-ngheo-quang-ngai\/\" rel=\"bookmark\">Upholding Medical Ethics and Compassionate Care for Quang Ngai\u2019s Families in Need<\/a>\n\t\t\t\t\t\t\t\t\t\t<\/h3>\n\n\t\t\t\t\t\t\t\t\t\t<div class=\"excerpt\">\n\t\t\t\t\t\t\t\t\t\t\t\t\t\t<div class=\"item-excerpt\">\r\n\t\t\t\tTrong hai ng\u00e0y 12 - 13.8.2023, \u0111o\u00e0n y, b\u00e1c s\u0129 thi\u1ec7n nguy\u1ec7n TP.HCM v\u00e0 Ph\u00f2ng kh\u00e1m \u0111a khoa Vi\u1ec7t M\u1ef9 (Qu\u1ea3ng Ng\u00e3i) \u0111\u00e3 kh\u00e1m b\u1ec7nh,...\t\t\t<\/div>\r\n\t\t\t\t\t\t\t\t\t\t\t\t<\/div>\n                                        \n                                        <span class=\"date\">20:21 14\/08\/2023<\/span>\t\n\t\t\t\t\t\t\t\t\t<\/div>\n\n\t\t\t\t\t\t\t\t<\/div>\n\t\t\t\t\t\t\t<\/article>\n\n\t\t\t\t\t\t\n\t\t\t\t\t\t\t<article id=\"post-1651\" class=\"post item post-1651 type-post status-publish format-standard has-post-thumbnail hentry category-tin-tuc tag-benh-tim-bam-sinh tag-benh-tim-bam-sinh-tre-em tag-benh-vien-nhi-dong-1-tp-hcm\">\n\t\t\t\t\t\t\t\t<div class=\"item\">\n\n\t\t\t\t\t\t\t\t\t<header class=\"entry-header\">\n\t\t\t\t\t\t\t\t\t\t<div class=\"post-default post-format\">\n\t\t\t\t\t\t\t\t\t\t    \t\t\r\n\t\t\t\t\t<a href=\"https:\/\/timbamsinhtphcm.vn\/en\/childrens-heartlink-cong-nhan-trung-tam-tim-mach-xuat-sac-ve-nhi-dau-tien-cua-viet-nam\/\" title=\"Children\u2019s HeartLink Recognizes Vietnam\u2019s First Pediatric Cardiology Center of Excellence\">\r\n\t\t\t\t\t\t\r\n\t\t\t\t\t\t\t<figure class=\"entry-thumbnail\">\r\n\t\t\t\t\t<img loading=\"lazy\" decoding=\"async\" width=\"300\" height=\"211\" src=\"https:\/\/timbamsinhtphcm.vn\/wp-content\/uploads\/2023\/07\/TT.jpg\" class=\"attachment-medium size-medium wp-post-image\" alt=\"\" \/> \t\t\t\r\n\t\t\t<\/figure>\r\n\t\t\t\t\t\t\t\t\r\n\t\t\t\t\t<\/a>\r\n\t\t\t\t\r\n\t                                            \t\t\t\t\t\t\t\t\t\t<\/div>\n\t\t\t\t\t\t\t\t\t<\/header>\n\n\t\t\t\t\t\t\t\t\t<div class=\"entry-content\">\n\t\t\t\t\t\t\t\t\t\t<h3 class=\"title\">\n\t\t\t\t\t\t\t\t\t\t\t<a href=\"https:\/\/timbamsinhtphcm.vn\/en\/childrens-heartlink-cong-nhan-trung-tam-tim-mach-xuat-sac-ve-nhi-dau-tien-cua-viet-nam\/\" rel=\"bookmark\">Vietnam\u2019s First Pediatric Cardiac Center of Excellence Certified by Children\u2019s HeartLink<\/a>\n\t\t\t\t\t\t\t\t\t\t<\/h3>\n\n\t\t\t\t\t\t\t\t\t\t<div class=\"excerpt\">\n\t\t\t\t\t\t\t\t\t\t\t\t\t\t<div class=\"item-excerpt\">\r\n\t\t\t\tNg\u00e0y 18.7, Trung t\u00e2m tim m\u1ea1ch c\u1ee7a B\u1ec7nh vi\u1ec7n Nhi \u0110\u1ed3ng 1 TP.HCM (g\u1ed3m c\u00e1c khoa Tim m\u1ea1ch, \u0110\u01a1n v\u1ecb th\u00f4ng tim can thi\u1ec7p, Ph\u1eabu...\t\t\t<\/div>\r\n\t\t\t\t\t\t\t\t\t\t\t\t<\/div>\n                                        \n                                        <span class=\"date\">10:22 19\/07\/2023<\/span>\t\n\t\t\t\t\t\t\t\t\t<\/div>\n\n\t\t\t\t\t\t\t\t<\/div>\n\t\t\t\t\t\t\t<\/article>\n\n\t\t\t\t\t\t\n\t\t\t\t\t\t\t<article id=\"post-1644\" class=\"post item post-1644 type-post status-publish format-standard has-post-thumbnail hentry category-tin-tuc tag-bac-si-do-nguyen-tin tag-benh-tim-bam-sinh tag-benh-tim-bam-sinh-tre-em tag-dak-nong tag-hoi-tim-mach-nhi-va-tim-bam-sinh-tp-hcm tag-kham-tam-soat-benh-tim-bam-sinh\">\n\t\t\t\t\t\t\t\t<div class=\"item\">\n\n\t\t\t\t\t\t\t\t\t<header class=\"entry-header\">\n\t\t\t\t\t\t\t\t\t\t<div class=\"post-default post-format\">\n\t\t\t\t\t\t\t\t\t\t    \t\t\r\n\t\t\t\t\t<a href=\"https:\/\/timbamsinhtphcm.vn\/en\/hon-2000-tre-em-o-dak-glong-va-tuy-duc-duoc-kham-tam-soat-dieu-tri-benh-tim-bam-sinh-mien-phi\/\" title=\"Free Congenital Heart Disease Screening and Treatment Initiative for 2,000+ Children in Dak Glong and Tuy Duc\">\r\n\t\t\t\t\t\t\r\n\t\t\t\t\t\t\t<figure class=\"entry-thumbnail\">\r\n\t\t\t\t\t<img loading=\"lazy\" decoding=\"async\" width=\"300\" height=\"200\" src=\"https:\/\/timbamsinhtphcm.vn\/wp-content\/uploads\/2023\/07\/bs-Thuan-Dak-Nong.jpg\" class=\"attachment-medium size-medium wp-post-image\" alt=\"\" \/> \t\t\t\r\n\t\t\t<\/figure>\r\n\t\t\t\t\t\t\t\t\r\n\t\t\t\t\t<\/a>\r\n\t\t\t\t\r\n\t                                            \t\t\t\t\t\t\t\t\t\t<\/div>\n\t\t\t\t\t\t\t\t\t<\/header>\n\n\t\t\t\t\t\t\t\t\t<div class=\"entry-content\">\n\t\t\t\t\t\t\t\t\t\t<h3 class=\"title\">\n\t\t\t\t\t\t\t\t\t\t\t<a href=\"https:\/\/timbamsinhtphcm.vn\/en\/hon-2000-tre-em-o-dak-glong-va-tuy-duc-duoc-kham-tam-soat-dieu-tri-benh-tim-bam-sinh-mien-phi\/\" rel=\"bookmark\">Free Congenital Heart Disease Screening and Treatment Initiative for 2,000+ Children in Dak Glong and Tuy Duc<\/a>\n\t\t\t\t\t\t\t\t\t\t<\/h3>\n\n\t\t\t\t\t\t\t\t\t\t<div class=\"excerpt\">\n\t\t\t\t\t\t\t\t\t\t\t\t\t\t<div class=\"item-excerpt\">\r\n\t\t\t\t\u0110\u1ebfn v\u1edbi \u0110\u1eafk N\u00f4ng l\u1ea7n n\u00e0y, ch\u01b0\u01a1ng tr\u00ecnh nh\u1eb1m gi\u00fap tr\u1ebb em v\u00f9ng s\u00e2u, v\u00f9ng xa, v\u00f9ng \u0111\u1ed3ng b\u00e0o d\u00e2n t\u1ed9c thi\u1ec3u s\u1ed1 c\u00f3 \u0111i\u1ec1u...\t\t\t<\/div>\r\n\t\t\t\t\t\t\t\t\t\t\t\t<\/div>\n                                        \n                                        <span class=\"date\">20:00 09\/07\/2023<\/span>\t\n\t\t\t\t\t\t\t\t\t<\/div>\n\n\t\t\t\t\t\t\t\t<\/div>\n\t\t\t\t\t\t\t<\/article>\n\n\t\t\t\t\t\t\n\t\t\t\t\t\t\t<article id=\"post-1539\" class=\"post item post-1539 type-post status-publish format-standard has-post-thumbnail hentry category-tin-tuc\">\n\t\t\t\t\t\t\t\t<div class=\"item\">\n\n\t\t\t\t\t\t\t\t\t<header class=\"entry-header\">\n\t\t\t\t\t\t\t\t\t\t<div class=\"post-default post-format\">\n\t\t\t\t\t\t\t\t\t\t    \t\t\r\n\t\t\t\t\t<a href=\"https:\/\/timbamsinhtphcm.vn\/en\/tp-hcm-trien-khai-thanh-cong-ky-thuat-thay-van-dong-mach-phoi-qua-da\/\" title=\"Ho Chi Minh City Successfully Performs Transcatheter Pulmonary Valve Replacement\">\r\n\t\t\t\t\t\t\r\n\t\t\t\t\t\t\t<figure class=\"entry-thumbnail\">\r\n\t\t\t\t\t<img loading=\"lazy\" decoding=\"async\" width=\"300\" height=\"200\" src=\"https:\/\/timbamsinhtphcm.vn\/wp-content\/uploads\/2023\/06\/anh-dai-dien-thay-van-DMP.jpg\" class=\"attachment-medium size-medium wp-post-image\" alt=\"\" \/> \t\t\t\r\n\t\t\t<\/figure>\r\n\t\t\t\t\t\t\t\t\r\n\t\t\t\t\t<\/a>\r\n\t\t\t\t\r\n\t                                            \t\t\t\t\t\t\t\t\t\t<\/div>\n\t\t\t\t\t\t\t\t\t<\/header>\n\n\t\t\t\t\t\t\t\t\t<div class=\"entry-content\">\n\t\t\t\t\t\t\t\t\t\t<h3 class=\"title\">\n\t\t\t\t\t\t\t\t\t\t\t<a href=\"https:\/\/timbamsinhtphcm.vn\/en\/tp-hcm-trien-khai-thanh-cong-ky-thuat-thay-van-dong-mach-phoi-qua-da\/\" rel=\"bookmark\">Ho Chi Minh City Successfully Performs Transcatheter Pulmonary Valve Replacement<\/a>\n\t\t\t\t\t\t\t\t\t\t<\/h3>\n\n\t\t\t\t\t\t\t\t\t\t<div class=\"excerpt\">\n\t\t\t\t\t\t\t\t\t\t\t\t\t\t<div class=\"item-excerpt\">\r\n\t\t\t\tB\u1ec7nh vi\u1ec7n \u0110\u1ea1i h\u1ecdc Y D\u01b0\u1ee3c TP.HCM \u0111\u00e3 th\u1ef1c hi\u1ec7n th\u00e0nh c\u00f4ng  5 ca  thay van \u0111\u1ed9ng m\u1ea1ch ch\u1ee7 qua da v\u00e0 ti\u1ebfn...\t\t\t<\/div>\r\n\t\t\t\t\t\t\t\t\t\t\t\t<\/div>\n                                        \n                                        <span class=\"date\">14:39 05\/06\/2023<\/span>\t\n\t\t\t\t\t\t\t\t\t<\/div>\n\n\t\t\t\t\t\t\t\t<\/div>\n\t\t\t\t\t\t\t<\/article>\n\n\t\t\t\t\t\t\n\t\t\t\t\t\t\t<article id=\"post-1009\" class=\"post item post-1009 type-post status-publish format-standard has-post-thumbnail hentry category-cong-dong category-tin-tuc tag-bac-si-do-nguyen-tin tag-benh-vien-nhi-dong-1-tp-hcm tag-benh-vien-nhi-dong-can-tho tag-thong-tim-can-thiep tag-tim-bam-sinh\">\n\t\t\t\t\t\t\t\t<div class=\"item\">\n\n\t\t\t\t\t\t\t\t\t<header class=\"entry-header\">\n\t\t\t\t\t\t\t\t\t\t<div class=\"post-default post-format\">\n\t\t\t\t\t\t\t\t\t\t    \t\t\r\n\t\t\t\t\t<a href=\"https:\/\/timbamsinhtphcm.vn\/en\/can-tho-trien-khai-thong-tim-can-thiep-dieu-tri-benh-tim-bam-sinh-o-tre\/\" title=\"Can Tho: Launching Pediatric Cardiac Catheterization for Congenital Heart Disease\">\r\n\t\t\t\t\t\t\r\n\t\t\t\t\t\t\t<figure class=\"entry-thumbnail\">\r\n\t\t\t\t\t<img loading=\"lazy\" decoding=\"async\" width=\"300\" height=\"237\" src=\"https:\/\/timbamsinhtphcm.vn\/wp-content\/uploads\/2023\/04\/Thiet-ke-chua-co-ten-3-1.jpg\" class=\"attachment-medium size-medium wp-post-image\" alt=\"\" \/> \t\t\t\r\n\t\t\t<\/figure>\r\n\t\t\t\t\t\t\t\t\r\n\t\t\t\t\t<\/a>\r\n\t\t\t\t\r\n\t                                            \t\t\t\t\t\t\t\t\t\t<\/div>\n\t\t\t\t\t\t\t\t\t<\/header>\n\n\t\t\t\t\t\t\t\t\t<div class=\"entry-content\">\n\t\t\t\t\t\t\t\t\t\t<h3 class=\"title\">\n\t\t\t\t\t\t\t\t\t\t\t<a href=\"https:\/\/timbamsinhtphcm.vn\/en\/can-tho-trien-khai-thong-tim-can-thiep-dieu-tri-benh-tim-bam-sinh-o-tre\/\" rel=\"bookmark\">Can Tho: Launching Pediatric Cardiac Catheterization for Congenital Heart Disease<\/a>\n\t\t\t\t\t\t\t\t\t\t<\/h3>\n\n\t\t\t\t\t\t\t\t\t\t<div class=\"excerpt\">\n\t\t\t\t\t\t\t\t\t\t\t\t\t\t<div class=\"item-excerpt\">\r\n\t\t\t\tC\u00e1c b\u00e1c s\u0129 c\u1ee7a B\u1ec7nh vi\u1ec7n Nhi \u0111\u1ed3ng TP C\u1ea7n Th\u01a1 v\u00e0 B\u1ec7nh vi\u1ec7n Nhi \u0111\u1ed3ng 1 TP&gt;HCM \u0111\u00e3 ph\u1ed1i h\u1ee3p th\u00f4ng tim can thi\u1ec7p,...\t\t\t<\/div>\r\n\t\t\t\t\t\t\t\t\t\t\t\t<\/div>\n                                        \n                                        <span class=\"date\">08:48 25\/04\/2023<\/span>\t\n\t\t\t\t\t\t\t\t\t<\/div>\n\n\t\t\t\t\t\t\t\t<\/div>\n\t\t\t\t\t\t\t<\/article>\n\n\t\t\t\t\t\t\n\t\t\t\t\t\t\t\t\t\t\t<\/div>\n\n\t\t\t\t<div class=\"clear\"><\/div>\n\t\t\t\t\t\t\t\t\t\t\t\t\t\t\t<div class=\"end_content\">\n\t\t\t\t\t\t\t\t\t\t\t\t\t\t\t<div class=\"page_navi\">\n\t\t\t\t\t\t\t\t\t<div class=\"nav-content\"><div class=\"ztheme-pagination\"><ul><li><span aria-current=\"page\" class=\"page-numbers current\">1<\/span><\/li><li><a class=\"page-numbers\" href=\"https:\/\/timbamsinhtphcm.vn\/en\/wp-json\/wp\/v2\/pages\/39\/page\/2\/\">2<\/a><\/li><li><a class=\"page-numbers\" href=\"https:\/\/timbamsinhtphcm.vn\/en\/wp-json\/wp\/v2\/pages\/39\/page\/3\/\">3<\/a><\/li><li><a class=\"next page-numbers\" href=\"https:\/\/timbamsinhtphcm.vn\/en\/wp-json\/wp\/v2\/pages\/39\/page\/2\/\"><\/a><\/li><\/ul><\/div><\/div>\n\t\t\t\t\t\t\t\t<\/div>\n\t\t\t\t\t\t\t\t\t\t\t\t\t<\/div>\n\t\t\t\t\t\t\t\t\t\n\t\t\t\t\t<\/div>\n<\/div><\/div><\/div><\/div>","protected":false},"excerpt":{"rendered":"V\u1eeba qua, B\u1ec7nh vi\u1ec7n Nhi \u0111\u1ed3ng (BVN\u0110) TP C\u1ea7n Th\u01a1 ti\u1ebfp t\u1ee5c th\u1ef1c hi\u1ec7n th\u00f4ng tim can thi\u1ec7p, \u0111i\u1ec1u tr\u1ecb b\u1ec7nh tim b\u1ea9m sinh cho 5 tr\u1ebb. \u0110\u00e2y l\u00e0 tin vui cho b\u1ec7nh nhi \u1edf khu v\u1ef1c \u0110BSCL kh\u00f4ng may m\u1eafc b\u1ec7nh tim. Th\u1ea7y thu\u1ed1c theo d\u00f5i s\u00e1t tr\u1ebb sau ca th\u00f4ng tim (\u1ea3nh: B\u00e1o [...]","protected":false},"author":1,"featured_media":0,"parent":0,"menu_order":0,"comment_status":"closed","ping_status":"closed","template":"","meta":{"footnotes":""},"_links":{"self":[{"href":"https:\/\/timbamsinhtphcm.vn\/en\/wp-json\/wp\/v2\/pages\/39"}],"collection":[{"href":"https:\/\/timbamsinhtphcm.vn\/en\/wp-json\/wp\/v2\/pages"}],"about":[{"href":"https:\/\/timbamsinhtphcm.vn\/en\/wp-json\/wp\/v2\/types\/page"}],"author":[{"embeddable":true,"href":"https:\/\/timbamsinhtphcm.vn\/en\/wp-json\/wp\/v2\/users\/1"}],"replies":[{"embeddable":true,"href":"https:\/\/timbamsinhtphcm.vn\/en\/wp-json\/wp\/v2\/comments?post=39"}],"version-history":[{"count":3,"href":"https:\/\/timbamsinhtphcm.vn\/en\/wp-json\/wp\/v2\/pages\/39\/revisions"}],"predecessor-version":[{"id":972,"href":"https:\/\/timbamsinhtphcm.vn\/en\/wp-json\/wp\/v2\/pages\/39\/revisions\/972"}],"wp:attachment":[{"href":"https:\/\/timbamsinhtphcm.vn\/en\/wp-json\/wp\/v2\/media?parent=39"}],"curies":[{"name":"wp","href":"https:\/\/api.w.org\/{rel}","templated":true}]}}